{"id":1613,"date":"2015-02-03T14:49:09","date_gmt":"2015-02-03T14:49:09","guid":{"rendered":"https:\/\/www.dayemedikal.com\/?page_id=1613"},"modified":"2021-05-28T16:18:55","modified_gmt":"2021-05-28T13:18:55","slug":"iletisim","status":"publish","type":"page","link":"https:\/\/www.dayemedikal.com\/en\/iletisim\/","title":{"rendered":"Contact Us"},"content":{"rendered":"<section class=\"wpb-content-wrapper\"><div  class=\"vc_row wpb_row vc_row-fluid vc_custom_1597046980214 vc_column-gap-default ts-row-wide\"  ><div class=\"wpb_column vc_column_container vc_col-sm-12 vc_col-lg-4 vc_col-md-4 vc_custom_1620583871861\">\n\t<div class=\"wpb_wrapper\">\n\t\n\t<div class=\"wpb_text_column wpb_content_element  vc_custom_1620586557156\" >\n\t\t<div class=\"wpb_wrapper\">\n\t\t\t<h5>Office Number:<\/h5>\n<p><img loading=\"lazy\" decoding=\"async\" class=\"size-full alignnone\" style=\"margin-top: 12px;\" src=\"https:\/\/www.dayemedikal.com\/wp-content\/uploads\/phone-icon.png\" alt=\"telefon\" width=\"20\" height=\"20\" \/> <a class=\"button button-light\" href=\"tel: 902324890189\">0(232) 489 01 89<\/a><\/p>\n<h5>7\/24 Contact:<\/h5>\n<p><img loading=\"lazy\" decoding=\"async\" class=\"size-full alignnone\" style=\"margin-top: 12px;\" src=\"https:\/\/www.dayemedikal.com\/wp-content\/uploads\/phone-icon.png\" alt=\"telefon\" width=\"20\" height=\"20\" \/> <a class=\"button button-light\" href=\"tel: 905337736828\">0(533) 773 68 28<\/a><\/p>\n<h5>E-mail:<\/h5>\n<p><img loading=\"lazy\" decoding=\"async\" class=\"size-full alignnone\" style=\"margin-top: 12px;\" src=\"https:\/\/www.dayemedikal.com\/wp-content\/uploads\/mail.png\" alt=\"telefon\" width=\"17\" height=\"16\" \/><a class=\"button button-light\" href=\"mailto:info@dayemedikal.com\">info@dayemedikal.com<\/a><\/p>\n\n\t\t<\/div>\n\t<\/div>\n<div class=\"vc_separator wpb_content_element vc_separator_align_center vc_sep_width_90 vc_sep_pos_align_left vc_separator_no_text\" ><span class=\"vc_sep_holder vc_sep_holder_l\"><span style=\"border-color:#e7eaf1;\" class=\"vc_sep_line\"><\/span><\/span><span class=\"vc_sep_holder vc_sep_holder_r\"><span style=\"border-color:#e7eaf1;\" class=\"vc_sep_line\"><\/span><\/span>\n<\/div><div class=\"vc_row wpb_row vc_inner vc_row-fluid vc_column-gap-default\"><div class=\"wpb_column vc_column_container vc_col-sm-12 vc_hidden-md vc_hidden-sm vc_hidden-xs\"><div class=\"vc_column-inner\"><div class=\"wpb_wrapper\"><div class=\"vc_empty_space\"   style=\"height: 15px\"><span class=\"vc_empty_space_inner\"><\/span><\/div>\n\t<div class=\"wpb_text_column wpb_content_element  vc_custom_1620750513582\" >\n\t\t<div class=\"wpb_wrapper\">\n\t\t\t<h5>Address:<\/h5>\n<p>Fevzi Pa\u015fa Mahallesi 846 Sokak No: 55\/A Birinci Beyler<br \/>\nKonak \/ \u0130ZM\u0130R<\/p>\n<div><img loading=\"lazy\" decoding=\"async\" class=\"size-full alignnone\" style=\"margin-top: 12px;\" src=\"https:\/\/www.dayemedikal.com\/wp-content\/uploads\/harita.png\" alt=\"harita\" width=\"20\" height=\"20\" \/><a class=\"button button-light\" href=\"https:\/\/www.google.com\/maps\/place\/Da+Ye+Medikal\/@38.4163117,27.1276105,17z\/data=!3m1!4b1!4m5!3m4!1s0x14bbd8e10f35b1ad:0xf3f8d3b792e6ba93!8m2!3d38.4163075!4d27.1297992\" target=\"_blank\" rel=\"noopener\">Get Directions \u279e<\/a><\/div>\n\n\t\t<\/div>\n\t<\/div>\n<div class=\"vc_empty_space\"   style=\"height: 15px\"><span class=\"vc_empty_space_inner\"><\/span><\/div><\/div><\/div><\/div><\/div><div class=\"vc_separator wpb_content_element vc_separator_align_center vc_sep_width_90 vc_sep_pos_align_left vc_separator_no_text\" ><span class=\"vc_sep_holder vc_sep_holder_l\"><span style=\"border-color:#e7eaf1;\" class=\"vc_sep_line\"><\/span><\/span><span class=\"vc_sep_holder vc_sep_holder_r\"><span style=\"border-color:#e7eaf1;\" class=\"vc_sep_line\"><\/span><\/span>\n<\/div><div class=\"vc_row wpb_row vc_inner vc_row-fluid vc_column-gap-default\"><div class=\"wpb_column vc_column_container vc_col-sm-12 vc_hidden-md vc_hidden-sm vc_hidden-xs\"><div class=\"vc_column-inner\"><div class=\"wpb_wrapper\"><div class=\"vc_empty_space\"   style=\"height: 15px\"><span class=\"vc_empty_space_inner\"><\/span><\/div><\/div><\/div><\/div><\/div><div class=\"vc_empty_space\"   style=\"height: 25px\"><span class=\"vc_empty_space_inner\"><\/span><\/div><section class=\"widget-container  ts-social-icons\"><h3 class=\"widget-title heading-title hidden\">Social Icons<\/h3>\t\t\t\n\t\t\t<div class=\"social-icons show-tooltip columns-5\">\n\t\t\t\t<ul class=\"list-icons\">\n\t\t\t\t\t\t\t\t\t\t\t<li class=\"facebook\"><a href=\"https:\/\/www.facebook.com\/daye.medikal\/\" target=\"_blank\" title=\"\" ><i class=\"fab fa-facebook-f\"><\/i><span class=\"ts-tooltip social-tooltip\">Facebook<\/span><\/a><\/li>\t\t\t\t\n\t\t\t\t\t\t\t\t\t\t\t\t\t\t\t\t<li class=\"instagram\"><a href=\"https:\/\/www.instagram.com\/dayemedikal\/\" target=\"_blank\" title=\"\" ><i class=\"fab fa-instagram\"><\/i><span class=\"ts-tooltip social-tooltip\">Instagram<\/span><\/a><\/li>\n\t\t\t\t\t\t\t\t\t\t\t\t\t\t\t\t<li class=\"youtube\"><a href=\"#\" target=\"_blank\" title=\"\" ><i class=\"fab fa-youtube\"><\/i><span class=\"ts-tooltip social-tooltip\">Youtube<\/span><\/a><\/li>\n\t\t\t\t\t\t\t\t\t\t\t\t\t\t\t\t<li class=\"pinterest\"><a href=\"#\" target=\"_blank\" title=\"\" ><i class=\"fab fa-pinterest-p\"><\/i><span class=\"ts-tooltip social-tooltip\">Pinterest<\/span><\/a><\/li>\n\t\t\t\t\t\t\t\t\t\t\t\t\t\t\t\t<li class=\"linkedin\"><a href=\"#\" target=\"_blank\" title=\"\" ><i class=\"fab fa-linkedin-in\"><\/i><span class=\"ts-tooltip social-tooltip\">LinkedIn<\/span><\/a><\/li>\n\t\t\t\t\t\t\t\t\t\t\t\t\t\t\t\t\t\t\t\t\t\t\t\t\t\n\t\t\t\t\t\t\t\t\t\t\t\t\t\t\t\t\t\t\t<\/ul>\n\t\t\t<\/div>\n\n\t\t\t<\/section>\t<\/div>\n<\/div><div class=\"wpb_column vc_column_container vc_col-sm-12 vc_col-lg-8 vc_col-md-8\">\n\t<div class=\"wpb_wrapper\">\n\t\n\t<div class=\"wpb_raw_code wpb_content_element wpb_raw_html google-map-container\" >\n\t\t<div class=\"wpb_wrapper\">\n\t\t\t<iframe loading=\"lazy\" src=\"https:\/\/www.google.com\/maps\/embed?pb=!1m18!1m12!1m3!1d3126.088842723728!2d27.127610515682505!3d38.4163116827617!2m3!1f0!2f0!3f0!3m2!1i1024!2i768!4f13.1!3m3!1m2!1s0x14bbd8e10f35b1ad%3A0xf3f8d3b792e6ba93!2sDa%20Ye%20Medikal!5e0!3m2!1str!2str!4v1576605721522!5m2!1str!2str\" width=\"100%\" height=\"604\" frameborder=\"0\" style=\"border:0;\" allowfullscreen=\"\"><\/iframe>\n\t\t<\/div>\n\t<\/div>\n\t<\/div>\n<\/div><\/div>\t<div  class=\"vc_row wpb_row vc_row-fluid vc_column-gap-default ts-row-wide\"  ><div class=\"wpb_column vc_column_container vc_col-sm-12 vc_hidden-md vc_hidden-sm vc_hidden-xs\">\n\t<div class=\"wpb_wrapper\">\n\t<div class=\"vc_empty_space\"   style=\"height: 30px\"><span class=\"vc_empty_space_inner\"><\/span><\/div>\t<\/div>\n<\/div><\/div>\t<div  class=\"vc_row wpb_row vc_row-fluid vc_custom_1597047084558 vc_column-gap-default ts-row-wide\"  ><div class=\"wpb_column vc_column_container vc_col-sm-12\">\n\t<div class=\"wpb_wrapper\">\n\t<h2 style=\"text-align: left\" class=\"vc_custom_heading vc_custom_1620691634456\" >You can send us all your questions and requests with the contact form.<\/h2>\n<div class=\"wpcf7 no-js\" id=\"wpcf7-f12-o1\" lang=\"tr-TR\" dir=\"ltr\" data-wpcf7-id=\"12\">\n<div class=\"screen-reader-response\"><p role=\"status\" aria-live=\"polite\" aria-atomic=\"true\"><\/p> <ul><\/ul><\/div>\n<form action=\"\/wp-json\/wp\/v2\/pages\/1613\" method=\"post\" class=\"wpcf7-form init\" aria-label=\"\u0130leti\u015fim Formu\" novalidate=\"novalidate\" data-status=\"init\" data-trp-original-action=\"\/en\/wp-json\/wp\/v2\/pages\/1613#wpcf7-f12-o1\">\n<div style=\"display: none;\">\n<input type=\"hidden\" name=\"_wpcf7\" value=\"12\" \/>\n<input type=\"hidden\" name=\"_wpcf7_version\" value=\"6.0\" \/>\n<input type=\"hidden\" name=\"_wpcf7_locale\" value=\"tr_TR\" \/>\n<input type=\"hidden\" name=\"_wpcf7_unit_tag\" value=\"wpcf7-f12-o1\" \/>\n<input type=\"hidden\" name=\"_wpcf7_container_post\" value=\"0\" \/>\n<input type=\"hidden\" name=\"_wpcf7_posted_data_hash\" value=\"\" \/>\n<\/div>\n<div class=\"contact-form\">\n\t<div class=\"info-wrapper\">\n\t\t<p><span class=\"wpcf7-form-control-wrap\" data-name=\"text-8\"><input size=\"40\" maxlength=\"400\" class=\"wpcf7-form-control wpcf7-text wpcf7-validates-as-required\" aria-required=\"true\" aria-invalid=\"false\" placeholder=\"Your Name and Surname\" value=\"\" type=\"text\" name=\"text-8\" \/><\/span>\n\t\t<\/p>\n\t\t<p><span class=\"wpcf7-form-control-wrap\" data-name=\"email-294\"><input size=\"40\" maxlength=\"400\" class=\"wpcf7-form-control wpcf7-email wpcf7-validates-as-required wpcf7-text wpcf7-validates-as-email\" aria-required=\"true\" aria-invalid=\"false\" placeholder=\"Your E-mail address\" value=\"\" type=\"email\" name=\"email-294\" \/><\/span>\n\t\t<\/p>\n\t\t<p><span class=\"wpcf7-form-control-wrap\" data-name=\"tel\"><input size=\"40\" maxlength=\"400\" class=\"wpcf7-form-control wpcf7-text wpcf7-validates-as-required\" aria-required=\"true\" aria-invalid=\"false\" placeholder=\"Your Phone Number\" value=\"\" type=\"text\" name=\"tel\" \/><\/span>\n\t\t<\/p>\n\t<\/div>\n\t<p><span class=\"wpcf7-form-control-wrap\" data-name=\"textarea-929\"><textarea cols=\"40\" rows=\"10\" maxlength=\"2000\" class=\"wpcf7-form-control wpcf7-textarea wpcf7-validates-as-required\" aria-required=\"true\" aria-invalid=\"false\" placeholder=\"Your Message\" name=\"textarea-929\"><\/textarea><\/span>\n\t<\/p>\n\t<p><span class=\"wpcf7-form-control-wrap\" data-name=\"acceptance-927\"><span class=\"wpcf7-form-control wpcf7-acceptance\"><span class=\"wpcf7-list-item\"><label><input type=\"checkbox\" name=\"acceptance-927\" value=\"1\" aria-invalid=\"false\" \/><span class=\"wpcf7-list-item-label\"><a href=\"https:\/\/www.dayemedikal.com\/en\/kullanici-ve-gizlilik-sozlesmesi\/\" target=\"_blank\">User and Confidentiality Agreement (GDPR)<\/a> i confirm that the information I send via the form above can be processed and this information is used to contact me.<\/span><\/label><\/span><\/span><\/span>\n\t<\/p>\n\t<p class=\"clearfix\"><input class=\"wpcf7-form-control wpcf7-submit has-spinner button-primary\" type=\"submit\" value=\"Send\" \/>\n\t<\/p>\n<\/div><div class=\"wpcf7-response-output\" aria-hidden=\"true\"><\/div>\n<input type=\"hidden\" name=\"trp-form-language\" value=\"en\"\/><\/form>\n<\/div>\n\t<\/div>\n<\/div><\/div>\t<div  class=\"vc_row wpb_row vc_row-fluid vc_column-gap-default ts-row-wide\"  ><div class=\"wpb_column vc_column_container vc_col-sm-12 vc_hidden-md vc_hidden-sm vc_hidden-xs\">\n\t<div class=\"wpb_wrapper\">\n\t<div class=\"vc_empty_space\"   style=\"height: 30px\"><span class=\"vc_empty_space_inner\"><\/span><\/div>\t<\/div>\n<\/div><\/div>\n<\/section>","protected":false},"excerpt":{"rendered":"Ofis \u0130leti\u015fim: 0(232) 489 01 89 7\/24 \u0130leti\u015fim: 0(533) 773 68 28 E-posta: info@dayemedikal.com Adres: Fevzi Pa\u015fa Mahallesi 846 Sokak No: 55\/A Birinci Beyler Konak \/ \u0130ZM\u0130R Yol Tarifi Al \u279e Social Icons Facebook Instagram Youtube Pinterest LinkedIn T\u00fcm soru ve taleplerinizi ileti\u015fim formu ile bize iletebilirsiniz Kullan\u0131c\u0131 ve Gizlilik S\u00f6zle\u015fmesi (KVKK) kapsam\u0131nda yukar\u0131daki form [...]","protected":false},"author":1,"featured_media":0,"parent":0,"menu_order":0,"comment_status":"closed","ping_status":"closed","template":"","meta":{"footnotes":""},"class_list":["post-1613","page","type-page","status-publish","hentry"],"_links":{"self":[{"href":"https:\/\/www.dayemedikal.com\/en\/wp-json\/wp\/v2\/pages\/1613"}],"collection":[{"href":"https:\/\/www.dayemedikal.com\/en\/wp-json\/wp\/v2\/pages"}],"about":[{"href":"https:\/\/www.dayemedikal.com\/en\/wp-json\/wp\/v2\/types\/page"}],"author":[{"embeddable":true,"href":"https:\/\/www.dayemedikal.com\/en\/wp-json\/wp\/v2\/users\/1"}],"replies":[{"embeddable":true,"href":"https:\/\/www.dayemedikal.com\/en\/wp-json\/wp\/v2\/comments?post=1613"}],"version-history":[{"count":0,"href":"https:\/\/www.dayemedikal.com\/en\/wp-json\/wp\/v2\/pages\/1613\/revisions"}],"wp:attachment":[{"href":"https:\/\/www.dayemedikal.com\/en\/wp-json\/wp\/v2\/media?parent=1613"}],"curies":[{"name":"wp","href":"https:\/\/api.w.org\/{rel}","templated":true}]}}