{"id":18116,"date":"2021-05-28T14:45:50","date_gmt":"2021-05-28T11:45:50","guid":{"rendered":"https:\/\/www.dayemedikal.com\/?page_id=18116"},"modified":"2021-05-28T15:30:29","modified_gmt":"2021-05-28T12:30:29","slug":"sorun-cozum-onerileri","status":"publish","type":"page","link":"https:\/\/www.dayemedikal.com\/en\/sorun-cozum-onerileri\/","title":{"rendered":"Problem Solution Suggestions"},"content":{"rendered":"<section class=\"wpb-content-wrapper\"><div  class=\"vc_row wpb_row vc_row-fluid vc_custom_1594261948051 vc_column-gap-default ts-row-wide loading\"  data-vc-full-width=\"true\" data-vc-full-width-init=\"false\"  ><div class=\"wpb_column vc_column_container vc_col-sm-12\">\n\t<div class=\"wpb_wrapper\">\n\t\t\t<div class=\"ts-heading heading-3 heading-center text-default\">\n\t\t\t<h3 class=\"heading\">Solution Suggestions for Device Problems<\/h3>\n\t\t<\/div>\n\t\t\n\t<div class=\"wpb_text_column wpb_content_element\" >\n\t\t<div class=\"wpb_wrapper\">\n\t\t\t<p>There are suggestions for simple solutions that should be tried in the first place for some problems you may encounter with your devices. If the result does not change even after these simple solutions suggested, there is a high probability of a malfunction in your device and in such cases, we recommend that you bring the device to our technical service.<\/p>\n\n\t\t<\/div>\n\t<\/div>\n<div  class=\"vc_toggle vc_toggle_default vc_toggle_color_default  vc_toggle_size_md\"><div class=\"vc_toggle_title\"><h4>Although my oxygen concentrator device is working, there is no oxygen air output. What can I do?<\/h4><i class=\"vc_toggle_icon\"><\/i><\/div><div class=\"vc_toggle_content\"><p>This problem will disappear when the water container in the front of the oxygen concentrator device is opened and closed again without skipping a tooth. If the problem still persists when this method is tried, the filter at the inner end of the water container is clogged and your device's technical service maintenance period has come. When you contact us and have it serviced, the problem will go away.<\/p>\n<\/div><\/div><div  class=\"vc_toggle vc_toggle_default vc_toggle_color_default  vc_toggle_size_md\"><div class=\"vc_toggle_title\"><h4>When I wear the device, I hear a lot of noise from my mask, what should I do?<\/h4><i class=\"vc_toggle_icon\"><\/i><\/div><div class=\"vc_toggle_content\"><p>After the mask is placed on the face, it should be tightened well from the bandage part. When the mask application method is correct, air leaks that may occur are prevented.<\/p>\n<\/div><\/div><div  class=\"vc_toggle vc_toggle_default vc_toggle_color_default  vc_toggle_size_md\"><div class=\"vc_toggle_title\"><h4>How to remove limescale from the humidifier unit of the device?<\/h4><i class=\"vc_toggle_icon\"><\/i><\/div><div class=\"vc_toggle_content\"><p>If the water filled to the heater and humidifier units used with the devices is water from carboys or boiled and cooled water, the calcification time will be much later. The resulting lime; It can be cleaned with natural lime removers such as vinegar or lemon salt.<\/p>\n<\/div><\/div><div  class=\"vc_toggle vc_toggle_default vc_toggle_color_default  vc_toggle_size_md\"><div class=\"vc_toggle_title\"><h4>My sleep apnea device is not airing as before, what can be done?<\/h4><i class=\"vc_toggle_icon\"><\/i><\/div><div class=\"vc_toggle_content\"><p>Periodic maintenance period of the device has come. Since the air filters in the device are full\/clogged, they may not give enough air. This problem will disappear when you contact our technical service and have your maintenance done.<\/p>\n<\/div><\/div><div  class=\"vc_toggle vc_toggle_default vc_toggle_color_default  vc_toggle_size_md\"><div class=\"vc_toggle_title\"><h4>When using the device, water comes into the hose and my mask, how can I fix it?<\/h4><i class=\"vc_toggle_icon\"><\/i><\/div><div class=\"vc_toggle_content\"><p>Unless there is a malfunction in the device, it may be caused by the high temperature setting of the humidifier unit.<\/p>\n<\/div><\/div>\t<\/div>\n<\/div><\/div><div class=\"vc_row-full-width\"><\/div>\t<div  class=\"vc_row wpb_row vc_row-fluid vc_column-gap-default ts-row-wide\"  ><div class=\"wpb_column vc_column_container vc_col-sm-12 vc_hidden-md vc_hidden-sm vc_hidden-xs\">\n\t<div class=\"wpb_wrapper\">\n\t<div class=\"vc_empty_space\"   style=\"height: 50px\"><span class=\"vc_empty_space_inner\"><\/span><\/div>\t<\/div>\n<\/div><\/div>\n<\/section>","protected":false},"excerpt":{"rendered":"Cihaz Sorunlar\u0131 \u0130\u00e7in \u00c7\u00f6z\u00fcm \u00d6nerileri Cihazlar\u0131n\u0131zda kar\u015f\u0131la\u015fabilece\u011finiz baz\u0131 sorunlarda ilk etapta denenmesi gereken basit \u00e7\u00f6z\u00fcmler ile ilgili \u00f6neriler yer almaktad\u0131r. \u00d6nerilen bu basit \u00e7\u00f6z\u00fcmlerden sonra da sonu\u00e7\u00a0 de\u011fi\u015fmiyorsa, cihaz\u0131n\u0131zda bir ar\u0131za olma ihtimali y\u00fcksektir ve bu gibi durumlarda cihaz\u0131 teknik servisimize getirmenizi tavsiye etmekteyiz. Oksijen konsantrat\u00f6r\u00fc cihaz\u0131m \u00e7al\u0131\u015ft\u0131\u011f\u0131 halde oksijen hava \u00e7\u0131k\u0131\u015f\u0131 olmuyor ne yapabilirim?Oksijen [...]","protected":false},"author":1,"featured_media":0,"parent":0,"menu_order":0,"comment_status":"closed","ping_status":"open","template":"","meta":{"footnotes":""},"class_list":["post-18116","page","type-page","status-publish","hentry"],"_links":{"self":[{"href":"https:\/\/www.dayemedikal.com\/en\/wp-json\/wp\/v2\/pages\/18116"}],"collection":[{"href":"https:\/\/www.dayemedikal.com\/en\/wp-json\/wp\/v2\/pages"}],"about":[{"href":"https:\/\/www.dayemedikal.com\/en\/wp-json\/wp\/v2\/types\/page"}],"author":[{"embeddable":true,"href":"https:\/\/www.dayemedikal.com\/en\/wp-json\/wp\/v2\/users\/1"}],"replies":[{"embeddable":true,"href":"https:\/\/www.dayemedikal.com\/en\/wp-json\/wp\/v2\/comments?post=18116"}],"version-history":[{"count":0,"href":"https:\/\/www.dayemedikal.com\/en\/wp-json\/wp\/v2\/pages\/18116\/revisions"}],"wp:attachment":[{"href":"https:\/\/www.dayemedikal.com\/en\/wp-json\/wp\/v2\/media?parent=18116"}],"curies":[{"name":"wp","href":"https:\/\/api.w.org\/{rel}","templated":true}]}}