{"id":18129,"date":"2021-05-28T15:42:52","date_gmt":"2021-05-28T12:42:52","guid":{"rendered":"https:\/\/www.dayemedikal.com\/?page_id=18129"},"modified":"2022-08-13T15:59:33","modified_gmt":"2022-08-13T12:59:33","slug":"cihaz-analiz-programlari","status":"publish","type":"page","link":"https:\/\/www.dayemedikal.com\/en\/cihaz-analiz-programlari\/","title":{"rendered":"Device Analysis Programs"},"content":{"rendered":"<section class=\"wpb-content-wrapper\">\t<div  class=\"vc_row wpb_row vc_row-fluid vc_custom_1499590093259 vc_column-gap-default ts-row-wide\"  ><div class=\"wpb_column vc_column_container vc_col-sm-12\">\n\t<div class=\"wpb_wrapper\">\n\t\n\t<div class=\"wpb_text_column wpb_content_element\" >\n\t\t<div class=\"wpb_wrapper\">\n\t\t\t<p>You can access device analysis software from this page. You can find and download the software suitable for the make and model of your device from the list below.<\/p>\n\n\t\t<\/div>\n\t<\/div>\n<div class=\"vc_tta-container\" data-vc-action=\"collapse\"><div class=\"vc_general vc_tta vc_tta-accordion vc_tta-o-shape-group\"><div class=\"vc_tta-panels-container\"><div class=\"vc_tta-panels\"><div class=\"vc_tta-panel vc_active\" id=\"g1g2\" data-vc-content=\".vc_tta-panel-body\"><div class=\"vc_tta-panel-heading\"><h4 class=\"vc_tta-panel-title\"><a href=\"#g1g2\" data-vc-accordion data-vc-container=\".vc_tta-container\"><i class=\"vc_tta-icon vc_li vc_li-params\"><\/i><span class=\"vc_tta-title-text\">Respirox G1 - G2 Series Analysis Program<\/span><i class=\"vc_tta-controls-icon vc_tta-controls-icon-chevron\"><\/i><\/a><\/h4><\/div><div class=\"vc_tta-panel-body\"><div class=\"vc_btn3-container vc_btn3-inline\" ><a class=\"vc_general vc_btn3 vc_btn3-size-md vc_btn3-shape-rounded vc_btn3-style-modern vc_btn3-color-grey\" href=\"https:\/\/www.ecemedikal.net\/wp-content\/uploads\/2015\/03\/respirox-uyku-analiz-programi-v334.zip\" title=\"\">Download Software<\/a><\/div><\/div><\/div><div class=\"vc_tta-panel\" id=\"g3\" data-vc-content=\".vc_tta-panel-body\"><div class=\"vc_tta-panel-heading\"><h4 class=\"vc_tta-panel-title\"><a href=\"#g3\" data-vc-accordion data-vc-container=\".vc_tta-container\"><i class=\"vc_tta-icon vc_li vc_li-params\"><\/i><span class=\"vc_tta-title-text\">Respirox G3 Series Analysis Program<\/span><i class=\"vc_tta-controls-icon vc_tta-controls-icon-chevron\"><\/i><\/a><\/h4><\/div><div class=\"vc_tta-panel-body\"><div class=\"vc_btn3-container vc_btn3-inline\" ><a class=\"vc_general vc_btn3 vc_btn3-size-md vc_btn3-shape-rounded vc_btn3-style-modern vc_btn3-color-grey\" href=\"https:\/\/ecemedikal.net\/wp-content\/uploads\/G3.rar\" title=\"\">Download Software<\/a><\/div><\/div><\/div><div class=\"vc_tta-panel\" id=\"medicraft\" data-vc-content=\".vc_tta-panel-body\"><div class=\"vc_tta-panel-heading\"><h4 class=\"vc_tta-panel-title\"><a href=\"#medicraft\" data-vc-accordion data-vc-container=\".vc_tta-container\"><i class=\"vc_tta-icon vc_li vc_li-params\"><\/i><span class=\"vc_tta-title-text\">Medicraft Group Analysis Program<\/span><i class=\"vc_tta-controls-icon vc_tta-controls-icon-chevron\"><\/i><\/a><\/h4><\/div><div class=\"vc_tta-panel-body\"><div class=\"vc_btn3-container vc_btn3-inline\" ><a class=\"vc_general vc_btn3 vc_btn3-size-md vc_btn3-shape-rounded vc_btn3-style-modern vc_btn3-color-grey\" href=\"https:\/\/ecemedikal.net\/wp-content\/uploads\/MAP_Kurulum.msi\" title=\"\">Download Software<\/a><\/div><\/div><\/div><div class=\"vc_tta-panel\" id=\"respaps\" data-vc-content=\".vc_tta-panel-body\"><div class=\"vc_tta-panel-heading\"><h4 class=\"vc_tta-panel-title\"><a href=\"#respaps\" data-vc-accordion data-vc-container=\".vc_tta-container\"><i class=\"vc_tta-icon vc_li vc_li-params\"><\/i><span class=\"vc_tta-title-text\">Respaps Group Analysis Program<\/span><i class=\"vc_tta-controls-icon vc_tta-controls-icon-chevron\"><\/i><\/a><\/h4><\/div><div class=\"vc_tta-panel-body\"><\/div><\/div><div class=\"vc_tta-panel\" id=\"1660395408049-cad37829-2b82\" data-vc-content=\".vc_tta-panel-body\"><div class=\"vc_tta-panel-heading\"><h4 class=\"vc_tta-panel-title\"><a href=\"#1660395408049-cad37829-2b82\" data-vc-accordion data-vc-container=\".vc_tta-container\"><i class=\"vc_tta-icon vc_li vc_li-params\"><\/i><span class=\"vc_tta-title-text\">SoundSleep Analiz Program\u0131<\/span><i class=\"vc_tta-controls-icon vc_tta-controls-icon-chevron\"><\/i><\/a><\/h4><\/div><div class=\"vc_tta-panel-body\"><div class=\"vc_btn3-container vc_btn3-inline\" ><a class=\"vc_general vc_btn3 vc_btn3-size-md vc_btn3-shape-rounded vc_btn3-style-modern vc_btn3-color-grey\" href=\"https:\/\/www.ecemedikal.net\/wp-content\/uploads\/respirox-soundsleep-yaz%C4%B1l%C4%B1m%C4%B1.rar\" title=\"\">Download Software<\/a><\/div><div class=\"vc_btn3-container vc_btn3-inline\" ><a class=\"vc_general vc_btn3 vc_btn3-size-md vc_btn3-shape-rounded vc_btn3-style-modern vc_btn3-color-grey\" href=\"https:\/\/www.ecemedikal.net\/soundsleep-dil-paketi\/\" title=\"\">T\u00fcrk\u00e7e Dil Paketi<\/a><\/div><\/div><\/div><\/div><\/div><\/div><\/div>\t<\/div>\n<\/div><\/div>\n<\/section>","protected":false},"excerpt":{"rendered":"Cihaz analiz yaz\u0131l\u0131mlar\u0131na bu sayfadan ula\u015fabilirsiniz. Kendi cihaz\u0131n\u0131z\u0131n marka ve modeline uygun olan yaz\u0131l\u0131m\u0131 a\u015fa\u011f\u0131daki listeden bulup indirebilirsiniz. Respirox G1 - G2 Serisi Analiz Program\u0131Program\u0131 \u0130ndirRespirox G3 Serisi Analiz Program\u0131Program\u0131 \u0130ndirMedicraft Grubu Analiz Program\u0131Program\u0131 \u0130ndirRespaps Grubu Analiz Program\u0131SoundSleep Analiz Program\u0131Program\u0131 \u0130ndirT\u00fcrk\u00e7e Dil Paketi","protected":false},"author":1,"featured_media":0,"parent":0,"menu_order":0,"comment_status":"closed","ping_status":"open","template":"","meta":{"footnotes":""},"class_list":["post-18129","page","type-page","status-publish","hentry"],"_links":{"self":[{"href":"https:\/\/www.dayemedikal.com\/en\/wp-json\/wp\/v2\/pages\/18129"}],"collection":[{"href":"https:\/\/www.dayemedikal.com\/en\/wp-json\/wp\/v2\/pages"}],"about":[{"href":"https:\/\/www.dayemedikal.com\/en\/wp-json\/wp\/v2\/types\/page"}],"author":[{"embeddable":true,"href":"https:\/\/www.dayemedikal.com\/en\/wp-json\/wp\/v2\/users\/1"}],"replies":[{"embeddable":true,"href":"https:\/\/www.dayemedikal.com\/en\/wp-json\/wp\/v2\/comments?post=18129"}],"version-history":[{"count":1,"href":"https:\/\/www.dayemedikal.com\/en\/wp-json\/wp\/v2\/pages\/18129\/revisions"}],"predecessor-version":[{"id":18750,"href":"https:\/\/www.dayemedikal.com\/en\/wp-json\/wp\/v2\/pages\/18129\/revisions\/18750"}],"wp:attachment":[{"href":"https:\/\/www.dayemedikal.com\/en\/wp-json\/wp\/v2\/media?parent=18129"}],"curies":[{"name":"wp","href":"https:\/\/api.w.org\/{rel}","templated":true}]}}