{"id":18193,"date":"2021-05-30T19:03:54","date_gmt":"2021-05-30T16:03:54","guid":{"rendered":"https:\/\/www.dayemedikal.com\/?page_id=18193"},"modified":"2021-05-30T19:03:54","modified_gmt":"2021-05-30T16:03:54","slug":"destek-talebi","status":"publish","type":"page","link":"https:\/\/www.dayemedikal.com\/en\/destek-talebi\/","title":{"rendered":"Support Request"},"content":{"rendered":"<section class=\"wpb-content-wrapper\">\t<div  class=\"vc_row wpb_row vc_row-fluid vc_column-gap-default ts-row-wide\"  ><div class=\"wpb_column vc_column_container vc_col-sm-12\">\n\t<div class=\"wpb_wrapper\">\n\t\n\t<div class=\"wpb_text_column wpb_content_element\" >\n\t\t<div class=\"wpb_wrapper\">\n\t\t\t\n<div class=\"wpcf7 no-js\" id=\"wpcf7-f18192-o1\" lang=\"tr-TR\" dir=\"ltr\" data-wpcf7-id=\"18192\">\n<div class=\"screen-reader-response\"><p role=\"status\" aria-live=\"polite\" aria-atomic=\"true\"><\/p> <ul><\/ul><\/div>\n<form action=\"\/wp-json\/wp\/v2\/pages\/18193\" method=\"post\" class=\"wpcf7-form init\" aria-label=\"\u0130leti\u015fim Formu\" enctype=\"multipart\/form-data\" novalidate=\"novalidate\" data-status=\"init\" data-trp-original-action=\"\/en\/wp-json\/wp\/v2\/pages\/18193#wpcf7-f18192-o1\">\n<div style=\"display: none;\">\n<input type=\"hidden\" name=\"_wpcf7\" value=\"18192\" \/>\n<input type=\"hidden\" name=\"_wpcf7_version\" value=\"6.0\" \/>\n<input type=\"hidden\" name=\"_wpcf7_locale\" value=\"tr_TR\" \/>\n<input type=\"hidden\" name=\"_wpcf7_unit_tag\" value=\"wpcf7-f18192-o1\" \/>\n<input type=\"hidden\" name=\"_wpcf7_container_post\" value=\"0\" \/>\n<input type=\"hidden\" name=\"_wpcf7_posted_data_hash\" value=\"\" \/>\n<\/div>\n<div class=\"contact-form\">\n\t<div class=\"info-wrapper\">\n\t\t<p><span class=\"wpcf7-form-control-wrap\" data-name=\"text-8\"><input size=\"40\" maxlength=\"400\" class=\"wpcf7-form-control wpcf7-text wpcf7-validates-as-required\" aria-required=\"true\" aria-invalid=\"false\" placeholder=\"Your Name and Surname\" value=\"\" type=\"text\" name=\"text-8\" \/><\/span>\n\t\t<\/p>\n\t\t<p><span class=\"wpcf7-form-control-wrap\" data-name=\"email-294\"><input size=\"40\" maxlength=\"400\" class=\"wpcf7-form-control wpcf7-email wpcf7-validates-as-required wpcf7-text wpcf7-validates-as-email\" aria-required=\"true\" aria-invalid=\"false\" placeholder=\"Your E-mail address\" value=\"\" type=\"email\" name=\"email-294\" \/><\/span>\n\t\t<\/p>\n\t\t<p><span class=\"wpcf7-form-control-wrap\" data-name=\"tel\"><input size=\"40\" maxlength=\"400\" class=\"wpcf7-form-control wpcf7-text wpcf7-validates-as-required\" aria-required=\"true\" aria-invalid=\"false\" placeholder=\"Your Phone Number\" value=\"\" type=\"text\" name=\"tel\" \/><\/span>\n\t\t<\/p>\n\t<\/div>\n\t<div class=\"info-wrapper\">\n\t\t<p><span class=\"wpcf7-form-control-wrap\" data-name=\"destekkategori\"><select class=\"wpcf7-form-control wpcf7-select wpcf7-validates-as-required\" aria-required=\"true\" aria-invalid=\"false\" name=\"destekkategori\"><option value=\"Destek Kategorisi\">Destek Kategorisi<\/option><option value=\"Uyku Apnesi Cihazlar\u0131\">Uyku Apnesi Cihazlar\u0131<\/option><option value=\"Solunum Cihazlar\u0131\">Solunum Cihazlar\u0131<\/option><option value=\"Maskeler\">Masks<\/option><option value=\"Aksesuarlar\">Aksesuarlar<\/option><option value=\"Di\u011fer\">Di\u011fer<\/option><\/select><\/span>\n\t\t<\/p>\n\t\t<p><span class=\"wpcf7-form-control-wrap\" data-name=\"destekkonu\"><select class=\"wpcf7-form-control wpcf7-select\" aria-invalid=\"false\" name=\"destekkonu\"><option value=\"Destek Konusu\">Destek Konusu<\/option><option value=\"\u00dcr\u00fcn \u00d6zellikleri Hakk\u0131nda\">\u00dcr\u00fcn \u00d6zellikleri Hakk\u0131nda<\/option><option value=\"Sipari\u015f Hakk\u0131nda\">Sipari\u015f Hakk\u0131nda<\/option><option value=\"\u00dcr\u00fcn Teknik Deste\u011fi Hakk\u0131nda\">\u00dcr\u00fcn Teknik Deste\u011fi Hakk\u0131nda<\/option><option value=\"\u00dcr\u00fcn \u0130adesi Hakk\u0131nda\">\u00dcr\u00fcn \u0130adesi Hakk\u0131nda<\/option><option value=\"Di\u011fer\">Di\u011fer<\/option><\/select><\/span>\n\t\t<\/p>\n\t<\/div>\n\t<p><span class=\"wpcf7-form-control-wrap\" data-name=\"aciklama\"><textarea cols=\"40\" rows=\"10\" maxlength=\"2000\" class=\"wpcf7-form-control wpcf7-textarea wpcf7-validates-as-required\" aria-required=\"true\" aria-invalid=\"false\" placeholder=\"Explanation About Support Request\" name=\"aciklama\"><\/textarea><\/span>\n\t<\/p>\n\t<p>Select a file to add an image about your product or request; <span class=\"wpcf7-form-control-wrap\" data-name=\"dosya\"><input size=\"40\" class=\"wpcf7-form-control wpcf7-file\" accept=\".png,.jpg,.jpeg,.tiff,.pdf\" aria-invalid=\"false\" type=\"file\" name=\"dosya\" \/><\/span>\n\t<\/p>\n\t<p><span class=\"wpcf7-form-control-wrap\" data-name=\"acceptance-993\"><span class=\"wpcf7-form-control wpcf7-acceptance\"><span class=\"wpcf7-list-item\"><label><input type=\"checkbox\" name=\"acceptance-993\" value=\"1\" aria-invalid=\"false\" \/><span class=\"wpcf7-list-item-label\"><a href=\"https:\/\/www.dayemedikal.com\/en\/kullanici-ve-gizlilik-sozlesmesi\/\" target=\"_blank\">User and Confidentiality Agreement (GDPR)<\/a> i confirm that the personal or non-personal information, my contact information and media (image, video, etc.) attachments that I convey within the scope of the project can be processed and shared with technical support personnel.<\/span><\/label><\/span><\/span><\/span>\n\t<\/p>\n\t<p class=\"clearfix\"><input class=\"wpcf7-form-control wpcf7-submit has-spinner button-primary\" type=\"submit\" value=\"Create Support Request\" \/>\n\t<\/p>\n<\/div><div class=\"wpcf7-response-output\" aria-hidden=\"true\"><\/div>\n<input type=\"hidden\" name=\"trp-form-language\" value=\"en\"\/><\/form>\n<\/div>\n\n\n\t\t<\/div>\n\t<\/div>\n<div class=\"vc_empty_space\"   style=\"height: 32px\"><span class=\"vc_empty_space_inner\"><\/span><\/div>\t<\/div>\n<\/div><\/div>\n<\/section>","protected":false},"excerpt":{"rendered":"Destek KategorisiUyku Apnesi Cihazlar\u0131Solunum Cihazlar\u0131MaskelerAksesuarlarDi\u011fer Destek Konusu\u00dcr\u00fcn \u00d6zellikleri Hakk\u0131ndaSipari\u015f Hakk\u0131nda\u00dcr\u00fcn Teknik Deste\u011fi Hakk\u0131nda\u00dcr\u00fcn \u0130adesi Hakk\u0131ndaDi\u011fer \u00dcr\u00fcn veya talebinizle ilgili g\u00f6rsel eklemek i\u00e7in dosya se\u00e7in; Kullan\u0131c\u0131 ve Gizlilik S\u00f6zle\u015fmesi (KVKK) kapsam\u0131nda iletti\u011fim ki\u015fisel olan veya olmayan bilgilerin, ileti\u015fim bilgilerimin ve medya (g\u00f6rsel, video vb.) eklerinin i\u015flenebilece\u011fini, teknik destek elemanlar\u0131yla payla\u015f\u0131labilece\u011fini onayl\u0131yorum.","protected":false},"author":1,"featured_media":0,"parent":0,"menu_order":0,"comment_status":"closed","ping_status":"closed","template":"","meta":{"footnotes":""},"class_list":["post-18193","page","type-page","status-publish","hentry"],"_links":{"self":[{"href":"https:\/\/www.dayemedikal.com\/en\/wp-json\/wp\/v2\/pages\/18193"}],"collection":[{"href":"https:\/\/www.dayemedikal.com\/en\/wp-json\/wp\/v2\/pages"}],"about":[{"href":"https:\/\/www.dayemedikal.com\/en\/wp-json\/wp\/v2\/types\/page"}],"author":[{"embeddable":true,"href":"https:\/\/www.dayemedikal.com\/en\/wp-json\/wp\/v2\/users\/1"}],"replies":[{"embeddable":true,"href":"https:\/\/www.dayemedikal.com\/en\/wp-json\/wp\/v2\/comments?post=18193"}],"version-history":[{"count":0,"href":"https:\/\/www.dayemedikal.com\/en\/wp-json\/wp\/v2\/pages\/18193\/revisions"}],"wp:attachment":[{"href":"https:\/\/www.dayemedikal.com\/en\/wp-json\/wp\/v2\/media?parent=18193"}],"curies":[{"name":"wp","href":"https:\/\/api.w.org\/{rel}","templated":true}]}}