{"id":550,"date":"2014-11-13T16:19:40","date_gmt":"2014-11-13T16:19:40","guid":{"rendered":"https:\/\/www.dayemedikal.com\/?page_id=550"},"modified":"2021-05-15T00:41:39","modified_gmt":"2021-05-14T21:41:39","slug":"hizmetlerimiz","status":"publish","type":"page","link":"https:\/\/www.dayemedikal.com\/en\/hizmetlerimiz\/","title":{"rendered":"Our Services"},"content":{"rendered":"<section class=\"wpb-content-wrapper\">\t<div  class=\"vc_row wpb_row vc_row-fluid vc_custom_1499590093259 vc_column-gap-default ts-row-wide\"  ><div class=\"wpb_column vc_column_container vc_col-sm-6\">\n\t<div class=\"wpb_wrapper\">\n\t<div class=\"vc_tta-container\" data-vc-action=\"collapse\"><div class=\"vc_general vc_tta vc_tta-accordion vc_tta-o-shape-group\"><div class=\"vc_tta-panels-container\"><div class=\"vc_tta-panels\"><div class=\"vc_tta-panel vc_active\" id=\"1621027946148-189cab5b-217b\" data-vc-content=\".vc_tta-panel-body\"><div class=\"vc_tta-panel-heading\"><h4 class=\"vc_tta-panel-title\"><a href=\"#1621027946148-189cab5b-217b\" data-vc-accordion data-vc-container=\".vc_tta-container\"><i class=\"vc_tta-icon vc_li vc_li-params\"><\/i><span class=\"vc_tta-title-text\">DEMO AND DEVICE INSTALLATION<\/span><i class=\"vc_tta-controls-icon vc_tta-controls-icon-chevron\"><\/i><\/a><\/h4><\/div><div class=\"vc_tta-panel-body\">\n\t<div class=\"wpb_text_column wpb_content_element\" >\n\t\t<div class=\"wpb_wrapper\">\n\t\t\t<p>In some device groups, a test is performed by connecting the demo device beforehand to see if the patients can adapt to the device. According to the result, if the device responds to the required treatment, the patient's own device is given by adjusting.<br \/>\nBaz\u0131 cihaz gruplar\u0131nda, hastalar hastaneden taburcu olduktan sonra ya da do\u011frudan adreste cihaz kurulumu ger\u00e7ekle\u015ftirilir.<\/p>\n\n\t\t<\/div>\n\t<\/div>\n<\/div><\/div><div class=\"vc_tta-panel\" id=\"1621027946166-aff236d6-3d88\" data-vc-content=\".vc_tta-panel-body\"><div class=\"vc_tta-panel-heading\"><h4 class=\"vc_tta-panel-title\"><a href=\"#1621027946166-aff236d6-3d88\" data-vc-accordion data-vc-container=\".vc_tta-container\"><i class=\"vc_tta-icon vc_li vc_li-phone\"><\/i><span class=\"vc_tta-title-text\">24\/7 TECHNICAL SERVICE AND PHONE SUPPORT<\/span><i class=\"vc_tta-controls-icon vc_tta-controls-icon-chevron\"><\/i><\/a><\/h4><\/div><div class=\"vc_tta-panel-body\">\n\t<div class=\"wpb_text_column wpb_content_element\" >\n\t\t<div class=\"wpb_wrapper\">\n\t\t\t<p>In case of any malfunctions that may occur in the devices or all the questions that our patients are curious about, want to consult or have in their minds, we answer with great care via telephone 24 hours a day, 7 days a week.<\/p>\n\n\t\t<\/div>\n\t<\/div>\n<\/div><\/div><div class=\"vc_tta-panel\" id=\"1621027946187-15ce2bce-79cf\" data-vc-content=\".vc_tta-panel-body\"><div class=\"vc_tta-panel-heading\"><h4 class=\"vc_tta-panel-title\"><a href=\"#1621027946187-15ce2bce-79cf\" data-vc-accordion data-vc-container=\".vc_tta-container\"><i class=\"vc_tta-icon vc_li vc_li-settings\"><\/i><span class=\"vc_tta-title-text\">SPARE PARTS AND ACCESSORIES SUPPLY<\/span><i class=\"vc_tta-controls-icon vc_tta-controls-icon-chevron\"><\/i><\/a><\/h4><\/div><div class=\"vc_tta-panel-body\">\n\t<div class=\"wpb_text_column wpb_content_element\" >\n\t\t<div class=\"wpb_wrapper\">\n\t\t\t<p>When it is necessary to replace the worn or deformed parts of the accessories used with the devices, depending on the use or parts that exceed their healthy service life, the relevant parts are provided.<\/p>\n\n\t\t<\/div>\n\t<\/div>\n<\/div><\/div><div class=\"vc_tta-panel\" id=\"1621027946210-26363fcd-70d0\" data-vc-content=\".vc_tta-panel-body\"><div class=\"vc_tta-panel-heading\"><h4 class=\"vc_tta-panel-title\"><a href=\"#1621027946210-26363fcd-70d0\" data-vc-accordion data-vc-container=\".vc_tta-container\"><i class=\"vc_tta-icon vc_li vc_li-stack\"><\/i><span class=\"vc_tta-title-text\">OXYGEN CONCENTRATOR RENTAL<\/span><i class=\"vc_tta-controls-icon vc_tta-controls-icon-chevron\"><\/i><\/a><\/h4><\/div><div class=\"vc_tta-panel-body\">\n\t<div class=\"wpb_text_column wpb_content_element\" >\n\t\t<div class=\"wpb_wrapper\">\n\t\t\t<p>Oxygen Concentrator devices are provided for the required number of days for patients who need the device new or become unusable due to a problem with the device they are currently using.<\/p>\n\n\t\t<\/div>\n\t<\/div>\n<\/div><\/div><\/div><\/div><\/div><\/div>\t<\/div>\n<\/div><div class=\"wpb_column vc_column_container vc_col-sm-6\">\n\t<div class=\"wpb_wrapper\">\n\t<div class=\"vc_tta-container\" data-vc-action=\"collapse\"><div class=\"vc_general vc_tta vc_tta-accordion vc_tta-o-shape-group\"><div class=\"vc_tta-panels-container\"><div class=\"vc_tta-panels\"><div class=\"vc_tta-panel vc_active\" id=\"1499589194048-05d618bc-04a9\" data-vc-content=\".vc_tta-panel-body\"><div class=\"vc_tta-panel-heading\"><h4 class=\"vc_tta-panel-title\"><a href=\"#1499589194048-05d618bc-04a9\" data-vc-accordion data-vc-container=\".vc_tta-container\"><i class=\"vc_tta-icon vc_li vc_li-study\"><\/i><span class=\"vc_tta-title-text\">DEVICE USING TRAINING<\/span><i class=\"vc_tta-controls-icon vc_tta-controls-icon-chevron\"><\/i><\/a><\/h4><\/div><div class=\"vc_tta-panel-body\">\n\t<div class=\"wpb_text_column wpb_content_element\" >\n\t\t<div class=\"wpb_wrapper\">\n\t\t\t<p>Each device has its own specific use case. The correct use and cleaning of all devices and the accessories used with them is important for them to be healthy and long-lasting. For this reason, device usage training is given meticulously by us.<\/p>\n\n\t\t<\/div>\n\t<\/div>\n<\/div><\/div><div class=\"vc_tta-panel\" id=\"1499589194118-50658ccc-a0fe\" data-vc-content=\".vc_tta-panel-body\"><div class=\"vc_tta-panel-heading\"><h4 class=\"vc_tta-panel-title\"><a href=\"#1499589194118-50658ccc-a0fe\" data-vc-accordion data-vc-container=\".vc_tta-container\"><i class=\"vc_tta-icon vc_li vc_li-display\"><\/i><span class=\"vc_tta-title-text\">PERIODIC MAINTENANCE OF THE DEVICE<\/span><i class=\"vc_tta-controls-icon vc_tta-controls-icon-chevron\"><\/i><\/a><\/h4><\/div><div class=\"vc_tta-panel-body\">\n\t<div class=\"wpb_text_column wpb_content_element\" >\n\t\t<div class=\"wpb_wrapper\">\n\t\t\t<p>Changing, calibrating and cleaning the filters in the devices are extremely beneficial for the device. The quality of use of the devices increases both in the devices that come to the technical service for maintenance and in the maintenance performed at the address. In this way, it can be used for a longer time in a reliable and healthy way. It should not be forgotten that the efficiency of unmaintained devices decreases.<\/p>\n\n\t\t<\/div>\n\t<\/div>\n<\/div><\/div><div class=\"vc_tta-panel\" id=\"1499589194194-a63fa5a2-a122\" data-vc-content=\".vc_tta-panel-body\"><div class=\"vc_tta-panel-heading\"><h4 class=\"vc_tta-panel-title\"><a href=\"#1499589194194-a63fa5a2-a122\" data-vc-accordion data-vc-container=\".vc_tta-container\"><i class=\"vc_tta-icon vc_li vc_li-settings\"><\/i><span class=\"vc_tta-title-text\">TECHNICAL SERVICE AGAINST FAULTS<\/span><i class=\"vc_tta-controls-icon vc_tta-controls-icon-chevron\"><\/i><\/a><\/h4><\/div><div class=\"vc_tta-panel-body\">\n\t<div class=\"wpb_text_column wpb_content_element\" >\n\t\t<div class=\"wpb_wrapper\">\n\t\t\t<p>In case of malfunctions in the devices, our technical service unit will detect the malfunction after preliminary checks. The found fault is corrected as soon as possible, depending on its size, after informing the patient and obtaining approval. And the device is delivered to the patient.<\/p>\n\n\t\t<\/div>\n\t<\/div>\n<\/div><\/div><div class=\"vc_tta-panel\" id=\"1499589194267-ccaa708d-5ee1\" data-vc-content=\".vc_tta-panel-body\"><div class=\"vc_tta-panel-heading\"><h4 class=\"vc_tta-panel-title\"><a href=\"#1499589194267-ccaa708d-5ee1\" data-vc-accordion data-vc-container=\".vc_tta-container\"><i class=\"vc_tta-icon vc_li vc_li-news\"><\/i><span class=\"vc_tta-title-text\">2. HAND DEVICE SUPPORT<\/span><i class=\"vc_tta-controls-icon vc_tta-controls-icon-chevron\"><\/i><\/a><\/h4><\/div><div class=\"vc_tta-panel-body\">\n\t<div class=\"wpb_text_column wpb_content_element\" >\n\t\t<div class=\"wpb_wrapper\">\n\t\t\t<p>In the event that you no longer need the devices you have, we provide the services of introducing your devices to our patients who request them, or supplying them to our patients who are looking for affordable second hand devices.<\/p>\n\n\t\t<\/div>\n\t<\/div>\n<\/div><\/div><\/div><\/div><\/div><\/div>\t<\/div>\n<\/div><\/div>\n<\/section>","protected":false},"excerpt":{"rendered":"DEMO VE C\u0130HAZ KURULUMU Baz\u0131 cihaz gruplar\u0131nda, hastalar\u0131n cihaza uyum sa\u011flay\u0131p sa\u011flayamaca\u011f\u0131n\u0131 g\u00f6rmek i\u00e7in \u00f6ncesinde demo cihaz ba\u011flanarak test yap\u0131l\u0131r. Sonucuna g\u00f6re cihaz gerekli tedaviye cevap veriyorsa hastan\u0131n kendi cihaz\u0131 ayarlama yap\u0131larak verilir. Baz\u0131 cihaz gruplar\u0131nda, hastalar hastaneden taburcu olduktan sonra ya da do\u011frudan adreste cihaz kurulumu ger\u00e7ekle\u015ftirilir. 7\/24 TEKN\u0130K SERV\u0130S VE TELEFON DESTE\u011e\u0130 Cihazlarda [...]","protected":false},"author":1,"featured_media":0,"parent":0,"menu_order":0,"comment_status":"closed","ping_status":"open","template":"","meta":{"footnotes":""},"class_list":["post-550","page","type-page","status-publish","hentry"],"_links":{"self":[{"href":"https:\/\/www.dayemedikal.com\/en\/wp-json\/wp\/v2\/pages\/550"}],"collection":[{"href":"https:\/\/www.dayemedikal.com\/en\/wp-json\/wp\/v2\/pages"}],"about":[{"href":"https:\/\/www.dayemedikal.com\/en\/wp-json\/wp\/v2\/types\/page"}],"author":[{"embeddable":true,"href":"https:\/\/www.dayemedikal.com\/en\/wp-json\/wp\/v2\/users\/1"}],"replies":[{"embeddable":true,"href":"https:\/\/www.dayemedikal.com\/en\/wp-json\/wp\/v2\/comments?post=550"}],"version-history":[{"count":0,"href":"https:\/\/www.dayemedikal.com\/en\/wp-json\/wp\/v2\/pages\/550\/revisions"}],"wp:attachment":[{"href":"https:\/\/www.dayemedikal.com\/en\/wp-json\/wp\/v2\/media?parent=550"}],"curies":[{"name":"wp","href":"https:\/\/api.w.org\/{rel}","templated":true}]}}