{"id":17588,"date":"2021-05-11T20:33:58","date_gmt":"2021-05-11T17:33:58","guid":{"rendered":"https:\/\/www.dayemedikal.com\/?post_type=product&#038;p=17588"},"modified":"2024-11-11T15:58:38","modified_gmt":"2024-11-11T12:58:38","slug":"weinmann-lowenstein-cpap-20-cihazi","status":"publish","type":"product","link":"https:\/\/www.dayemedikal.com\/en\/product\/weinmann-lowenstein-cpap-20-cihazi\/","title":{"rendered":"L\u00f6wenstein (Weinmann) Cpap 20 Cihaz\u0131"},"content":{"rendered":"<p>SOMNOcomfort 2E, CPAP terapisi i\u00e7in standart belirleyen ola\u011fan\u00fcst\u00fc ba\u015far\u0131l\u0131 SOMNOcomfort cihaz\u0131n\u0131n geli\u015ftirilmi\u015f halidir. SOMNOcomfort 2E, yeni geli\u015ftirilmi\u015f nemlendirici ile bile, k\u00fc\u00e7\u00fck, hafif, al\u0131\u015f\u0131lmad\u0131k bi\u00e7imde sessiz ve kullan\u0131m\u0131 kolay olan bir cihazd\u0131r. Alandan tasarruf sa\u011flayan tasar\u0131m\u0131 vard\u0131r.<\/p>\n<p>Is\u0131t\u0131c\u0131l\u0131 nemlendirici SOMNOaqua nemlendirici \u00fcnitesi, cihaza kolayca tak\u0131labilir ve temizleme i\u00e7in de kolayca \u00e7\u0131kar\u0131labilir.<\/p>\n<p>SOMNOadjust ile uzaktan ayarlar yap\u0131labilme teknolojisi.<\/p>","protected":false},"excerpt":{"rendered":"<p>SOMNOcomfort 2E, CPAP terapisi i\u00e7in standart belirleyen ola\u011fan\u00fcst\u00fc ba\u015far\u0131l\u0131 SOMNOcomfort cihaz\u0131n\u0131n geli\u015ftirilmi\u015f halidir. SOMNOcomfort 2E, yeni geli\u015ftirilmi\u015f nemlendirici ile bile, k\u00fc\u00e7\u00fck, hafif, al\u0131\u015f\u0131lmad\u0131k bi\u00e7imde sessiz ve kullan\u0131m\u0131 kolay olan bir cihazd\u0131r. Alandan tasarruf sa\u011flayan tasar\u0131m\u0131 vard\u0131r. Is\u0131t\u0131c\u0131l\u0131 nemlendirici SOMNOaqua nemlendirici \u00fcnitesi, cihaza kolayca tak\u0131labilir ve temizleme i\u00e7in de kolayca \u00e7\u0131kar\u0131labilir. SOMNOadjust ile uzaktan ayarlar yap\u0131labilme [&hellip;]<\/p>","protected":false},"featured_media":17589,"template":"","meta":[],"product_cat":[15],"product_tag":[],"class_list":{"0":"post-17588","1":"product","2":"type-product","3":"status-publish","4":"has-post-thumbnail","6":"product_cat-cpap","7":"ts_product_brand-lowenstein","9":"first","10":"outofstock","11":"shipping-taxable","12":"product-type-simple"},"_links":{"self":[{"href":"https:\/\/www.dayemedikal.com\/en\/wp-json\/wp\/v2\/product\/17588"}],"collection":[{"href":"https:\/\/www.dayemedikal.com\/en\/wp-json\/wp\/v2\/product"}],"about":[{"href":"https:\/\/www.dayemedikal.com\/en\/wp-json\/wp\/v2\/types\/product"}],"wp:featuredmedia":[{"embeddable":true,"href":"https:\/\/www.dayemedikal.com\/en\/wp-json\/wp\/v2\/media\/17589"}],"wp:attachment":[{"href":"https:\/\/www.dayemedikal.com\/en\/wp-json\/wp\/v2\/media?parent=17588"}],"wp:term":[{"taxonomy":"product_cat","embeddable":true,"href":"https:\/\/www.dayemedikal.com\/en\/wp-json\/wp\/v2\/product_cat?post=17588"},{"taxonomy":"product_tag","embeddable":true,"href":"https:\/\/www.dayemedikal.com\/en\/wp-json\/wp\/v2\/product_tag?post=17588"}],"curies":[{"name":"wp","href":"https:\/\/api.w.org\/{rel}","templated":true}]}}