{"id":17654,"date":"2021-05-16T00:01:57","date_gmt":"2021-05-15T21:01:57","guid":{"rendered":"https:\/\/www.dayemedikal.com\/?post_type=product&#038;p=17654"},"modified":"2024-11-11T16:10:20","modified_gmt":"2024-11-11T13:10:20","slug":"respirox-g2s-auto-cpap-apap-cihazi","status":"publish","type":"product","link":"https:\/\/www.dayemedikal.com\/en\/product\/respirox-g2s-auto-cpap-apap-cihazi\/","title":{"rendered":"Respirox G2S Auto Cpap (Apap) Cihaz\u0131"},"content":{"rendered":"<p>Respirox G2S grubu cihazlar\u0131, daha k\u00fc\u00e7\u00fck, algoritmas\u0131 daha geli\u015fmi\u015f ve g\u00fcncel, daha etkili ve daha hafif \u015fekilde tasarlanm\u0131\u015ft\u0131r.<\/p>\n<p><strong>Is\u0131t\u0131c\u0131 Nemlendirici \u00d6zellikleri<\/strong><\/p>\n<p>Cihaz ve nemlendirici \u00fcnitesi birle\u015fik oldu\u011fu i\u00e7in kullan\u0131m\u0131 \u00e7ok pratiktir. Su kab\u0131 tasar\u0131m\u0131 olduk\u00e7a kullan\u0131\u015fl\u0131 olmakla birlikte, su doldurmas\u0131 ve temizlemesi di\u011fer modellere g\u00f6re daha kolayd\u0131r. Cihaz\u0131n men\u00fcs\u00fcnden yap\u0131lan 1-5 aras\u0131nda de\u011fi\u015ftirilebilen \u0131s\u0131tma \u00f6zelli\u011fi, kullan\u0131c\u0131ya gidecek olan so\u011fuk havan\u0131n yumu\u015fat\u0131lmas\u0131n\u0131 sa\u011flayarak kurulu\u011fun \u00f6n\u00fcne ge\u00e7er ve rahat bir gece uykusu almas\u0131n\u0131 sa\u011flar.<\/p>\n<p><strong>Sd Kart Kay\u0131t \u00d6zelli\u011fi<\/strong><\/p>\n<p>Hastalar\u0131n cihaz\u0131 kulland\u0131klar\u0131 s\u00fcre boyunca kullan\u0131m verilerini kaydetme \u00f6zelli\u011fi vard\u0131r. Respirox G2S grubu cihazlar 365 g\u00fcn veri kayd\u0131 yapar ve haf\u0131zas\u0131nda tutar. Veri depolama alan\u0131 doldu\u011funda son g\u00fcn\u00fc kaydederek ilk kullan\u0131lmaya ba\u015flad\u0131\u011f\u0131 g\u00fcn\u00fc siler ve bu \u015fekilde g\u00fcncel verileri istenildi\u011fi her an g\u00f6rebilmeyi sa\u011flar. Hastalar\u0131n geriye d\u00f6n\u00fck kullanm\u0131\u015f oldu\u011fu s\u00fcreleri tarih ve saat olarak kaydeder. AHI (Apne ve Hipopne ) endekslerini g\u00f6sterir. Hastan\u0131n kullanm\u0131\u015f oldu\u011fu s\u00fcre boyunca cihaz, maske ve hasta uyumunu tespit eder. Ortalama bas\u0131n\u00e7 de\u011ferlerini ve maske ka\u00e7aklar\u0131n\u0131 raporlamalar\u0131yla birlikte g\u00f6rebilmeyi sa\u011flayan geli\u015fmi\u015f bir teknolojiye sahiptir.<\/p>\n<p><strong>Reslex \u00d6zelli\u011fi<\/strong><\/p>\n<p>Ekspirasyon (akci\u011ferlerden kirli havan\u0131n at\u0131lmas\u0131) s\u0131ras\u0131nda, hastay\u0131 yormadan solunum konforu sa\u011flamas\u0131d\u0131r. B\u00f6ylelikle d\u0131\u015far\u0131 solumadaki bas\u0131n\u00e7 azal\u0131r ve uyku esnas\u0131nda hastaya daha az efor harcatarak fazla bas\u0131nc\u0131 d\u0131\u015far\u0131ya atmas\u0131na yard\u0131mc\u0131 olur. Bu \u00f6zellik sayesinde kalp ritim bozuklu\u011funa sebep olan nedenler minimuma iner. Reslex \u00f6zelli\u011fi men\u00fcden aktif edilmektedir.<\/p>\n<p><strong>Otomatik Kullan\u0131c\u0131 \u00d6zellikleri<\/strong><\/p>\n<p>Nefes sens\u00f6r\u00fc; (Oto Swich) \u00f6zelli\u011fi sayesinde hi\u00e7 bir tu\u015fa basmaya gerek kalmadan, maskeyi tak\u0131p nefes al\u0131nmas\u0131 yeterlidir. Cihaz otomatik a\u00e7ma \u00f6zelli\u011fi devreye girmektedir. Maskeyi \u00e7\u0131kartt\u0131ktan sonra soluk kesilece\u011fi i\u00e7in cihaz otomatik kapatma \u00f6zelli\u011fini devreye alacakt\u0131r ve cihaz kapanacakt\u0131r. Bu \u00f6zellik men\u00fcden aktif veya pasif durumuna getirilmektedir.<\/p>\n<p><strong>Rampa \u00d6zelli\u011fi<\/strong><\/p>\n<p>\u00d6zellikle y\u00fcksek bas\u0131nca ihtiyac\u0131 olan hastalarda yada tedaviye yeni ba\u015fland\u0131ysa, cihaza adaptasyon s\u00fcrecinde gelen bas\u0131n\u00e7l\u0131 havadan dolay\u0131 bir rahats\u0131zl\u0131k hissi meydana gelebiliyor ve bu hisse al\u0131\u015fmak da zaman alabiliyor. Bu rahats\u0131zl\u0131\u011f\u0131 azaltmak i\u00e7in men\u00fcden rampa \u00f6zelli\u011fi devreye al\u0131n\u0131yor. Belirlenen s\u00fcre boyunca cihaz\u0131n d\u00fc\u015f\u00fck bas\u0131n\u00e7ta hava vermesi sa\u011flan\u0131yor, b\u00f6ylece ki\u015fi uyku evresine ge\u00e7ene kadar y\u00fcksek bas\u0131nca maruz kalm\u0131yor ve daha kolay uyuyabiliyor.<\/p>\n<p><strong>Alarm \u00d6zelli\u011fi<\/strong><\/p>\n<p>Cihaz \u00e7al\u0131\u015f\u0131r konumdayken meydana gelen yo\u011fun maske ka\u00e7aklar\u0131nda cihaz alarm\u0131 devreye girer ve kullan\u0131c\u0131y\u0131 uyar\u0131r. Maske d\u00fczeltildi\u011finde alarm devre d\u0131\u015f\u0131 kal\u0131r.<br \/>\nCihaz \u00e7al\u0131\u015f\u0131r durumdayken g\u00fc\u00e7 kesilirse otomatik alarm devreye girer ve kullan\u0131c\u0131y\u0131 uyar\u0131r.<\/p>","protected":false},"excerpt":{"rendered":"<p>Respirox G2S grubu cihazlar\u0131, daha k\u00fc\u00e7\u00fck, algoritmas\u0131 daha geli\u015fmi\u015f ve g\u00fcncel, daha etkili ve daha hafif \u015fekilde tasarlanm\u0131\u015ft\u0131r. Is\u0131t\u0131c\u0131 Nemlendirici \u00d6zellikleri Cihaz ve nemlendirici \u00fcnitesi birle\u015fik oldu\u011fu i\u00e7in kullan\u0131m\u0131 \u00e7ok pratiktir. Su kab\u0131 tasar\u0131m\u0131 olduk\u00e7a kullan\u0131\u015fl\u0131 olmakla birlikte, su doldurmas\u0131 ve temizlemesi di\u011fer modellere g\u00f6re daha kolayd\u0131r. Cihaz\u0131n men\u00fcs\u00fcnden yap\u0131lan 1-5 aras\u0131nda de\u011fi\u015ftirilebilen \u0131s\u0131tma \u00f6zelli\u011fi, [&hellip;]<\/p>","protected":false},"featured_media":17655,"template":"","meta":[],"product_cat":[132],"product_tag":[],"class_list":{"0":"post-17654","1":"product","2":"type-product","3":"status-publish","4":"has-post-thumbnail","6":"product_cat-auto-cpap","7":"product_shipping_class-cpap-bpap","8":"ts_product_brand-respirox","10":"first","11":"instock","12":"shipping-taxable","13":"product-type-simple"},"_links":{"self":[{"href":"https:\/\/www.dayemedikal.com\/en\/wp-json\/wp\/v2\/product\/17654"}],"collection":[{"href":"https:\/\/www.dayemedikal.com\/en\/wp-json\/wp\/v2\/product"}],"about":[{"href":"https:\/\/www.dayemedikal.com\/en\/wp-json\/wp\/v2\/types\/product"}],"wp:featuredmedia":[{"embeddable":true,"href":"https:\/\/www.dayemedikal.com\/en\/wp-json\/wp\/v2\/media\/17655"}],"wp:attachment":[{"href":"https:\/\/www.dayemedikal.com\/en\/wp-json\/wp\/v2\/media?parent=17654"}],"wp:term":[{"taxonomy":"product_cat","embeddable":true,"href":"https:\/\/www.dayemedikal.com\/en\/wp-json\/wp\/v2\/product_cat?post=17654"},{"taxonomy":"product_tag","embeddable":true,"href":"https:\/\/www.dayemedikal.com\/en\/wp-json\/wp\/v2\/product_tag?post=17654"}],"curies":[{"name":"wp","href":"https:\/\/api.w.org\/{rel}","templated":true}]}}