{"id":17656,"date":"2021-05-16T00:08:33","date_gmt":"2021-05-15T21:08:33","guid":{"rendered":"https:\/\/www.dayemedikal.com\/?post_type=product&#038;p=17656"},"modified":"2024-11-11T15:58:39","modified_gmt":"2024-11-11T12:58:39","slug":"respirox-g3-auto-cpap-apap-cihazi","status":"publish","type":"product","link":"https:\/\/www.dayemedikal.com\/en\/product\/respirox-g3-auto-cpap-apap-cihazi\/","title":{"rendered":"Respirox G3 Auto Cpap (Apap) Cihaz\u0131"},"content":{"rendered":"<p>Respirox G3 grubu geli\u015fmi\u015f sens\u00f6rleri sayesinde otomatik olarak hastan\u0131n solunum izler. Ak\u0131ll\u0131 ve yenilik\u00e7i kontrol sistemiyle \u00fcretilmi\u015ftir.<\/p>\n<p><strong>Sd Kart Kay\u0131t \u00d6zelli\u011fi<\/strong><\/p>\n<p>Hastalar\u0131n cihaz\u0131 kulland\u0131klar\u0131 s\u00fcre boyunca kullan\u0131m verilerini kaydetme \u00f6zelli\u011fi vard\u0131r. Respirox grubu cihazlar 365 g\u00fcn veri kayd\u0131 yapar ve bu verileri haf\u0131zas\u0131nda tutar. Veri depolama alan\u0131 doldu\u011funda son g\u00fcn\u00fc kaydederek ilk kullan\u0131lan g\u00fcnden ba\u015flayarak siler ve bu \u015fekilde g\u00fcncel verileri istenildi\u011fi her an g\u00f6rebilmeyi sa\u011flar. Hastalar\u0131n geriye d\u00f6n\u00fck kullanm\u0131\u015f oldu\u011fu s\u00fcreleri tarih ve saat \u015feklinde kaydeder. AHI (Apne ve Hipopne ) de\u011ferlerini g\u00f6sterir. Hastan\u0131n kulland\u0131\u011f\u0131 s\u00fcre boyunca cihaz ve maske ile aras\u0131ndaki uyumunu tespit eder. Ortalama bas\u0131n\u00e7 de\u011ferlerini ve maske ka\u00e7aklar\u0131n\u0131 raporlamalar\u0131yla birlikte g\u00f6rebilmeyi sa\u011flayan geli\u015fmi\u015f bir teknolojiye sahiptir.<\/p>\n<p><strong>Ergonomik Tasar\u0131m<\/strong><\/p>\n<p>3,5 \u0130n\u00e7 LCD ekran\u0131 vard\u0131r. Yeni nesil Respirox G3 Auto Cpap serisi hastalara e\u015fsiz bir tedavi deneyimini sunmaktad\u0131r.<\/p>\n<p><strong>Is\u0131t\u0131c\u0131 Nemlendirici \u00d6zellikleri<\/strong><\/p>\n<p>Respirox cihazlarda iste\u011fe ba\u011fl\u0131 olarak \u0131s\u0131t\u0131c\u0131 nemlendirici aparat\u0131 cihaza monte edilerek kullan\u0131l\u0131r. Cihaz\u0131n men\u00fcs\u00fcnden yap\u0131lan 1-5 aras\u0131nda de\u011fi\u015ftirilebilen \u0131s\u0131tma \u00f6zelli\u011fi, kullan\u0131c\u0131ya gidecek olan so\u011fuk havan\u0131n yumu\u015fat\u0131lmas\u0131n\u0131 sa\u011flayarak rahat bir gece uykusu almas\u0131n\u0131 sa\u011flar.<\/p>\n<p><strong>Otomatik Kullan\u0131c\u0131 \u00d6zellikleri<\/strong><br \/>\nNefes sens\u00f6r\u00fc; (Oto Swich) \u00f6zelli\u011fi sayesinde hi\u00e7 bir tu\u015fa basmaya gerek kalmadan, maskeyi tak\u0131p nefes al\u0131nmas\u0131 yeterlidir. Cihaz\u0131n otomatik a\u00e7ma \u00f6zelli\u011fi devreye bu \u015fekilde girecektir. Maskeyi \u00e7\u0131kartt\u0131ktan sonra nefesi alg\u0131lamayaca\u011f\u0131 i\u00e7in cihaz otomatik kapatma \u00f6zelli\u011fini devreye alacakt\u0131r ve kapanacakt\u0131r. Bu \u00f6zellik men\u00fcden aktif veya pasif durumuna getirilmektedir.<\/p>\n<p><strong>Rampa \u00d6zelli\u011fi<\/strong><\/p>\n<p>Tedaviye yeni ba\u015flayan hastalarda yada y\u00fcksek bas\u0131nca ihtiyac\u0131 olan hastalarda cihaza adaptasyon s\u00fcrecinde gelen bas\u0131n\u00e7l\u0131 havadan dolay\u0131 bir rahats\u0131zl\u0131k hissi ya\u015fanabiliyor ve bu hisse al\u0131\u015fmak biraz zaman alabiliyor. Bu problemi azaltmak i\u00e7in men\u00fcden rampa \u00f6zelli\u011fi aktif ediliyor. 0 -60 dakika aras\u0131nda belirlenen s\u00fcre boyunca cihaz\u0131n d\u00fc\u015f\u00fck bas\u0131n\u00e7ta hava vermesi sa\u011flan\u0131yor, b\u00f6ylece hasta uykuya ge\u00e7ene kadar y\u00fcksek bas\u0131nca maruz kalm\u0131yor ve daha kolay uykuya dalabiliyor.<\/p>\n<p><strong>Alarm \u00d6zelli\u011fi<\/strong><\/p>\n<p>Cihaz \u00e7al\u0131\u015f\u0131r konumdayken olu\u015fan yo\u011fun maske ka\u00e7aklar\u0131nda cihaz alarm\u0131 devreye girer ve kullan\u0131c\u0131y\u0131 maskeyi d\u00fczeltmesi i\u00e7in sesli \u015fekilde uyar\u0131r. Maske d\u00fczeltildi\u011finde alarm kendili\u011finden kapan\u0131r.<br \/>\nCihaz \u00e7al\u0131\u015f\u0131r durumdayken g\u00fc\u00e7 kesintisi (elektrik kesintisi) olursa otomatik alarm devreye girer ve kullan\u0131c\u0131y\u0131 sesli \u015fekilde uyar\u0131da bulunur.<\/p>\n<p><strong>Reslex \u00d6zelli\u011fi<\/strong><\/p>\n<p>Ekspirasyon (akci\u011ferlerden kirli havan\u0131n at\u0131lmas\u0131) s\u0131ras\u0131nda, hastay\u0131 zorlamadan solunum konforu sa\u011flamas\u0131d\u0131r. B\u00f6ylelikle d\u0131\u015far\u0131 solumadaki bas\u0131n\u00e7 azal\u0131r ve uyku esnas\u0131nda hastan\u0131n daha az efor sarfederek fazla bas\u0131nc\u0131 d\u0131\u015far\u0131ya atmas\u0131na yard\u0131mc\u0131 olmaktad\u0131r. Bu \u00f6zellik sayesinde kalp ritim bozuklu\u011funa neden olan sebepler minimuma inmektedir. Reslex \u00f6zelli\u011fi men\u00fcden aktif edilir.<\/p>","protected":false},"excerpt":{"rendered":"<p>Respirox G3 grubu geli\u015fmi\u015f sens\u00f6rleri sayesinde otomatik olarak hastan\u0131n solunum izler. Ak\u0131ll\u0131 ve yenilik\u00e7i kontrol sistemiyle \u00fcretilmi\u015ftir. Sd Kart Kay\u0131t \u00d6zelli\u011fi Hastalar\u0131n cihaz\u0131 kulland\u0131klar\u0131 s\u00fcre boyunca kullan\u0131m verilerini kaydetme \u00f6zelli\u011fi vard\u0131r. Respirox grubu cihazlar 365 g\u00fcn veri kayd\u0131 yapar ve bu verileri haf\u0131zas\u0131nda tutar. Veri depolama alan\u0131 doldu\u011funda son g\u00fcn\u00fc kaydederek ilk kullan\u0131lan g\u00fcnden ba\u015flayarak [&hellip;]<\/p>","protected":false},"featured_media":17658,"template":"","meta":[],"product_cat":[132],"product_tag":[],"class_list":{"0":"post-17656","1":"product","2":"type-product","3":"status-publish","4":"has-post-thumbnail","6":"product_cat-auto-cpap","7":"ts_product_brand-respirox","9":"first","10":"outofstock","11":"shipping-taxable","12":"product-type-simple"},"_links":{"self":[{"href":"https:\/\/www.dayemedikal.com\/en\/wp-json\/wp\/v2\/product\/17656"}],"collection":[{"href":"https:\/\/www.dayemedikal.com\/en\/wp-json\/wp\/v2\/product"}],"about":[{"href":"https:\/\/www.dayemedikal.com\/en\/wp-json\/wp\/v2\/types\/product"}],"wp:featuredmedia":[{"embeddable":true,"href":"https:\/\/www.dayemedikal.com\/en\/wp-json\/wp\/v2\/media\/17658"}],"wp:attachment":[{"href":"https:\/\/www.dayemedikal.com\/en\/wp-json\/wp\/v2\/media?parent=17656"}],"wp:term":[{"taxonomy":"product_cat","embeddable":true,"href":"https:\/\/www.dayemedikal.com\/en\/wp-json\/wp\/v2\/product_cat?post=17656"},{"taxonomy":"product_tag","embeddable":true,"href":"https:\/\/www.dayemedikal.com\/en\/wp-json\/wp\/v2\/product_tag?post=17656"}],"curies":[{"name":"wp","href":"https:\/\/api.w.org\/{rel}","templated":true}]}}