{"id":17662,"date":"2021-05-16T00:29:26","date_gmt":"2021-05-15T21:29:26","guid":{"rendered":"https:\/\/www.dayemedikal.com\/?post_type=product&#038;p=17662"},"modified":"2024-11-11T16:07:14","modified_gmt":"2024-11-11T13:07:14","slug":"weinmann-lowenstein-prisma-auto-cpap-apap-cihazi","status":"publish","type":"product","link":"https:\/\/www.dayemedikal.com\/en\/product\/weinmann-lowenstein-prisma-auto-cpap-apap-cihazi\/","title":{"rendered":"L\u00f6wenstein (Weinmann) Prisma Auto Cpap (Apap) Cihaz\u0131"},"content":{"rendered":"<p>SoftPAP nefes vermeyi kolayla\u015ft\u0131r\u0131r.<br \/>\nTerapi yaz\u0131l\u0131m\u0131 ile LAN \u00fczerinden uzaktan y\u00f6netim<\/p>\n<p><strong>Sd Kart Kay\u0131t \u00d6zelli\u011fi<\/strong><\/p>\n<p>Hastalar\u0131n cihaz\u0131 kulland\u0131klar\u0131 s\u00fcre boyunca kullan\u0131m verilerini kaydetme \u00f6zelli\u011fidir. Weinmann (L\u00f6wenstein) Prisma grubu cihazlar 365 g\u00fcn ayr\u0131nt\u0131l\u0131 bir \u015fekilde veri kayd\u0131 yapar ve haf\u0131zas\u0131nda tutar. Veri depolama alan\u0131 doldu\u011funda son g\u00fcn\u00fc kaydederek ilk kullan\u0131lmaya ba\u015flad\u0131\u011f\u0131 g\u00fcn\u00fc siler ve bu \u015fekilde g\u00fcncel verileri istenildi\u011fi her an g\u00f6rebilmeyi sa\u011flar. Kay\u0131t sistemi olduk\u00e7a geli\u015fmi\u015ftir. Horlama, hastalar\u0131n geriye d\u00f6n\u00fck kullanm\u0131\u015f oldu\u011fu s\u00fcreleri tarih ve saat olarak kaydeder. AHI (Apne ve Hipopne ) endekslerini g\u00f6sterir. Hastan\u0131n kullanm\u0131\u015f oldu\u011fu s\u00fcre boyunca cihaz, maske ve hasta uyumunu tespit eder. Ortalama bas\u0131n\u00e7 de\u011ferlerini ve maske ka\u00e7aklar\u0131n\u0131 raporlamalar\u0131yla birlikte g\u00f6rebilmeyi sa\u011flayan olduk\u00e7a geli\u015fmi\u015f bir teknolojidir.<\/p>\n<p><strong>Otomatik Kullan\u0131c\u0131 \u00d6zellikleri<\/strong><\/p>\n<p>Nefes sens\u00f6r\u00fc; (Oto Swich) \u00f6zelli\u011fi sayesinde hi\u00e7 bir tu\u015fa basmaya gerek kalmadan, maskeyi y\u00fcze tak\u0131p nefes al\u0131nmas\u0131 yeterlidir. Cihaz\u0131n otomatik a\u00e7ma \u00f6zelli\u011fi aktif olup \u00e7al\u0131\u015fmaya ba\u015flayacakt\u0131r. Maskeyi \u00e7\u0131kartt\u0131ktan sonra nefes al\u0131\u015f veri\u015f kesilece\u011fi i\u00e7in cihaz otomatik kapatma \u00f6zelli\u011fini devreye alacakt\u0131r ve kapanacakt\u0131r. Bu \u00f6zellik men\u00fcden aktif veya pasif durumuna getirilebilir.<\/p>\n<p><strong>Is\u0131t\u0131c\u0131 Nemlendirici \u00d6zellikleri<\/strong><\/p>\n<p>Weinmann (L\u00f6wenstein) Prisma grubu cihazlarda iste\u011fe ba\u011fl\u0131 olarak \u0131s\u0131t\u0131c\u0131 nemlendirici aparat\u0131 cihaza monte edilerek kullan\u0131l\u0131r. Cihaz\u0131n men\u00fcs\u00fcnden yap\u0131lan 1-5 aras\u0131nda de\u011fi\u015ftirilebilen \u0131s\u0131tma \u00f6zelli\u011fi, kullan\u0131c\u0131ya gidecek olan so\u011fuk havan\u0131n yumu\u015fat\u0131lmas\u0131n\u0131 sa\u011flayarak rahat bir gece uykusu almas\u0131n\u0131 sa\u011flar. Nemlendirici \u00fcnitesinin kullan\u0131m\u0131 monte edili\u015fi \u00e7ok kolayd\u0131r. Kullan\u0131m\u0131 son derece konforludur.<\/p>\n<p><strong>Reslex \u00d6zelli\u011fi<\/strong><\/p>\n<p>Ekspirasyon (akci\u011ferlerden kirli havan\u0131n at\u0131lmas\u0131) s\u0131ras\u0131nda, hastay\u0131 yormadan solunum konforu sa\u011flamas\u0131d\u0131r. B\u00f6ylelikle d\u0131\u015far\u0131 solumadaki bas\u0131n\u00e7 azal\u0131r ve uyku esnas\u0131nda hastaya daha az efor harcatarak fazla bas\u0131nc\u0131 d\u0131\u015far\u0131ya atmas\u0131na yard\u0131mc\u0131 olur. Bu \u00f6zellik sayesinde kalp ritim bozuklu\u011funa neden olan sebepler minimuma indirilir. Reslex \u00f6zelli\u011fi men\u00fcden aktif edilmektedir.<\/p>\n<p><strong>Rampa \u00d6zelli\u011fi<\/strong><\/p>\n<p>\u00d6zellikle y\u00fcksek bas\u0131nca ihtiyac\u0131 olan hastalarda yada tedavi yeni ba\u015flad\u0131ysa, cihaza adaptasyon s\u00fcrecinde gelen bas\u0131n\u00e7l\u0131 havadan dolay\u0131 bir rahats\u0131zl\u0131k hissi meydana gelebiliyor ve bu hisse al\u0131\u015fmak da zaman alabiliyor. Bu sorunu azaltmak i\u00e7in men\u00fcden rampa \u00f6zelli\u011fi devreye al\u0131n\u0131yor. Belirlenen s\u00fcre boyunca cihaz\u0131n d\u00fc\u015f\u00fck bas\u0131n\u00e7ta hava vermesi sa\u011flan\u0131yor, b\u00f6ylece ki\u015fi uykuya ge\u00e7ene kadar y\u00fcksek bas\u0131nca maruz kalm\u0131yor ve daha kolay uyuyabiliyor.<\/p>\n<p><strong>Alarm \u00d6zelli\u011fi<\/strong><\/p>\n<p>Cihaz \u00e7al\u0131\u015f\u0131r durumdayken meydana gelen maske ka\u00e7aklar\u0131nda cihaz alarm\u0131 devreye girer ve kullan\u0131c\u0131y\u0131 uyar\u0131r. Maske d\u00fczeltildi\u011finde alarm devre d\u0131\u015f\u0131 kal\u0131r.<br \/>\nCihaz \u00e7al\u0131\u015f\u0131r durumdayken g\u00fc\u00e7 kesilirse (elektrik kesintisi) otomatik alarm devreye girer ve kullan\u0131c\u0131y\u0131 uyar\u0131r.<\/p>","protected":false},"excerpt":{"rendered":"<p>SoftPAP nefes vermeyi kolayla\u015ft\u0131r\u0131r. Terapi yaz\u0131l\u0131m\u0131 ile LAN \u00fczerinden uzaktan y\u00f6netim Sd Kart Kay\u0131t \u00d6zelli\u011fi Hastalar\u0131n cihaz\u0131 kulland\u0131klar\u0131 s\u00fcre boyunca kullan\u0131m verilerini kaydetme \u00f6zelli\u011fidir. Weinmann (L\u00f6wenstein) Prisma grubu cihazlar 365 g\u00fcn ayr\u0131nt\u0131l\u0131 bir \u015fekilde veri kayd\u0131 yapar ve haf\u0131zas\u0131nda tutar. Veri depolama alan\u0131 doldu\u011funda son g\u00fcn\u00fc kaydederek ilk kullan\u0131lmaya ba\u015flad\u0131\u011f\u0131 g\u00fcn\u00fc siler ve bu \u015fekilde [&hellip;]<\/p>","protected":false},"featured_media":18574,"template":"","meta":[],"product_cat":[132],"product_tag":[],"class_list":{"0":"post-17662","1":"product","2":"type-product","3":"status-publish","4":"has-post-thumbnail","6":"product_cat-auto-cpap","7":"product_shipping_class-cpap-bpap","9":"first","10":"instock","11":"shipping-taxable","12":"product-type-simple"},"_links":{"self":[{"href":"https:\/\/www.dayemedikal.com\/en\/wp-json\/wp\/v2\/product\/17662"}],"collection":[{"href":"https:\/\/www.dayemedikal.com\/en\/wp-json\/wp\/v2\/product"}],"about":[{"href":"https:\/\/www.dayemedikal.com\/en\/wp-json\/wp\/v2\/types\/product"}],"wp:featuredmedia":[{"embeddable":true,"href":"https:\/\/www.dayemedikal.com\/en\/wp-json\/wp\/v2\/media\/18574"}],"wp:attachment":[{"href":"https:\/\/www.dayemedikal.com\/en\/wp-json\/wp\/v2\/media?parent=17662"}],"wp:term":[{"taxonomy":"product_cat","embeddable":true,"href":"https:\/\/www.dayemedikal.com\/en\/wp-json\/wp\/v2\/product_cat?post=17662"},{"taxonomy":"product_tag","embeddable":true,"href":"https:\/\/www.dayemedikal.com\/en\/wp-json\/wp\/v2\/product_tag?post=17662"}],"curies":[{"name":"wp","href":"https:\/\/api.w.org\/{rel}","templated":true}]}}