{"id":17711,"date":"2021-05-17T11:52:16","date_gmt":"2021-05-17T08:52:16","guid":{"rendered":"https:\/\/www.dayemedikal.com\/?post_type=product&#038;p=17711"},"modified":"2024-11-11T15:58:39","modified_gmt":"2024-11-11T12:58:39","slug":"respirox-g2-bpap-st-cihazi","status":"publish","type":"product","link":"https:\/\/www.dayemedikal.com\/en\/product\/respirox-g2-bpap-st-cihazi\/","title":{"rendered":"Respirox G2 Bpap ST Cihaz\u0131"},"content":{"rendered":"<p>Respirox G2 grubu geli\u015fmi\u015f sens\u00f6rleri sayesinde otomatik olarak hastan\u0131n solunumunu izlemektedir. Yenilik\u00e7i ak\u0131ll\u0131 kontrol sistemiyle, hasta i\u00e7in do\u011fru ve rahat tedavi sa\u011flamaktad\u0131r. Y\u00fcksek hassasiyet oran\u0131yla hastaya \u00f6zg\u00fcn terapi algoritmas\u0131yla her kullan\u0131c\u0131da sorunsuz, kusursuz ve konforlu kullan\u0131m sa\u011flar.<\/p>\n<p><strong>Sd Kart Kay\u0131t \u00d6zelli\u011fi<\/strong><\/p>\n<p>Hastalar\u0131n cihaz\u0131 kulland\u0131klar\u0131 s\u00fcre boyunca kullan\u0131m verilerini kaydetme \u00f6zelli\u011fi vard\u0131r. Respirox grubu cihazlar 365 g\u00fcn veri kayd\u0131 yapar ve bu verileri haf\u0131zas\u0131nda tutar. Veri depolama alan\u0131 doldu\u011funda son g\u00fcn\u00fc kaydederek ilk kullan\u0131lan g\u00fcnden ba\u015flayarak siler ve bu \u015fekilde g\u00fcncel verileri istenildi\u011fi her an g\u00f6rebilmeyi sa\u011flar. Hastalar\u0131n geriye d\u00f6n\u00fck kullanm\u0131\u015f oldu\u011fu s\u00fcreleri tarih ve saat \u015feklinde kaydeder. AHI (Apne ve Hipopne ) de\u011ferlerini g\u00f6sterir. Hastan\u0131n kulland\u0131\u011f\u0131 s\u00fcre boyunca cihaz ve maske ile aras\u0131ndaki uyumunu tespit eder. Ortalama bas\u0131n\u00e7 de\u011ferlerini ve maske ka\u00e7aklar\u0131n\u0131 raporlamalar\u0131yla birlikte g\u00f6rebilmeyi sa\u011flayan geli\u015fmi\u015f bir teknolojiye sahiptir. Yenilenen algoritmas\u0131 sayesinde hastan\u0131n uykusunun nas\u0131l ge\u00e7ti\u011fini tek tu\u015fla \u00f6\u011frenebilme \u00f6zelli\u011fi de mevcuttur.<\/p>\n<p><strong>Ergonomik Tasar\u0131m<\/strong><\/p>\n<p>3,5 \u0130n\u00e7 LCD ekran\u0131 ve kullan\u0131\u015fl\u0131 bir kontrol d\u00fc\u011fmesi vard\u0131r. Yeni nesil Respirox G2 serisi hastalara e\u015fsiz bir tedavi deneyimini sunuyor.<\/p>\n<p><strong>SpO2 Kiti<\/strong><\/p>\n<p>SpO2 kiti opsiyonel olarak eklenebilmektedir. SpO2 kiti sayesinde terapi s\u0131ras\u0131nda kandaki oksijen miktar\u0131n\u0131 ve nab\u0131z \u00f6l\u00e7\u00fcm\u00fcn\u00fc kaydeder.<\/p>\n<p><strong>Eco Ak\u0131ll\u0131 Nemlendirme<\/strong><\/p>\n<p>Respirox G2 grubu cihazlar\u0131 yenilik\u00e7i iki b\u00f6l\u00fcm\u00fc sayesinde bir taraftan su \u0131s\u0131n\u0131rken di\u011fer taraftan azalan su miktar\u0131na ekleme yap\u0131labilir. Bu sayede hem optimum nemlendirme sa\u011flanm\u0131\u015f olur hem de elektrik harcamas\u0131ndan tasarruf edilmi\u015f olur.<\/p>\n<p><strong>Otomatik Kullan\u0131c\u0131 \u00d6zellikleri<\/strong><\/p>\n<p>Nefes sens\u00f6r\u00fc; (Oto Swich) \u00f6zelli\u011fi sayesinde hi\u00e7 bir tu\u015fa basmaya gerek kalmadan, maskeyi tak\u0131p nefes al\u0131nmas\u0131 yeterlidir. Cihaz\u0131n otomatik a\u00e7ma \u00f6zelli\u011fi devreye girmektedir. Maskeyi \u00e7\u0131kartt\u0131ktan sonra nefesi alg\u0131lamayaca\u011f\u0131 i\u00e7in cihaz otomatik kapatma \u00f6zelli\u011fini devreye alacakt\u0131r ve kapanacakt\u0131r. Bu \u00f6zellik men\u00fcden aktif veya pasif durumuna getirilmektedir.<\/p>\n<p><strong>Alarm \u00d6zelli\u011fi<\/strong><\/p>\n<p>Cihaz \u00e7al\u0131\u015f\u0131r durumdayken olu\u015fan yo\u011fun maske ka\u00e7aklar\u0131nda cihaz alarm\u0131 devreye girer ve kullan\u0131c\u0131y\u0131 maskeyi d\u00fczeltmesi i\u00e7in sesli bir \u015fekilde uyar\u0131r. Maske d\u00fczeltildi\u011finde alarm kendili\u011finden kapan\u0131r.<br \/>\nCihaz \u00e7al\u0131\u015f\u0131r durumdayken g\u00fc\u00e7 kesintisi (elektrik kesintisi) olursa otomatik alarm devreye girer ve kullan\u0131c\u0131y\u0131 uyar\u0131r.<\/p>\n<p><strong>Reslex \u00d6zelli\u011fi<\/strong><\/p>\n<p>Ekspirasyon (akci\u011ferlerden kirli havan\u0131n at\u0131lmas\u0131) s\u0131ras\u0131nda, hastay\u0131 zorlamadan solunum konforu sa\u011flamas\u0131d\u0131r. B\u00f6ylelikle d\u0131\u015far\u0131 solumadaki bas\u0131n\u00e7 azal\u0131r ve uyku esnas\u0131nda hastan\u0131n daha az efor sarf ederek fazla bas\u0131nc\u0131 d\u0131\u015far\u0131ya atmas\u0131na yard\u0131mc\u0131 olan \u00f6zelliktir. Bu \u00f6zellik sayesinde kalp ritim bozuklu\u011funa neden olan sebepler minimuma iner. Reslex \u00f6zelli\u011fi men\u00fcden aktif edilir.<\/p>","protected":false},"excerpt":{"rendered":"<p>Respirox G2 grubu geli\u015fmi\u015f sens\u00f6rleri sayesinde otomatik olarak hastan\u0131n solunumunu izlemektedir. Yenilik\u00e7i ak\u0131ll\u0131 kontrol sistemiyle, hasta i\u00e7in do\u011fru ve rahat tedavi sa\u011flamaktad\u0131r. Y\u00fcksek hassasiyet oran\u0131yla hastaya \u00f6zg\u00fcn terapi algoritmas\u0131yla her kullan\u0131c\u0131da sorunsuz, kusursuz ve konforlu kullan\u0131m sa\u011flar. Sd Kart Kay\u0131t \u00d6zelli\u011fi Hastalar\u0131n cihaz\u0131 kulland\u0131klar\u0131 s\u00fcre boyunca kullan\u0131m verilerini kaydetme \u00f6zelli\u011fi vard\u0131r. Respirox grubu cihazlar 365 [&hellip;]<\/p>","protected":false},"featured_media":17712,"template":"","meta":[],"product_cat":[134],"product_tag":[],"class_list":{"0":"post-17711","1":"product","2":"type-product","3":"status-publish","4":"has-post-thumbnail","6":"product_cat-bpap-st","7":"ts_product_brand-respirox","9":"first","10":"outofstock","11":"shipping-taxable","12":"product-type-simple"},"_links":{"self":[{"href":"https:\/\/www.dayemedikal.com\/en\/wp-json\/wp\/v2\/product\/17711"}],"collection":[{"href":"https:\/\/www.dayemedikal.com\/en\/wp-json\/wp\/v2\/product"}],"about":[{"href":"https:\/\/www.dayemedikal.com\/en\/wp-json\/wp\/v2\/types\/product"}],"wp:featuredmedia":[{"embeddable":true,"href":"https:\/\/www.dayemedikal.com\/en\/wp-json\/wp\/v2\/media\/17712"}],"wp:attachment":[{"href":"https:\/\/www.dayemedikal.com\/en\/wp-json\/wp\/v2\/media?parent=17711"}],"wp:term":[{"taxonomy":"product_cat","embeddable":true,"href":"https:\/\/www.dayemedikal.com\/en\/wp-json\/wp\/v2\/product_cat?post=17711"},{"taxonomy":"product_tag","embeddable":true,"href":"https:\/\/www.dayemedikal.com\/en\/wp-json\/wp\/v2\/product_tag?post=17711"}],"curies":[{"name":"wp","href":"https:\/\/api.w.org\/{rel}","templated":true}]}}