{"id":17719,"date":"2021-05-17T12:21:26","date_gmt":"2021-05-17T09:21:26","guid":{"rendered":"https:\/\/www.dayemedikal.com\/?post_type=product&#038;p=17719"},"modified":"2024-11-11T16:19:13","modified_gmt":"2024-11-11T13:19:13","slug":"weinmann-lowenstein-somnovent-auto-bpap-st-cihazi-avaps","status":"publish","type":"product","link":"https:\/\/www.dayemedikal.com\/en\/product\/weinmann-lowenstein-somnovent-auto-bpap-st-cihazi-avaps\/","title":{"rendered":"L\u00f6wenstein (Weinmann) Somnovent Auto BPAP ST Cihaz\u0131 (Avaps)"},"content":{"rendered":"<p>SOMNOvent S bipap cihaz\u0131d\u0131r. Teneff\u00fcs bas\u0131n\u00e7 ba\u011f\u0131ms\u0131zd\u0131r ve alt nefes verme bas\u0131nc\u0131n\u0131n temin ederek, cihaz serbest\u00e7e hasta nefes almaya izin verir. Ek g\u00fcvenlik i\u00e7in, s\u00f6zde plan s\u0131kl\u0131\u011f\u0131 g\u00f6z \u00f6n\u00fcne al\u0131r. Merkezi apne mevcut ise, hastan\u0131n sistemi tetikliyor ve cihaz otomatik olarak alg\u0131l\u0131yor. Di\u011fer \u00f6zellikleri e\u015fsiz g\u00fcr\u00fclt\u00fc bast\u0131rma ve uyku laboratuvar\u0131 belirlenen tedavi ayarlar\u0131 geli\u015ftirilmi\u015f bas\u0131n\u00e7 sabitli\u011fi vard\u0131r. SOMNOvent S her bas\u0131n\u00e7 seviyesinde hasta dinlendirici uyku konforunu garanti eder ve hastan\u0131n partneri huzurlu bir gece uykusu sa\u011flar.<br \/>\n\u00dc\u00e7 kademeli hava bas\u0131nc\u0131 ile solunum kaslar\u0131ndaki y\u00fck\u00fc almaktad\u0131r. Hipoventilasyon ve desaturasyonu \u00f6nler. OSAS ve Santral Apne hastalar\u0131nda bas\u0131n\u00e7 rahatlamas\u0131na yol a\u00e7ar. \u0130ki ayr\u0131 frekans se\u00e7ene\u011fi ile back-up ventilasyon garantisi verir.<\/p>\n<p><strong>Is\u0131t\u0131c\u0131 Nemlendirici \u00d6zellikleri<\/strong><\/p>\n<p>Weinmann (L\u00f6wenstein) grubu cihazlarda iste\u011fe ba\u011fl\u0131 olarak \u0131s\u0131t\u0131c\u0131 nemlendirici aparat\u0131 cihaza monte edilerek kullan\u0131l\u0131r. Cihaz\u0131n men\u00fcs\u00fcnden yap\u0131lan 1-5 aras\u0131nda de\u011fi\u015ftirilebilen \u0131s\u0131tma \u00f6zelli\u011fi, kullan\u0131c\u0131ya gidecek olan so\u011fuk havan\u0131n yumu\u015fat\u0131lmas\u0131n\u0131 sa\u011flayarak rahat bir gece uykusu almas\u0131na yard\u0131mc\u0131 olur. Nemlendirici \u00fcnitesinden cihaz\u0131n i\u00e7ine su ka\u00e7mamas\u0131 i\u00e7in yap\u0131lm\u0131\u015f olan kapak korumas\u0131 ile dikkatli bir \u015fekilde kullan\u0131lmas\u0131 tavsiye edilmektedir.<\/p>","protected":false},"excerpt":{"rendered":"<p>SOMNOvent S bipap cihaz\u0131d\u0131r. Teneff\u00fcs bas\u0131n\u00e7 ba\u011f\u0131ms\u0131zd\u0131r ve alt nefes verme bas\u0131nc\u0131n\u0131n temin ederek, cihaz serbest\u00e7e hasta nefes almaya izin verir. Ek g\u00fcvenlik i\u00e7in, s\u00f6zde plan s\u0131kl\u0131\u011f\u0131 g\u00f6z \u00f6n\u00fcne al\u0131r. Merkezi apne mevcut ise, hastan\u0131n sistemi tetikliyor ve cihaz otomatik olarak alg\u0131l\u0131yor. Di\u011fer \u00f6zellikleri e\u015fsiz g\u00fcr\u00fclt\u00fc bast\u0131rma ve uyku laboratuvar\u0131 belirlenen tedavi ayarlar\u0131 geli\u015ftirilmi\u015f bas\u0131n\u00e7 [&hellip;]<\/p>","protected":false},"featured_media":17741,"template":"","meta":[],"product_cat":[135],"product_tag":[],"class_list":{"0":"post-17719","1":"product","2":"type-product","3":"status-publish","4":"has-post-thumbnail","6":"product_cat-avaps","7":"ts_product_brand-lowenstein","9":"first","10":"outofstock","11":"shipping-taxable","12":"product-type-simple"},"_links":{"self":[{"href":"https:\/\/www.dayemedikal.com\/en\/wp-json\/wp\/v2\/product\/17719"}],"collection":[{"href":"https:\/\/www.dayemedikal.com\/en\/wp-json\/wp\/v2\/product"}],"about":[{"href":"https:\/\/www.dayemedikal.com\/en\/wp-json\/wp\/v2\/types\/product"}],"wp:featuredmedia":[{"embeddable":true,"href":"https:\/\/www.dayemedikal.com\/en\/wp-json\/wp\/v2\/media\/17741"}],"wp:attachment":[{"href":"https:\/\/www.dayemedikal.com\/en\/wp-json\/wp\/v2\/media?parent=17719"}],"wp:term":[{"taxonomy":"product_cat","embeddable":true,"href":"https:\/\/www.dayemedikal.com\/en\/wp-json\/wp\/v2\/product_cat?post=17719"},{"taxonomy":"product_tag","embeddable":true,"href":"https:\/\/www.dayemedikal.com\/en\/wp-json\/wp\/v2\/product_tag?post=17719"}],"curies":[{"name":"wp","href":"https:\/\/api.w.org\/{rel}","templated":true}]}}