{"id":17722,"date":"2021-05-17T12:30:04","date_gmt":"2021-05-17T09:30:04","guid":{"rendered":"https:\/\/www.dayemedikal.com\/?post_type=product&#038;p=17722"},"modified":"2024-11-11T16:19:00","modified_gmt":"2024-11-11T13:19:00","slug":"weinmann-lowenstein-prisma-30st-c-cihazi-avaps","status":"publish","type":"product","link":"https:\/\/www.dayemedikal.com\/en\/product\/weinmann-lowenstein-prisma-30st-c-cihazi-avaps\/","title":{"rendered":"L\u00f6wenstein (Weinmann) Prisma 30ST-C Cihaz\u0131 (AVAPS)"},"content":{"rendered":"<div class=\"woocommerce-tabs wc-tabs-wrapper\">\n<div id=\"tab-description\" class=\"woocommerce-Tabs-panel woocommerce-Tabs-panel--description panel entry-content wc-tab\" role=\"tabpanel\" aria-labelledby=\"tab-title-description\">\n<div><strong>Otomatik Kullan\u0131c\u0131 \u00d6zellikler<\/strong><\/div>\n<div><\/div>\n<div>Nefes sens\u00f6r\u00fc; (Oto Swich) \u00f6zelli\u011fi sayesinde hi\u00e7 bir tu\u015fa basmaya gerek kalmadan, maskeyi y\u00fcze tak\u0131p nefes al\u0131nmas\u0131 yeterlidir. Cihaz\u0131n otomatik a\u00e7ma \u00f6zelli\u011fi aktif olup \u00e7al\u0131\u015fmaya ba\u015flayacakt\u0131r. Maskeyi \u00e7\u0131kartt\u0131ktan sonra nefes al\u0131\u015f veri\u015f kesilece\u011fi i\u00e7in cihaz otomatik kapatma \u00f6zelli\u011fini devreye alacakt\u0131r ve kapanacakt\u0131r. Bu \u00f6zellik men\u00fcden aktif veya pasif durumuna getirilebilir.<\/div>\n<div><\/div>\n<div><strong>Is\u0131t\u0131c\u0131 Nemlendirici \u00d6zellikleri<\/strong><\/div>\n<div><\/div>\n<div>Weinmann (L\u00f6wenstein) cihazlarda iste\u011fe ba\u011fl\u0131 olarak \u0131s\u0131t\u0131c\u0131 nemlendirici aparat\u0131 cihaza monte edilerek kullan\u0131l\u0131r. Cihaz\u0131n men\u00fcs\u00fcnden yap\u0131lan 1-5 aras\u0131nda de\u011fi\u015ftirilebilen \u0131s\u0131tma \u00f6zelli\u011fi, kullan\u0131c\u0131ya gidecek olan so\u011fuk havan\u0131n yumu\u015fat\u0131lmas\u0131n\u0131 sa\u011flayarak rahat bir gece uykusu almas\u0131n\u0131 sa\u011flar. Nemlendirici \u00fcnitesinin kullan\u0131m\u0131 monte edili\u015fi \u00e7ok kolayd\u0131r. Kullan\u0131m\u0131 son derece konforludur.<\/div>\n<div><\/div>\n<div><strong>Reslex \u00d6zelli\u011fi<\/strong><\/div>\n<div><\/div>\n<div>Ekspirasyon (akci\u011ferlerden kirli havan\u0131n at\u0131lmas\u0131) s\u0131ras\u0131nda, hastay\u0131 yormadan solunum konforu sa\u011flamas\u0131d\u0131r. B\u00f6ylelikle d\u0131\u015far\u0131 solumadaki bas\u0131n\u00e7 azal\u0131r ve uyku esnas\u0131nda hastaya daha az efor harcatarak fazla bas\u0131nc\u0131 d\u0131\u015far\u0131ya atmas\u0131na yard\u0131mc\u0131 olur. Bu \u00f6zellik sayesinde kalp ritim bozuklu\u011funa neden olan sebepler minimuma indirilir. Reslex \u00f6zelli\u011fi men\u00fcden aktif edilmektedir.<\/div>\n<div><\/div>\n<div><strong>Alarm \u00d6zelli\u011fi<\/strong><\/div>\n<div><\/div>\n<div>Cihaz \u00e7al\u0131\u015f\u0131r durumdayken meydana gelen maske ka\u00e7aklar\u0131nda cihaz alarm\u0131 devreye girer ve kullan\u0131c\u0131y\u0131 uyar\u0131r. Maske d\u00fczeltildi\u011finde alarm devre d\u0131\u015f\u0131 kal\u0131r.<\/div>\n<div>Cihaz \u00e7al\u0131\u015f\u0131r durumdayken g\u00fc\u00e7 kesilirse (elektrik kesintisi) otomatik alarm devreye girer ve kullan\u0131c\u0131y\u0131 uyar\u0131r.<\/div>\n<\/div>\n<\/div>","protected":false},"excerpt":{"rendered":"<p>Otomatik Kullan\u0131c\u0131 \u00d6zellikler Nefes sens\u00f6r\u00fc; (Oto Swich) \u00f6zelli\u011fi sayesinde hi\u00e7 bir tu\u015fa basmaya gerek kalmadan, maskeyi y\u00fcze tak\u0131p nefes al\u0131nmas\u0131 yeterlidir. Cihaz\u0131n otomatik a\u00e7ma \u00f6zelli\u011fi aktif olup \u00e7al\u0131\u015fmaya ba\u015flayacakt\u0131r. Maskeyi \u00e7\u0131kartt\u0131ktan sonra nefes al\u0131\u015f veri\u015f kesilece\u011fi i\u00e7in cihaz otomatik kapatma \u00f6zelli\u011fini devreye alacakt\u0131r ve kapanacakt\u0131r. Bu \u00f6zellik men\u00fcden aktif veya pasif durumuna getirilebilir. Is\u0131t\u0131c\u0131 Nemlendirici [&hellip;]<\/p>","protected":false},"featured_media":17723,"template":"","meta":[],"product_cat":[135],"product_tag":[],"class_list":{"0":"post-17722","1":"product","2":"type-product","3":"status-publish","4":"has-post-thumbnail","6":"product_cat-avaps","7":"product_shipping_class-cpap-bpap","8":"ts_product_brand-lowenstein","10":"first","11":"outofstock","12":"shipping-taxable","13":"product-type-simple"},"_links":{"self":[{"href":"https:\/\/www.dayemedikal.com\/en\/wp-json\/wp\/v2\/product\/17722"}],"collection":[{"href":"https:\/\/www.dayemedikal.com\/en\/wp-json\/wp\/v2\/product"}],"about":[{"href":"https:\/\/www.dayemedikal.com\/en\/wp-json\/wp\/v2\/types\/product"}],"wp:featuredmedia":[{"embeddable":true,"href":"https:\/\/www.dayemedikal.com\/en\/wp-json\/wp\/v2\/media\/17723"}],"wp:attachment":[{"href":"https:\/\/www.dayemedikal.com\/en\/wp-json\/wp\/v2\/media?parent=17722"}],"wp:term":[{"taxonomy":"product_cat","embeddable":true,"href":"https:\/\/www.dayemedikal.com\/en\/wp-json\/wp\/v2\/product_cat?post=17722"},{"taxonomy":"product_tag","embeddable":true,"href":"https:\/\/www.dayemedikal.com\/en\/wp-json\/wp\/v2\/product_tag?post=17722"}],"curies":[{"name":"wp","href":"https:\/\/api.w.org\/{rel}","templated":true}]}}