{"id":17729,"date":"2021-05-17T13:25:49","date_gmt":"2021-05-17T10:25:49","guid":{"rendered":"https:\/\/www.dayemedikal.com\/?post_type=product&#038;p=17729"},"modified":"2024-11-11T16:23:20","modified_gmt":"2024-11-11T13:23:20","slug":"respirox-ivolve-n2-nazal-burun-maske","status":"publish","type":"product","link":"https:\/\/www.dayemedikal.com\/en\/product\/respirox-ivolve-n2-nazal-burun-maske\/","title":{"rendered":"Respirox \u0130volve N2 Nazal (Burun) Maske"},"content":{"rendered":"<p>Uyku Apnesi tedavisinde kullan\u0131lan cihazlar\u0131n en \u00f6nemli aksesuar\u0131 maskelerdir. Respirox \u0130volve N2 Nazal (Burun) Maskesi, ayarlanabilir olan al\u0131n deste\u011fi k\u0131sm\u0131 sayesinde burun kemeri \u00fczerinde meydana gelen bask\u0131y\u0131 azaltmaktad\u0131r. Silikon ve al\u0131n deste\u011fi yast\u0131\u011f\u0131 olduk\u00e7a yumu\u015fakt\u0131r. Ayn\u0131 zamanda yine \u00e7ok yumu\u015fak olan \u00e7ift \u00e7eperli maske silikonu sayesinde, meydana gelebilecek hava s\u0131z\u0131nt\u0131lar\u0131n\u0131 azalt\u0131r. \u00c7ok konforlu bir maske modelidir. Maskenin \u00fczerinde bulunan hava \u00e7\u0131k\u0131\u015f sistemi sayesinde havay\u0131 d\u0131\u015far\u0131ya da\u011f\u0131tarak atar ve sessizdir.<\/p>\n<p>&#8220;T.C.Sa\u011fl\u0131k Bakanl\u0131\u011f\u0131\u2019n\u0131n Hijyenik \u00dcr\u00fcn Y\u00f6netmeli\u011fi\u2019ne g\u00f6re ay\u0131pl\u0131 \u00fcr\u00fcn olmad\u0131\u011f\u0131 s\u00fcrece hijyenik \u00fcr\u00fcnlerin a\u00e7\u0131ld\u0131ktan sonra iade ve de\u011fi\u015fimi s\u00f6z konusu de\u011fildir.&#8221;<\/p>","protected":false},"excerpt":{"rendered":"<p>Respirox \u0130volve N2 Nazal (Burun) Maskesi, ayarlanabilir olan al\u0131n deste\u011fi k\u0131sm\u0131 sayesinde burun kemeri \u00fczerinde meydana gelen bask\u0131y\u0131 azaltmaktad\u0131r.<\/p>","protected":false},"featured_media":17730,"template":"","meta":[],"product_cat":[150],"product_tag":[],"class_list":{"0":"post-17729","1":"product","2":"type-product","3":"status-publish","4":"has-post-thumbnail","6":"product_cat-nazal-maske","7":"product_shipping_class-nazalmaskeler","8":"ts_product_brand-bmc","10":"first","11":"instock","12":"shipping-taxable","13":"product-type-simple"},"_links":{"self":[{"href":"https:\/\/www.dayemedikal.com\/en\/wp-json\/wp\/v2\/product\/17729"}],"collection":[{"href":"https:\/\/www.dayemedikal.com\/en\/wp-json\/wp\/v2\/product"}],"about":[{"href":"https:\/\/www.dayemedikal.com\/en\/wp-json\/wp\/v2\/types\/product"}],"wp:featuredmedia":[{"embeddable":true,"href":"https:\/\/www.dayemedikal.com\/en\/wp-json\/wp\/v2\/media\/17730"}],"wp:attachment":[{"href":"https:\/\/www.dayemedikal.com\/en\/wp-json\/wp\/v2\/media?parent=17729"}],"wp:term":[{"taxonomy":"product_cat","embeddable":true,"href":"https:\/\/www.dayemedikal.com\/en\/wp-json\/wp\/v2\/product_cat?post=17729"},{"taxonomy":"product_tag","embeddable":true,"href":"https:\/\/www.dayemedikal.com\/en\/wp-json\/wp\/v2\/product_tag?post=17729"}],"curies":[{"name":"wp","href":"https:\/\/api.w.org\/{rel}","templated":true}]}}