{"id":17764,"date":"2021-05-20T09:05:50","date_gmt":"2021-05-20T06:05:50","guid":{"rendered":"https:\/\/www.dayemedikal.com\/?post_type=product&#038;p=17764"},"modified":"2024-11-11T15:58:44","modified_gmt":"2024-11-11T12:58:44","slug":"bmc-n4-nazal-burun-maske","status":"publish","type":"product","link":"https:\/\/www.dayemedikal.com\/en\/product\/bmc-n4-nazal-burun-maske\/","title":{"rendered":"Bmc N4 Nazal (Burun) Maske"},"content":{"rendered":"<p>Uyku Apnesi tedavisinde kullan\u0131lan cihazlar\u0131n en \u00f6nemli aksesuar\u0131 maskelerdir. Bmc N4 Nazal (burun) Maskesi, temas alan\u0131n\u0131 azaltmak i\u00e7in yenilenen bir modeldir. Bu yenilik; al\u0131n k\u0131sm\u0131na denk gelen par\u00e7ada yast\u0131k i\u00e7ermemesidir. B\u00f6ylelikle \u00e7ok konforlu kullan\u0131ma sahiptir. Bandaj\u0131n maske ile birle\u015fen yeri kancal\u0131 oldu\u011fu i\u00e7in son derece kolay tak\u0131p \u00e7\u0131kar\u0131l\u0131r. Bu zarif nazal maske tipinde t\u00fcm silikon k\u0131s\u0131m ayn\u0131 \u00e7er\u00e7eveye oturmaktad\u0131r.<\/p>\n<p>&#8220;T.C.Sa\u011fl\u0131k Bakanl\u0131\u011f\u0131\u2019n\u0131n Hijyenik \u00dcr\u00fcn Y\u00f6netmeli\u011fi\u2019ne g\u00f6re ay\u0131pl\u0131 \u00fcr\u00fcn olmad\u0131\u011f\u0131 s\u00fcrece hijyenik \u00fcr\u00fcnlerin a\u00e7\u0131ld\u0131ktan sonra iade ve de\u011fi\u015fimi s\u00f6z konusu de\u011fildir.&#8221;<\/p>","protected":false},"excerpt":{"rendered":"<p>Bmc N4 Nazal (burun) Maskesi, temas alan\u0131n\u0131 azaltmak i\u00e7in yenilenen bir modeldir. Bu yenilik; al\u0131n k\u0131sm\u0131na denk gelen par\u00e7ada yast\u0131k i\u00e7ermemesidir.<\/p>","protected":false},"featured_media":17766,"template":"","meta":[],"product_cat":[150],"product_tag":[],"class_list":{"0":"post-17764","1":"product","2":"type-product","3":"status-publish","4":"has-post-thumbnail","6":"product_cat-nazal-maske","7":"ts_product_brand-bmc","9":"first","10":"outofstock","11":"shipping-taxable","12":"product-type-simple"},"_links":{"self":[{"href":"https:\/\/www.dayemedikal.com\/en\/wp-json\/wp\/v2\/product\/17764"}],"collection":[{"href":"https:\/\/www.dayemedikal.com\/en\/wp-json\/wp\/v2\/product"}],"about":[{"href":"https:\/\/www.dayemedikal.com\/en\/wp-json\/wp\/v2\/types\/product"}],"wp:featuredmedia":[{"embeddable":true,"href":"https:\/\/www.dayemedikal.com\/en\/wp-json\/wp\/v2\/media\/17766"}],"wp:attachment":[{"href":"https:\/\/www.dayemedikal.com\/en\/wp-json\/wp\/v2\/media?parent=17764"}],"wp:term":[{"taxonomy":"product_cat","embeddable":true,"href":"https:\/\/www.dayemedikal.com\/en\/wp-json\/wp\/v2\/product_cat?post=17764"},{"taxonomy":"product_tag","embeddable":true,"href":"https:\/\/www.dayemedikal.com\/en\/wp-json\/wp\/v2\/product_tag?post=17764"}],"curies":[{"name":"wp","href":"https:\/\/api.w.org\/{rel}","templated":true}]}}