{"id":17767,"date":"2021-05-20T09:56:39","date_gmt":"2021-05-20T06:56:39","guid":{"rendered":"https:\/\/www.dayemedikal.com\/?post_type=product&#038;p=17767"},"modified":"2024-11-11T16:24:01","modified_gmt":"2024-11-11T13:24:01","slug":"respirox-rn-01-nazal-burun-maske","status":"publish","type":"product","link":"https:\/\/www.dayemedikal.com\/en\/product\/respirox-rn-01-nazal-burun-maske\/","title":{"rendered":"Respirox RN-01 Nazal (Burun) Maske"},"content":{"rendered":"<p>Uyku Apnesi tedavisinde kullan\u0131lan cihazlar\u0131n en \u00f6nemli aksesuar\u0131 maskelerdir. Respirox RN-01 Nazal (burun) Maskesi, al\u0131n deste\u011fi olmayan kullan\u0131m a\u00e7\u0131s\u0131ndan son derece konforu olan maskelerden biridir. \u00d6n k\u0131sm\u0131nda bulunan hava filtresi sayesinde, hava \u00e7\u0131k\u0131\u015f\u0131 esnas\u0131nda d\u0131\u015far\u0131ya ses \u00e7\u0131k\u0131\u015f\u0131 yapmad\u0131\u011f\u0131 i\u00e7in olduk\u00e7a sessiz ve konforlu bir kullan\u0131ma sahiptir. Bunun yan\u0131nda filtre k\u0131sm\u0131 d\u0131\u015far\u0131dan gelecek her t\u00fcrl\u00fc tozu da \u00fczerinde biriktirir.<\/p>\n<p>&#8220;T.C.Sa\u011fl\u0131k Bakanl\u0131\u011f\u0131\u2019n\u0131n Hijyenik \u00dcr\u00fcn Y\u00f6netmeli\u011fi\u2019ne g\u00f6re ay\u0131pl\u0131 \u00fcr\u00fcn olmad\u0131\u011f\u0131 s\u00fcrece hijyenik \u00fcr\u00fcnlerin a\u00e7\u0131ld\u0131ktan sonra iade ve de\u011fi\u015fimi s\u00f6z konusu de\u011fildir.&#8221;<\/p>","protected":false},"excerpt":{"rendered":"<p>Respirox RN-01 Nazal (burun) Maskesi, al\u0131n deste\u011fi olmayan kullan\u0131m a\u00e7\u0131s\u0131ndan son derece konforu olan maskelerden biridir.<\/p>","protected":false},"featured_media":17771,"template":"","meta":[],"product_cat":[150],"product_tag":[],"class_list":{"0":"post-17767","1":"product","2":"type-product","3":"status-publish","4":"has-post-thumbnail","6":"product_cat-nazal-maske","7":"product_shipping_class-nazalmaskeler","8":"ts_product_brand-respirox","10":"first","11":"instock","12":"shipping-taxable","13":"product-type-simple"},"_links":{"self":[{"href":"https:\/\/www.dayemedikal.com\/en\/wp-json\/wp\/v2\/product\/17767"}],"collection":[{"href":"https:\/\/www.dayemedikal.com\/en\/wp-json\/wp\/v2\/product"}],"about":[{"href":"https:\/\/www.dayemedikal.com\/en\/wp-json\/wp\/v2\/types\/product"}],"wp:featuredmedia":[{"embeddable":true,"href":"https:\/\/www.dayemedikal.com\/en\/wp-json\/wp\/v2\/media\/17771"}],"wp:attachment":[{"href":"https:\/\/www.dayemedikal.com\/en\/wp-json\/wp\/v2\/media?parent=17767"}],"wp:term":[{"taxonomy":"product_cat","embeddable":true,"href":"https:\/\/www.dayemedikal.com\/en\/wp-json\/wp\/v2\/product_cat?post=17767"},{"taxonomy":"product_tag","embeddable":true,"href":"https:\/\/www.dayemedikal.com\/en\/wp-json\/wp\/v2\/product_tag?post=17767"}],"curies":[{"name":"wp","href":"https:\/\/api.w.org\/{rel}","templated":true}]}}