{"id":17772,"date":"2021-05-20T10:59:51","date_gmt":"2021-05-20T07:59:51","guid":{"rendered":"https:\/\/www.dayemedikal.com\/?post_type=product&#038;p=17772"},"modified":"2024-11-11T16:17:41","modified_gmt":"2024-11-11T13:17:41","slug":"bmc-n5b-nazal-burun-maske","status":"publish","type":"product","link":"https:\/\/www.dayemedikal.com\/en\/product\/bmc-n5b-nazal-burun-maske\/","title":{"rendered":"Bmc N5B Nazal (Burun) Maske"},"content":{"rendered":"<p>Uyku Apnesi tedavisinde kullan\u0131lan cihazlar\u0131n en \u00f6nemli aksesuar\u0131 maskelerdir. Bmc N5B Nazal (burun) Maskesi, son derece sessiz olan karbondioksit tahliye delikleri sayesinde, gece boyunca hi\u00e7 rahats\u0131zl\u0131k duymadan uyumay\u0131 sa\u011flamaktad\u0131r. Olduk\u00e7a hafif tasar\u0131m\u0131 ve al\u0131n deste\u011fi olmamas\u0131 kullan\u0131c\u0131n\u0131n y\u00fcz\u00fcnde ekstra bir yer kaplamayaca\u011f\u0131 i\u00e7in her zaman tercih sebebi olacakt\u0131r. 360 derece d\u00f6nebilen ilave uzunluk i\u00e7in yap\u0131lm\u0131\u015f k\u0131sa hortum sayesinde uyku esnas\u0131nda sa\u011fa sola d\u00f6n\u00fc\u015fler daha rahat olacakt\u0131r. Geli\u015ftirilmi\u015f silikon tasar\u0131m\u0131, huzursuz uyuyan hastalar i\u00e7in konforu artt\u0131rmaktad\u0131r.<\/p>\n<p>&#8220;T.C.Sa\u011fl\u0131k Bakanl\u0131\u011f\u0131\u2019n\u0131n Hijyenik \u00dcr\u00fcn Y\u00f6netmeli\u011fi\u2019ne g\u00f6re ay\u0131pl\u0131 \u00fcr\u00fcn olmad\u0131\u011f\u0131 s\u00fcrece hijyenik \u00fcr\u00fcnlerin a\u00e7\u0131ld\u0131ktan sonra iade ve de\u011fi\u015fimi s\u00f6z konusu de\u011fildir.&#8221;<\/p>","protected":false},"excerpt":{"rendered":"<p>Bmc N5B Nazal (burun) Maskesi, son derece sessiz olan karbondioksit tahliye delikleri sayesinde, gece boyunca hi\u00e7 rahats\u0131zl\u0131k duymadan uyumay\u0131 sa\u011flamaktad\u0131r.<\/p>","protected":false},"featured_media":17774,"template":"","meta":[],"product_cat":[150],"product_tag":[],"class_list":{"0":"post-17772","1":"product","2":"type-product","3":"status-publish","4":"has-post-thumbnail","6":"product_cat-nazal-maske","7":"product_shipping_class-nazalmaskeler","8":"ts_product_brand-bmc","10":"first","11":"instock","12":"shipping-taxable","13":"product-type-simple"},"_links":{"self":[{"href":"https:\/\/www.dayemedikal.com\/en\/wp-json\/wp\/v2\/product\/17772"}],"collection":[{"href":"https:\/\/www.dayemedikal.com\/en\/wp-json\/wp\/v2\/product"}],"about":[{"href":"https:\/\/www.dayemedikal.com\/en\/wp-json\/wp\/v2\/types\/product"}],"wp:featuredmedia":[{"embeddable":true,"href":"https:\/\/www.dayemedikal.com\/en\/wp-json\/wp\/v2\/media\/17774"}],"wp:attachment":[{"href":"https:\/\/www.dayemedikal.com\/en\/wp-json\/wp\/v2\/media?parent=17772"}],"wp:term":[{"taxonomy":"product_cat","embeddable":true,"href":"https:\/\/www.dayemedikal.com\/en\/wp-json\/wp\/v2\/product_cat?post=17772"},{"taxonomy":"product_tag","embeddable":true,"href":"https:\/\/www.dayemedikal.com\/en\/wp-json\/wp\/v2\/product_tag?post=17772"}],"curies":[{"name":"wp","href":"https:\/\/api.w.org\/{rel}","templated":true}]}}