{"id":17775,"date":"2021-05-20T11:04:58","date_gmt":"2021-05-20T08:04:58","guid":{"rendered":"https:\/\/www.dayemedikal.com\/?post_type=product&#038;p=17775"},"modified":"2024-11-11T15:58:53","modified_gmt":"2024-11-11T12:58:53","slug":"bmc-n5a-nazal-burun-maske","status":"publish","type":"product","link":"https:\/\/www.dayemedikal.com\/en\/product\/bmc-n5a-nazal-burun-maske\/","title":{"rendered":"Bmc N5A Nazal (Burun) Maske"},"content":{"rendered":"<p>Uyku Apnesi tedavisinde kullan\u0131lan cihazlar\u0131n en \u00f6nemli aksesuar\u0131 maskelerdir. BMC N5A Nazal (burun) Maskesi, son derece hafif ve konforlu olan en yeni \u00fcretimlerden birisidir. Burun yast\u0131\u011f\u0131, meydana gelebilecek olan morluklar\u0131 gidermek i\u00e7in \u00f6zel olarak tasarlanm\u0131\u015ft\u0131r ve y\u00fcz hatlar\u0131na kusursuz bir \u015fekilde uyum sa\u011flamaktad\u0131r. Burun yast\u0131\u011f\u0131n\u0131n \u00fcst kenar\u0131ndaki ak\u0131ll\u0131 esnek oluk tasar\u0131m\u0131, burun k\u00f6pr\u00fcs\u00fcne otomatik ve etkili bir \u015fekilde oturmaktad\u0131r. Ayn\u0131 zamanda \u00e7er\u00e7evesiz tasar\u0131m\u0131 y\u00fcze olan temas\u0131n\u0131 ve al\u0131n deste\u011fini ortadan kald\u0131rd\u0131\u011f\u0131 i\u00e7in net bir g\u00f6r\u00fc\u015f sa\u011flar. Yatmadan \u00f6nce okuyan ya da televizyon izleyenler ki\u015filer i\u00e7in idealdir.<\/p>\n<p>&#8220;T.C.Sa\u011fl\u0131k Bakanl\u0131\u011f\u0131\u2019n\u0131n Hijyenik \u00dcr\u00fcn Y\u00f6netmeli\u011fi\u2019ne g\u00f6re ay\u0131pl\u0131 \u00fcr\u00fcn olmad\u0131\u011f\u0131 s\u00fcrece hijyenik \u00fcr\u00fcnlerin a\u00e7\u0131ld\u0131ktan sonra iade ve de\u011fi\u015fimi s\u00f6z konusu de\u011fildir.&#8221;<\/p>","protected":false},"excerpt":{"rendered":"<p>BMC N5A Nazal (burun) Maskesi, son derece hafif ve konforlu olan en yeni \u00fcretimlerden birisidir. Burun yast\u0131\u011f\u0131, meydana gelebilecek olan morluklar\u0131 gidermek i\u00e7in \u00f6zel olarak tasarlanm\u0131\u015ft\u0131r ve y\u00fcz hatlar\u0131na kusursuz bir \u015fekilde uyum sa\u011flamaktad\u0131r.<\/p>","protected":false},"featured_media":17776,"template":"","meta":[],"product_cat":[150],"product_tag":[],"class_list":{"0":"post-17775","1":"product","2":"type-product","3":"status-publish","4":"has-post-thumbnail","6":"product_cat-nazal-maske","7":"ts_product_brand-bmc","9":"first","10":"outofstock","11":"shipping-taxable","12":"product-type-variable"},"_links":{"self":[{"href":"https:\/\/www.dayemedikal.com\/en\/wp-json\/wp\/v2\/product\/17775"}],"collection":[{"href":"https:\/\/www.dayemedikal.com\/en\/wp-json\/wp\/v2\/product"}],"about":[{"href":"https:\/\/www.dayemedikal.com\/en\/wp-json\/wp\/v2\/types\/product"}],"wp:featuredmedia":[{"embeddable":true,"href":"https:\/\/www.dayemedikal.com\/en\/wp-json\/wp\/v2\/media\/17776"}],"wp:attachment":[{"href":"https:\/\/www.dayemedikal.com\/en\/wp-json\/wp\/v2\/media?parent=17775"}],"wp:term":[{"taxonomy":"product_cat","embeddable":true,"href":"https:\/\/www.dayemedikal.com\/en\/wp-json\/wp\/v2\/product_cat?post=17775"},{"taxonomy":"product_tag","embeddable":true,"href":"https:\/\/www.dayemedikal.com\/en\/wp-json\/wp\/v2\/product_tag?post=17775"}],"curies":[{"name":"wp","href":"https:\/\/api.w.org\/{rel}","templated":true}]}}