{"id":17779,"date":"2021-05-20T11:34:34","date_gmt":"2021-05-20T08:34:34","guid":{"rendered":"https:\/\/www.dayemedikal.com\/?post_type=product&#038;p=17779"},"modified":"2024-11-11T16:16:37","modified_gmt":"2024-11-11T13:16:37","slug":"weinmann-lowenstein-cara-nazal-burun-maske","status":"publish","type":"product","link":"https:\/\/www.dayemedikal.com\/en\/product\/weinmann-lowenstein-cara-nazal-burun-maske\/","title":{"rendered":"L\u00f6wenstein (Weinmann) Cara Nazal (Burun) Maske"},"content":{"rendered":"<p>Uyku Apnesi tedavisinde kullan\u0131lan cihazlar\u0131n en \u00f6nemli aksesuar\u0131 maskelerdir. Weinmann (L\u00f6wenstein) Cara Nazal (burun) Maskesi, L\u00f6wenstein\u2019in en modern ve yeni maskesidir. Olduk\u00e7a hafif (59 gram), k\u00fc\u00e7\u00fck boyutta ve olduk\u00e7a ba\u015far\u0131l\u0131 bir tasar\u0131ma sahiptir. Y\u00fcze tam oturan yumu\u015fak ve esnek bir yap\u0131ya sahiptir. Son derece sessizdir. Kullan\u0131c\u0131n\u0131n uyku s\u00fcresinin sa\u011fl\u0131kl\u0131 ge\u00e7mesine neden olmaktad\u0131r. Dayan\u0131kl\u0131 bir materyale sahiptir. Maske kanca k\u0131sm\u0131 olduk\u00e7a kolay kullan\u0131l\u0131r.<\/p>\n<p>&#8220;T.C.Sa\u011fl\u0131k Bakanl\u0131\u011f\u0131\u2019n\u0131n Hijyenik \u00dcr\u00fcn Y\u00f6netmeli\u011fi\u2019ne g\u00f6re ay\u0131pl\u0131 \u00fcr\u00fcn olmad\u0131\u011f\u0131 s\u00fcrece hijyenik \u00fcr\u00fcnlerin a\u00e7\u0131ld\u0131ktan sonra iade ve de\u011fi\u015fimi s\u00f6z konusu de\u011fildir.&#8221;<\/p>","protected":false},"excerpt":{"rendered":"<p>Weinmann (L\u00f6wenstein) Cara Nazal (burun) Maskesi, L\u00f6wenstein\u2019in en modern ve yeni maskesidir. Olduk\u00e7a hafif (59 gram), k\u00fc\u00e7\u00fck boyutta ve olduk\u00e7a ba\u015far\u0131l\u0131 bir tasar\u0131ma sahiptir.<\/p>","protected":false},"featured_media":17781,"template":"","meta":[],"product_cat":[150],"product_tag":[],"class_list":{"0":"post-17779","1":"product","2":"type-product","3":"status-publish","4":"has-post-thumbnail","6":"product_cat-nazal-maske","7":"product_shipping_class-nazalmaskeler","8":"ts_product_brand-lowenstein","10":"first","11":"instock","12":"featured","13":"shipping-taxable","14":"product-type-simple"},"_links":{"self":[{"href":"https:\/\/www.dayemedikal.com\/en\/wp-json\/wp\/v2\/product\/17779"}],"collection":[{"href":"https:\/\/www.dayemedikal.com\/en\/wp-json\/wp\/v2\/product"}],"about":[{"href":"https:\/\/www.dayemedikal.com\/en\/wp-json\/wp\/v2\/types\/product"}],"wp:featuredmedia":[{"embeddable":true,"href":"https:\/\/www.dayemedikal.com\/en\/wp-json\/wp\/v2\/media\/17781"}],"wp:attachment":[{"href":"https:\/\/www.dayemedikal.com\/en\/wp-json\/wp\/v2\/media?parent=17779"}],"wp:term":[{"taxonomy":"product_cat","embeddable":true,"href":"https:\/\/www.dayemedikal.com\/en\/wp-json\/wp\/v2\/product_cat?post=17779"},{"taxonomy":"product_tag","embeddable":true,"href":"https:\/\/www.dayemedikal.com\/en\/wp-json\/wp\/v2\/product_tag?post=17779"}],"curies":[{"name":"wp","href":"https:\/\/api.w.org\/{rel}","templated":true}]}}