{"id":17784,"date":"2021-05-20T11:45:07","date_gmt":"2021-05-20T08:45:07","guid":{"rendered":"https:\/\/www.dayemedikal.com\/?post_type=product&#038;p=17784"},"modified":"2024-11-11T16:16:08","modified_gmt":"2024-11-11T13:16:08","slug":"weinmann-lowenstein-joyce-one-nazal-burun-maske","status":"publish","type":"product","link":"https:\/\/www.dayemedikal.com\/en\/product\/weinmann-lowenstein-joyce-one-nazal-burun-maske\/","title":{"rendered":"L\u00f6wenstein (Weinmann) Joyce One Nazal (Burun) Maske"},"content":{"rendered":"<p>Uyku Apnesi tedavisinde kullan\u0131lan cihazlar\u0131n en \u00f6nemli aksesuar\u0131 maskelerdir. Weinmann (L\u00f6wenstein) Joyce One Nazal (burun) Maskesi, olduk\u00e7a sa\u011flam ve dayan\u0131kl\u0131 bir malzemeden yap\u0131lm\u0131\u015ft\u0131r. Hafif, kullan\u0131\u015fl\u0131 ve konforludur. Klipsleri sayesinde \u00e7ok kolay tak\u0131p \u00e7\u0131kar\u0131l\u0131r. Tek boyuttad\u0131r ama her kullan\u0131c\u0131n\u0131n y\u00fcz\u00fcne uyum sa\u011flayacak \u015fekilde \u00fcretilmi\u015ftir. Temizli\u011fi \u00e7ok kolayd\u0131r. Al\u0131n deste\u011finin yay hareketi otomatik olarak hastaya uygun mesafenin korunmas\u0131n\u0131 sa\u011flar. Kapal\u0131 tahliye ile kullan\u0131lmaktad\u0131r. Olduk\u00e7a sessiz bir maske modelidir.<\/p>\n<p>&#8220;T.C.Sa\u011fl\u0131k Bakanl\u0131\u011f\u0131\u2019n\u0131n Hijyenik \u00dcr\u00fcn Y\u00f6netmeli\u011fi\u2019ne g\u00f6re ay\u0131pl\u0131 \u00fcr\u00fcn olmad\u0131\u011f\u0131 s\u00fcrece hijyenik \u00fcr\u00fcnlerin a\u00e7\u0131ld\u0131ktan sonra iade ve de\u011fi\u015fimi s\u00f6z konusu de\u011fildir.&#8221;<\/p>","protected":false},"excerpt":{"rendered":"<p>Weinmann (L\u00f6wenstein) Joyce One Nazal (burun) Maskesi, olduk\u00e7a sa\u011flam ve dayan\u0131kl\u0131 bir malzemeden yap\u0131lm\u0131\u015ft\u0131r. Hafif, kullan\u0131\u015fl\u0131 ve konforludur.<\/p>","protected":false},"featured_media":17785,"template":"","meta":[],"product_cat":[150],"product_tag":[],"class_list":{"0":"post-17784","1":"product","2":"type-product","3":"status-publish","4":"has-post-thumbnail","6":"product_cat-nazal-maske","7":"product_shipping_class-nazalmaskeler","8":"ts_product_brand-lowenstein","10":"first","11":"instock","12":"shipping-taxable","13":"product-type-simple"},"_links":{"self":[{"href":"https:\/\/www.dayemedikal.com\/en\/wp-json\/wp\/v2\/product\/17784"}],"collection":[{"href":"https:\/\/www.dayemedikal.com\/en\/wp-json\/wp\/v2\/product"}],"about":[{"href":"https:\/\/www.dayemedikal.com\/en\/wp-json\/wp\/v2\/types\/product"}],"wp:featuredmedia":[{"embeddable":true,"href":"https:\/\/www.dayemedikal.com\/en\/wp-json\/wp\/v2\/media\/17785"}],"wp:attachment":[{"href":"https:\/\/www.dayemedikal.com\/en\/wp-json\/wp\/v2\/media?parent=17784"}],"wp:term":[{"taxonomy":"product_cat","embeddable":true,"href":"https:\/\/www.dayemedikal.com\/en\/wp-json\/wp\/v2\/product_cat?post=17784"},{"taxonomy":"product_tag","embeddable":true,"href":"https:\/\/www.dayemedikal.com\/en\/wp-json\/wp\/v2\/product_tag?post=17784"}],"curies":[{"name":"wp","href":"https:\/\/api.w.org\/{rel}","templated":true}]}}