{"id":17786,"date":"2021-05-20T11:52:52","date_gmt":"2021-05-20T08:52:52","guid":{"rendered":"https:\/\/www.dayemedikal.com\/?post_type=product&#038;p=17786"},"modified":"2024-11-11T16:16:54","modified_gmt":"2024-11-11T13:16:54","slug":"bmc-pillows-interface-p2-nazal-burun-ici-maske","status":"publish","type":"product","link":"https:\/\/www.dayemedikal.com\/en\/product\/bmc-pillows-interface-p2-nazal-burun-ici-maske\/","title":{"rendered":"Bmc Pillows \u0130nterface P2 Nazal (Burun \u0130\u00e7i) Maske"},"content":{"rendered":"<p>Uyku Apnesi tedavisinde kullan\u0131lan cihazlar\u0131n en \u00f6nemli aksesuar\u0131 maskelerdir. Bmc Pillows \u0130nterface P2 Nazal (burun i\u00e7i) Maskesi, minimal tasar\u0131m\u0131 ile olduk\u00e7a yeni ve kullan\u0131\u015fl\u0131 bir se\u00e7enektir. Sadece kullan\u0131m a\u00e7\u0131s\u0131ndan de\u011fil, ayn\u0131 zamanda temizleme ve u\u00e7 de\u011fi\u015ftirme a\u00e7\u0131s\u0131ndan da \u00e7ok kolay bir kullan\u0131ma sahiptir. En \u00f6nemli \u00f6zelli\u011fi ise yast\u0131k\u00e7\u0131\u011f\u0131n\u0131n \u00e7ok rahat olu\u015fudur. Olduk\u00e7a hafif olan Bmc Pillows \u0130nterface P2 Nazal Maske, ayn\u0131 zamanda kolayca tak\u0131l\u0131p \u00e7\u0131kart\u0131lmaktad\u0131r. Tahliye k\u0131sm\u0131ndan hava \u00e7\u0131k\u0131\u015f\u0131 olurken bile \u00e7ok sessizdir. Hastan\u0131n konforlu bir \u015fekilde uyumas\u0131n\u0131 sa\u011flamaktad\u0131r. Ekstra uzunluk sa\u011flamas\u0131 i\u00e7in k\u0131sa hortumu mevcuttur.<\/p>\n<p>&#8220;T.C.Sa\u011fl\u0131k Bakanl\u0131\u011f\u0131\u2019n\u0131n Hijyenik \u00dcr\u00fcn Y\u00f6netmeli\u011fi\u2019ne g\u00f6re ay\u0131pl\u0131 \u00fcr\u00fcn olmad\u0131\u011f\u0131 s\u00fcrece hijyenik \u00fcr\u00fcnlerin a\u00e7\u0131ld\u0131ktan sonra iade ve de\u011fi\u015fimi s\u00f6z konusu de\u011fildir.&#8221;<\/p>","protected":false},"excerpt":{"rendered":"<p>Bmc Pillows \u0130nterface P2 Nazal (burun i\u00e7i) Maskesi, minimal tasar\u0131m\u0131 ile olduk\u00e7a yeni ve kullan\u0131\u015fl\u0131 bir se\u00e7enektir. Sadece kullan\u0131m a\u00e7\u0131s\u0131ndan de\u011fil, ayn\u0131 zamanda temizleme ve u\u00e7 de\u011fi\u015ftirme a\u00e7\u0131s\u0131ndan da \u00e7ok kolay bir kullan\u0131ma sahiptir.<\/p>","protected":false},"featured_media":17789,"template":"","meta":[],"product_cat":[150],"product_tag":[],"class_list":{"0":"post-17786","1":"product","2":"type-product","3":"status-publish","4":"has-post-thumbnail","6":"product_cat-nazal-maske","7":"product_shipping_class-nazalmaskeler","8":"ts_product_brand-bmc","10":"first","11":"instock","12":"shipping-taxable","13":"product-type-simple"},"_links":{"self":[{"href":"https:\/\/www.dayemedikal.com\/en\/wp-json\/wp\/v2\/product\/17786"}],"collection":[{"href":"https:\/\/www.dayemedikal.com\/en\/wp-json\/wp\/v2\/product"}],"about":[{"href":"https:\/\/www.dayemedikal.com\/en\/wp-json\/wp\/v2\/types\/product"}],"wp:featuredmedia":[{"embeddable":true,"href":"https:\/\/www.dayemedikal.com\/en\/wp-json\/wp\/v2\/media\/17789"}],"wp:attachment":[{"href":"https:\/\/www.dayemedikal.com\/en\/wp-json\/wp\/v2\/media?parent=17786"}],"wp:term":[{"taxonomy":"product_cat","embeddable":true,"href":"https:\/\/www.dayemedikal.com\/en\/wp-json\/wp\/v2\/product_cat?post=17786"},{"taxonomy":"product_tag","embeddable":true,"href":"https:\/\/www.dayemedikal.com\/en\/wp-json\/wp\/v2\/product_tag?post=17786"}],"curies":[{"name":"wp","href":"https:\/\/api.w.org\/{rel}","templated":true}]}}