{"id":17791,"date":"2021-05-21T08:11:18","date_gmt":"2021-05-21T05:11:18","guid":{"rendered":"https:\/\/www.dayemedikal.com\/?post_type=product&#038;p=17791"},"modified":"2024-11-11T16:21:43","modified_gmt":"2024-11-11T13:21:43","slug":"bmc-f5-oranazal-agiz-burun-maske","status":"publish","type":"product","link":"https:\/\/www.dayemedikal.com\/en\/product\/bmc-f5-oranazal-agiz-burun-maske\/","title":{"rendered":"Bmc F5 Oranazal (A\u011f\u0131z Burun) Maske"},"content":{"rendered":"<p>Uyku Apnesi tedavisinde kullan\u0131lan cihazlar\u0131n en \u00f6nemli aksesuar\u0131 maskelerdir. Bmc F5 Oranazal (A\u011f\u0131z Burun) Maskesi, silikon k\u0131sm\u0131n\u0131n \u00fczerindeki oluk sayesinde, olu\u015fabilecek hava ka\u00e7aklar\u0131n\u0131n \u00f6n\u00fcne ge\u00e7er. S\u0131n\u0131rl\u0131 bas\u0131nc\u0131 korur ve kendini burun k\u00f6pr\u00fcs\u00fcne uyarlayabilir. Tek katmanl\u0131 geleneksel tasar\u0131m\u0131 nedeni ile silikon burun ve y\u00fcze yumu\u015fak bir \u015fekilde oturur. Sadece silikon ve \u00e7er\u00e7eveden olu\u015fur. Temizli\u011fi, silikon de\u011fi\u015fimi ve tak\u0131p \u00e7\u0131karmas\u0131 son derece kolayd\u0131r.<\/p>\n<p>&#8220;T.C.Sa\u011fl\u0131k Bakanl\u0131\u011f\u0131\u2019n\u0131n Hijyenik \u00dcr\u00fcn Y\u00f6netmeli\u011fi\u2019ne g\u00f6re ay\u0131pl\u0131 \u00fcr\u00fcn olmad\u0131\u011f\u0131 s\u00fcrece hijyenik \u00fcr\u00fcnlerin a\u00e7\u0131ld\u0131ktan sonra iade ve de\u011fi\u015fimi s\u00f6z konusu de\u011fildir.&#8221;<\/p>","protected":false},"excerpt":{"rendered":"<p>Bmc F5 Oranazal (A\u011f\u0131z Burun) Maskesi, silikon k\u0131sm\u0131n\u0131n \u00fczerindeki oluk sayesinde, olu\u015fabilecek hava ka\u00e7aklar\u0131n\u0131n \u00f6n\u00fcne ge\u00e7er.<\/p>","protected":false},"featured_media":17792,"template":"","meta":[],"product_cat":[151],"product_tag":[],"class_list":{"0":"post-17791","1":"product","2":"type-product","3":"status-publish","4":"has-post-thumbnail","6":"product_cat-oranazal-maske","7":"product_shipping_class-oranazalmaskeler","8":"ts_product_brand-bmc","10":"first","11":"instock","12":"shipping-taxable","13":"product-type-simple"},"_links":{"self":[{"href":"https:\/\/www.dayemedikal.com\/en\/wp-json\/wp\/v2\/product\/17791"}],"collection":[{"href":"https:\/\/www.dayemedikal.com\/en\/wp-json\/wp\/v2\/product"}],"about":[{"href":"https:\/\/www.dayemedikal.com\/en\/wp-json\/wp\/v2\/types\/product"}],"wp:featuredmedia":[{"embeddable":true,"href":"https:\/\/www.dayemedikal.com\/en\/wp-json\/wp\/v2\/media\/17792"}],"wp:attachment":[{"href":"https:\/\/www.dayemedikal.com\/en\/wp-json\/wp\/v2\/media?parent=17791"}],"wp:term":[{"taxonomy":"product_cat","embeddable":true,"href":"https:\/\/www.dayemedikal.com\/en\/wp-json\/wp\/v2\/product_cat?post=17791"},{"taxonomy":"product_tag","embeddable":true,"href":"https:\/\/www.dayemedikal.com\/en\/wp-json\/wp\/v2\/product_tag?post=17791"}],"curies":[{"name":"wp","href":"https:\/\/api.w.org\/{rel}","templated":true}]}}