{"id":17793,"date":"2021-05-21T08:17:05","date_gmt":"2021-05-21T05:17:05","guid":{"rendered":"https:\/\/www.dayemedikal.com\/?post_type=product&#038;p=17793"},"modified":"2024-11-11T16:17:17","modified_gmt":"2024-11-11T13:17:17","slug":"bmc-f5a-oranazal-agiz-burun-maske","status":"publish","type":"product","link":"https:\/\/www.dayemedikal.com\/en\/product\/bmc-f5a-oranazal-agiz-burun-maske\/","title":{"rendered":"Bmc F5A Oranazal (A\u011f\u0131z Burun) Maske"},"content":{"rendered":"<p>Uyku Apnesi tedavisinde kullan\u0131lan cihazlar\u0131n en \u00f6nemli aksesuar\u0131 maskelerdir. Bmc F5A Oranazal (A\u011f\u0131z Burun) Maskesi, kullan\u0131c\u0131n\u0131n y\u00fcz\u00fcnde ekstra bir yer kaplamaz. Bunun nedeni al\u0131n deste\u011fi olmamas\u0131d\u0131r. B\u00f6ylelikle hem y\u00fczde kaplad\u0131\u011f\u0131 alan hem de bask\u0131 ortadan kalkm\u0131\u015f oluyor. Y\u00fcz\u00fcn hatlar\u0131na uyum sa\u011flayarak, kusursuz bir s\u0131zd\u0131rmazl\u0131k ve gece boyunca \u00fcst\u00fcn konfor sa\u011fl\u0131yor. Yeni nesil, kolay kullan\u0131m\u0131 olan ve \u00f6zel olarak tasarlanm\u0131\u015f tek katmanl\u0131 yumu\u015fak bir silikon yap\u0131s\u0131na sahiptir. Bu nedenle y\u00fczde olu\u015fabilecek k\u0131zar\u0131kl\u0131klar ortadan kalkmaktad\u0131r.<\/p>\n<p>&#8220;T.C.Sa\u011fl\u0131k Bakanl\u0131\u011f\u0131\u2019n\u0131n Hijyenik \u00dcr\u00fcn Y\u00f6netmeli\u011fi\u2019ne g\u00f6re ay\u0131pl\u0131 \u00fcr\u00fcn olmad\u0131\u011f\u0131 s\u00fcrece hijyenik \u00fcr\u00fcnlerin a\u00e7\u0131ld\u0131ktan sonra iade ve de\u011fi\u015fimi s\u00f6z konusu de\u011fildir.&#8221;<\/p>","protected":false},"excerpt":{"rendered":"<p>Bmc F5A Oranazal (A\u011f\u0131z Burun) Maskesi, kullan\u0131c\u0131n\u0131n y\u00fcz\u00fcnde ekstra bir yer kaplamaz. Bunun nedeni al\u0131n deste\u011fi olmamas\u0131d\u0131r. B\u00f6ylelikle hem y\u00fczde kaplad\u0131\u011f\u0131 alan hem de bask\u0131 ortadan kalkm\u0131\u015f oluyor.<\/p>","protected":false},"featured_media":17795,"template":"","meta":[],"product_cat":[151],"product_tag":[],"class_list":{"0":"post-17793","1":"product","2":"type-product","3":"status-publish","4":"has-post-thumbnail","6":"product_cat-oranazal-maske","7":"product_shipping_class-oranazalmaskeler","8":"ts_product_brand-bmc","10":"first","11":"instock","12":"shipping-taxable","13":"product-type-simple"},"_links":{"self":[{"href":"https:\/\/www.dayemedikal.com\/en\/wp-json\/wp\/v2\/product\/17793"}],"collection":[{"href":"https:\/\/www.dayemedikal.com\/en\/wp-json\/wp\/v2\/product"}],"about":[{"href":"https:\/\/www.dayemedikal.com\/en\/wp-json\/wp\/v2\/types\/product"}],"wp:featuredmedia":[{"embeddable":true,"href":"https:\/\/www.dayemedikal.com\/en\/wp-json\/wp\/v2\/media\/17795"}],"wp:attachment":[{"href":"https:\/\/www.dayemedikal.com\/en\/wp-json\/wp\/v2\/media?parent=17793"}],"wp:term":[{"taxonomy":"product_cat","embeddable":true,"href":"https:\/\/www.dayemedikal.com\/en\/wp-json\/wp\/v2\/product_cat?post=17793"},{"taxonomy":"product_tag","embeddable":true,"href":"https:\/\/www.dayemedikal.com\/en\/wp-json\/wp\/v2\/product_tag?post=17793"}],"curies":[{"name":"wp","href":"https:\/\/api.w.org\/{rel}","templated":true}]}}