{"id":17800,"date":"2021-05-21T08:49:29","date_gmt":"2021-05-21T05:49:29","guid":{"rendered":"https:\/\/www.dayemedikal.com\/?post_type=product&#038;p=17800"},"modified":"2024-11-11T16:15:17","modified_gmt":"2024-11-11T13:15:17","slug":"weinmann-lowenstein-cara-oranazal-agiz-burun-maske","status":"publish","type":"product","link":"https:\/\/www.dayemedikal.com\/en\/product\/weinmann-lowenstein-cara-oranazal-agiz-burun-maske\/","title":{"rendered":"L\u00f6wenstein (Weinmann) Cara Oranazal (A\u011f\u0131z Burun) Maske"},"content":{"rendered":"<p>Uyku Apnesi tedavisinde kullan\u0131lan cihazlar\u0131n en \u00f6nemli aksesuar\u0131 maskelerdir. Weinmann (L\u00f6wenstein) Cara Oranazal (A\u011f\u0131z Burun) Maskesi, hastan\u0131n kullan\u0131m\u0131 i\u00e7in ideal olan her \u00f6zellik geli\u015ftirilerek \u00fcretilmi\u015f bir maske modelidir. Olduk\u00e7a hafif ve y\u00fcze tam oturan yap\u0131s\u0131 sayesinde son derece konforlu bir kullan\u0131ma sahiptir. Maske yap\u0131s\u0131 \u00e7ok yumu\u015fak ve esnektir ve hava \u00e7\u0131k\u0131\u015f k\u0131sm\u0131ndan ses gelmedi\u011fi i\u00e7in hastalara \u00e7ok konforlu bir uyku deneyimi ya\u015fatmaktad\u0131r. Kullan\u0131m\u0131 \u00e7ok kolayd\u0131r.<\/p>\n<p>&#8220;T.C.Sa\u011fl\u0131k Bakanl\u0131\u011f\u0131\u2019n\u0131n Hijyenik \u00dcr\u00fcn Y\u00f6netmeli\u011fi\u2019ne g\u00f6re ay\u0131pl\u0131 \u00fcr\u00fcn olmad\u0131\u011f\u0131 s\u00fcrece hijyenik \u00fcr\u00fcnlerin a\u00e7\u0131ld\u0131ktan sonra iade ve de\u011fi\u015fimi s\u00f6z konusu de\u011fildir.&#8221;<\/p>","protected":false},"excerpt":{"rendered":"<p>Weinmann (L\u00f6wenstein) Cara Oranazal (A\u011f\u0131z Burun) Maskesi, hastan\u0131n kullan\u0131m\u0131 i\u00e7in ideal olan her \u00f6zellik geli\u015ftirilerek \u00fcretilmi\u015f bir maske modelidir.<\/p>","protected":false},"featured_media":17802,"template":"","meta":[],"product_cat":[151],"product_tag":[],"class_list":{"0":"post-17800","1":"product","2":"type-product","3":"status-publish","4":"has-post-thumbnail","6":"product_cat-oranazal-maske","7":"product_shipping_class-oranazalmaskeler","8":"ts_product_brand-lowenstein","10":"first","11":"instock","12":"shipping-taxable","13":"product-type-simple"},"_links":{"self":[{"href":"https:\/\/www.dayemedikal.com\/en\/wp-json\/wp\/v2\/product\/17800"}],"collection":[{"href":"https:\/\/www.dayemedikal.com\/en\/wp-json\/wp\/v2\/product"}],"about":[{"href":"https:\/\/www.dayemedikal.com\/en\/wp-json\/wp\/v2\/types\/product"}],"wp:featuredmedia":[{"embeddable":true,"href":"https:\/\/www.dayemedikal.com\/en\/wp-json\/wp\/v2\/media\/17802"}],"wp:attachment":[{"href":"https:\/\/www.dayemedikal.com\/en\/wp-json\/wp\/v2\/media?parent=17800"}],"wp:term":[{"taxonomy":"product_cat","embeddable":true,"href":"https:\/\/www.dayemedikal.com\/en\/wp-json\/wp\/v2\/product_cat?post=17800"},{"taxonomy":"product_tag","embeddable":true,"href":"https:\/\/www.dayemedikal.com\/en\/wp-json\/wp\/v2\/product_tag?post=17800"}],"curies":[{"name":"wp","href":"https:\/\/api.w.org\/{rel}","templated":true}]}}