{"id":17803,"date":"2021-05-21T08:51:42","date_gmt":"2021-05-21T05:51:42","guid":{"rendered":"https:\/\/www.dayemedikal.com\/?post_type=product&#038;p=17803"},"modified":"2024-11-11T16:14:43","modified_gmt":"2024-11-11T13:14:43","slug":"weinmann-lowenstein-joyce-plus-oranazal-agiz-burun-maske","status":"publish","type":"product","link":"https:\/\/www.dayemedikal.com\/en\/product\/weinmann-lowenstein-joyce-plus-oranazal-agiz-burun-maske\/","title":{"rendered":"L\u00f6wenstein (Weinmann) Joyce Easy Oranazal (A\u011f\u0131z Burun) Maske"},"content":{"rendered":"<p>Uyku Apnesi tedavisinde kullan\u0131lan cihazlar\u0131n en \u00f6nemli aksesuar\u0131 maskelerdir. Weinmann (L\u00f6venstein) Joyce Plus Oranazal (A\u011f\u0131z Burun) Maskesi, kullan\u0131m\u0131 kolay ve kaliteli bir maske modelidir. Hava \u00e7\u0131k\u0131\u015f\u0131 kapal\u0131 sistem oldu\u011fu i\u00e7in hasta son derece sessiz bir uyku uyur. Y\u00fcz yap\u0131s\u0131na rahat uyum sa\u011flar ve ka\u00e7ak oran\u0131n\u0131 en aza indirir. Maskeyi bandajla birle\u015ftiren klipsler olduk\u00e7a kolay kullan\u0131l\u0131r. Maske al\u0131n destek k\u0131sm\u0131 ayarlanabilir oldu\u011fu i\u00e7in farkl\u0131 konumlarda ayarlan\u0131r ve burun \u00fcst\u00fcne bask\u0131 yapmaz. Maske yast\u0131\u011f\u0131 kolayca \u00e7\u0131kabildi\u011fi i\u00e7in temizlemek de olduk\u00e7a basittir.<\/p>\n<p>&#8220;T.C.Sa\u011fl\u0131k Bakanl\u0131\u011f\u0131\u2019n\u0131n Hijyenik \u00dcr\u00fcn Y\u00f6netmeli\u011fi\u2019ne g\u00f6re ay\u0131pl\u0131 \u00fcr\u00fcn olmad\u0131\u011f\u0131 s\u00fcrece hijyenik \u00fcr\u00fcnlerin a\u00e7\u0131ld\u0131ktan sonra iade ve de\u011fi\u015fimi s\u00f6z konusu de\u011fildir.&#8221;<\/p>","protected":false},"excerpt":{"rendered":"<p>Weinmann (L\u00f6venstein) Joyce Plus Oranazal (A\u011f\u0131z Burun) Maskesi, kullan\u0131m\u0131 kolay ve kaliteli bir maske modelidir.<\/p>","protected":false},"featured_media":19140,"template":"","meta":[],"product_cat":[151],"product_tag":[],"class_list":{"0":"post-17803","1":"product","2":"type-product","3":"status-publish","4":"has-post-thumbnail","6":"product_cat-oranazal-maske","7":"product_shipping_class-oranazalmaskeler","8":"ts_product_brand-lowenstein","10":"first","11":"outofstock","12":"shipping-taxable","13":"product-type-simple"},"_links":{"self":[{"href":"https:\/\/www.dayemedikal.com\/en\/wp-json\/wp\/v2\/product\/17803"}],"collection":[{"href":"https:\/\/www.dayemedikal.com\/en\/wp-json\/wp\/v2\/product"}],"about":[{"href":"https:\/\/www.dayemedikal.com\/en\/wp-json\/wp\/v2\/types\/product"}],"wp:featuredmedia":[{"embeddable":true,"href":"https:\/\/www.dayemedikal.com\/en\/wp-json\/wp\/v2\/media\/19140"}],"wp:attachment":[{"href":"https:\/\/www.dayemedikal.com\/en\/wp-json\/wp\/v2\/media?parent=17803"}],"wp:term":[{"taxonomy":"product_cat","embeddable":true,"href":"https:\/\/www.dayemedikal.com\/en\/wp-json\/wp\/v2\/product_cat?post=17803"},{"taxonomy":"product_tag","embeddable":true,"href":"https:\/\/www.dayemedikal.com\/en\/wp-json\/wp\/v2\/product_tag?post=17803"}],"curies":[{"name":"wp","href":"https:\/\/api.w.org\/{rel}","templated":true}]}}