{"id":17805,"date":"2021-05-21T08:53:46","date_gmt":"2021-05-21T05:53:46","guid":{"rendered":"https:\/\/www.dayemedikal.com\/?post_type=product&#038;p=17805"},"modified":"2024-11-11T16:02:30","modified_gmt":"2024-11-11T13:02:30","slug":"weinmann-lowenstein-joyce-one-oranazal-agiz-burun-maske","status":"publish","type":"product","link":"https:\/\/www.dayemedikal.com\/en\/product\/weinmann-lowenstein-joyce-one-oranazal-agiz-burun-maske\/","title":{"rendered":"L\u00f6wenstein (Weinmann) Joyce One Oranazal (A\u011f\u0131z Burun) Maske"},"content":{"rendered":"<p>Uyku Apnesi tedavisinde kullan\u0131lan cihazlar\u0131n en \u00f6nemli aksesuar\u0131 maskelerdir. Weinmann (L\u00f6wenstein) Joyce One Oranazal (A\u011f\u0131z Burun) Maskesi, sa\u011flam malzemelerden \u00fcretilmi\u015ftir. Kullan\u0131m\u0131 ve temizli\u011fi son derece kolayd\u0131r. Y\u00fczde a\u011f\u0131rl\u0131k yapmayacak kadar hafif bir maske modelidir. Al\u0131n deste\u011finin yay hareketi otomatik olarak hasta konforu, y\u00fcze olan uzakl\u0131\u011f\u0131 ve etkili tedavi i\u00e7in uygun mesafenin ayarlanmas\u0131n\u0131 sa\u011flamaktad\u0131r. Tek katmanl\u0131 maske silikonu hastan\u0131n burun ve y\u00fcz\u00fcn\u00fcn boyutu ve \u015fekli ne olursa olsun kendisi ideal konumu bulur ve konforlu bir kullan\u0131m sa\u011flar.<\/p>\n<p>&#8220;T.C.Sa\u011fl\u0131k Bakanl\u0131\u011f\u0131\u2019n\u0131n Hijyenik \u00dcr\u00fcn Y\u00f6netmeli\u011fi\u2019ne g\u00f6re ay\u0131pl\u0131 \u00fcr\u00fcn olmad\u0131\u011f\u0131 s\u00fcrece hijyenik \u00fcr\u00fcnlerin a\u00e7\u0131ld\u0131ktan sonra iade ve de\u011fi\u015fimi s\u00f6z konusu de\u011fildir.&#8221;<\/p>","protected":false},"excerpt":{"rendered":"<p>Weinmann (L\u00f6wenstein) Joyce One Oranazal (A\u011f\u0131z Burun) Maskesi, sa\u011flam malzemelerden \u00fcretilmi\u015ftir.<\/p>","protected":false},"featured_media":17807,"template":"","meta":[],"product_cat":[151],"product_tag":[],"class_list":{"0":"post-17805","1":"product","2":"type-product","3":"status-publish","4":"has-post-thumbnail","6":"product_cat-oranazal-maske","7":"product_shipping_class-oranazalmaskeler","8":"ts_product_brand-lowenstein","10":"first","11":"instock","12":"shipping-taxable","13":"product-type-simple"},"_links":{"self":[{"href":"https:\/\/www.dayemedikal.com\/en\/wp-json\/wp\/v2\/product\/17805"}],"collection":[{"href":"https:\/\/www.dayemedikal.com\/en\/wp-json\/wp\/v2\/product"}],"about":[{"href":"https:\/\/www.dayemedikal.com\/en\/wp-json\/wp\/v2\/types\/product"}],"wp:featuredmedia":[{"embeddable":true,"href":"https:\/\/www.dayemedikal.com\/en\/wp-json\/wp\/v2\/media\/17807"}],"wp:attachment":[{"href":"https:\/\/www.dayemedikal.com\/en\/wp-json\/wp\/v2\/media?parent=17805"}],"wp:term":[{"taxonomy":"product_cat","embeddable":true,"href":"https:\/\/www.dayemedikal.com\/en\/wp-json\/wp\/v2\/product_cat?post=17805"},{"taxonomy":"product_tag","embeddable":true,"href":"https:\/\/www.dayemedikal.com\/en\/wp-json\/wp\/v2\/product_tag?post=17805"}],"curies":[{"name":"wp","href":"https:\/\/api.w.org\/{rel}","templated":true}]}}