{"id":17812,"date":"2021-05-21T09:17:43","date_gmt":"2021-05-21T06:17:43","guid":{"rendered":"https:\/\/www.dayemedikal.com\/?post_type=product&#038;p=17812"},"modified":"2024-11-11T16:00:11","modified_gmt":"2024-11-11T13:00:11","slug":"covidien-puritan-bennett-560-ev-tipi-mekanik-ventilator","status":"publish","type":"product","link":"https:\/\/www.dayemedikal.com\/en\/product\/covidien-puritan-bennett-560-ev-tipi-mekanik-ventilator\/","title":{"rendered":"Covidien Puritan Bennett 560 Ev Tipi Mekanik Ventilat\u00f6r"},"content":{"rendered":"<p>Ev tipi mekanik ventilat\u00f6r cihazlar\u0131 yo\u011fun bak\u0131m, g\u00f6\u011f\u00fcs hastal\u0131klar\u0131, n\u00f6roloji, acil gibi b\u00f6l\u00fcmlerde yatan hastalar\u0131n tedavi s\u00fcrecinde kullan\u0131lmaktad\u0131r. Covidien Puritan Bennett 560 Ev Tipi Mekanik Ventilat\u00f6r, \u00fcst d\u00fczey bir cihazd\u0131r. Sessiz, hafif, konforlu ve kompaktt\u0131r. Birden fazla ventilasyon modunu bar\u0131nd\u0131rd\u0131\u011f\u0131 i\u00e7in hastan\u0131n durumu de\u011fi\u015fse bile ayn\u0131 cihaz ile tedaviye kal\u0131nan yerden devam edilir. Bu \u00f6zellik sayesinde yeni model farkl\u0131 bir cihaza ihtiya\u00e7 duyulmaz. Mikrot\u00fcrbin sistemi dolay\u0131s\u0131yla harici bir bas\u0131n\u00e7 kayna\u011f\u0131na ihtiya\u00e7 duyulmaz, gerekli havay\u0131 cihaz kendi \u00fcretir. Tamam\u0131yla T\u00fcrk\u00e7e men\u00fcye sahiptir. Kullan\u0131m\u0131 olduk\u00e7a basit oldu\u011fu i\u00e7in, hasta yak\u0131nlar\u0131 taraf\u0131ndan kolayl\u0131kla kullan\u0131labilir.<\/p>\n<p>Koah ve n\u00f6romusk\u00fcler hastal\u0131klar\u0131 da i\u00e7eren bir \u00e7ok akut ve kronik solunum yolu patalojisinin tedavisi i\u00e7in bas\u0131n\u00e7 ve hacim modlar\u0131n\u0131 birle\u015ftiren ta\u015f\u0131nabilir karma bir ventilat\u00f6r cihaz\u0131d\u0131r. Non-invaziv (maske) veya invaziv (trakeostomi yada endotrakeal) ile ventilasyon sa\u011flar.<\/p>\n<p>Covidien Puritan Bennett 560 Ev Tipi Mekanik Ventilat\u00f6r cihaz\u0131, hassas ak\u0131m tetikleyicileri ve mikro \u2013 t\u00fcrbin sayesinde hasta ile \u00fcst d\u00fczeyde bir uyum sa\u011flar. Cihaz ayn\u0131 zamanda d\u00fc\u015f\u00fck bas\u0131n\u00e7l\u0131 oksijen kayna\u011f\u0131na da ba\u011flanabilir. Bu sayede hastaya giden havada yakla\u015f\u0131k %50 oran\u0131nda oksijen art\u0131\u015f\u0131 g\u00f6zlemlenir. Ayr\u0131ca hastaya giden havada minimum %21 oksijen garantisi ile saturasyonun en \u00fcst d\u00fczeylerde kalmas\u0131n\u0131 sa\u011flamktad\u0131r. FiO2 kiti ile hastaya giden oksijen oran\u0131 tespit edilmektedir. Dahili bataryas\u0131 sayesinde elektrik kesintisi ya\u015fand\u0131\u011f\u0131nda, cihaz 11 saate kadar \u00e7al\u0131\u015fma devam eder. Bataryan\u0131n ka\u00e7 saat daha \u00e7al\u0131\u015faca\u011f\u0131 ekranda g\u00f6zlemlenebilir. B\u00f6ylelikle hasta yak\u0131nlar\u0131 cihaz\u0131n aktif \u015fekilde ka\u00e7 saat daha \u00e7al\u0131\u015faca\u011f\u0131n\u0131 g\u00f6rm\u00fc\u015f olur. Anl\u0131k ak\u0131\u015f ve bas\u0131n\u00e7 grafikleri cihaz\u0131n ekran\u0131ndan izlenebilir. Bu sayede hekim cihazdaki b\u00fct\u00fcn parametreleri \u00e7ok rahat bir \u015fekilde hastan\u0131n durumuna g\u00f6re ayarlayabilmektedir.<\/p>\n<p>\u0130nspirasyon ve ekspirasyon tetikleyici hassasiyeti ayarlanabilmektedir. B\u00f6ylelikle cihaz hastaya g\u00f6re daha iyi \u015fekilde senkronize edilebilir. Aksi halde hasta, cihaz\u0131 kullanmada ciddi sorunlar ya\u015fayacakt\u0131r.<\/p>","protected":false},"excerpt":{"rendered":"<p>Ev tipi mekanik ventilat\u00f6r cihazlar\u0131 yo\u011fun bak\u0131m, g\u00f6\u011f\u00fcs hastal\u0131klar\u0131, n\u00f6roloji, acil gibi b\u00f6l\u00fcmlerde yatan hastalar\u0131n tedavi s\u00fcrecinde kullan\u0131lmaktad\u0131r.<\/p>","protected":false},"featured_media":17813,"template":"","meta":[],"product_cat":[140],"product_tag":[],"class_list":{"0":"post-17812","1":"product","2":"type-product","3":"status-publish","4":"has-post-thumbnail","6":"product_cat-ventilator","7":"product_shipping_class-ventilator","8":"ts_product_brand-covidien","10":"first","11":"outofstock","12":"shipping-taxable","13":"product-type-simple"},"_links":{"self":[{"href":"https:\/\/www.dayemedikal.com\/en\/wp-json\/wp\/v2\/product\/17812"}],"collection":[{"href":"https:\/\/www.dayemedikal.com\/en\/wp-json\/wp\/v2\/product"}],"about":[{"href":"https:\/\/www.dayemedikal.com\/en\/wp-json\/wp\/v2\/types\/product"}],"wp:featuredmedia":[{"embeddable":true,"href":"https:\/\/www.dayemedikal.com\/en\/wp-json\/wp\/v2\/media\/17813"}],"wp:attachment":[{"href":"https:\/\/www.dayemedikal.com\/en\/wp-json\/wp\/v2\/media?parent=17812"}],"wp:term":[{"taxonomy":"product_cat","embeddable":true,"href":"https:\/\/www.dayemedikal.com\/en\/wp-json\/wp\/v2\/product_cat?post=17812"},{"taxonomy":"product_tag","embeddable":true,"href":"https:\/\/www.dayemedikal.com\/en\/wp-json\/wp\/v2\/product_tag?post=17812"}],"curies":[{"name":"wp","href":"https:\/\/api.w.org\/{rel}","templated":true}]}}