{"id":17814,"date":"2021-05-21T09:26:52","date_gmt":"2021-05-21T06:26:52","guid":{"rendered":"https:\/\/www.dayemedikal.com\/?post_type=product&#038;p=17814"},"modified":"2024-11-11T15:58:45","modified_gmt":"2024-11-11T12:58:45","slug":"hoffrichter-carat-pro-ev-tipi-mekanik-ventilator","status":"publish","type":"product","link":"https:\/\/www.dayemedikal.com\/en\/product\/hoffrichter-carat-pro-ev-tipi-mekanik-ventilator\/","title":{"rendered":"Hoffrichter Carat Pro Ev Tipi Mekanik Ventilat\u00f6r"},"content":{"rendered":"<p>Ev tipi mekanik ventilat\u00f6r cihazlar\u0131 yo\u011fun bak\u0131m, g\u00f6\u011f\u00fcs hastal\u0131klar\u0131, n\u00f6roloji, acil gibi b\u00f6l\u00fcmlerde yatan hastalar\u0131n tedavi s\u00fcrecinde kullan\u0131lmaktad\u0131r. Hoffrichter Carat Pro Ev Tipi Mekanik Ventilat\u00f6r cihaz\u0131, 50 ml ve \u00fczeri akci\u011fer kapasitesi olan yeti\u015fkin ve pediatrik t\u00fcm hastalar\u0131n kullanabildi\u011fi \u00fcst d\u00fczey bir cihazd\u0131r. \u0130htiyaca g\u00f6re ister tek hortum sistemi ile veya ister iki hortum sistemi ile \u00e7al\u0131\u015ft\u0131rabilmeye y\u00f6nelik teknik ko\u015fullara sahiptir. Carat Pro ev tipi mekanik ventilat\u00f6r cihaz\u0131; uzun pil \u00f6mr\u00fc ve g\u00fcvenilir ventilasyon sistemi mevcuttur. Hafif ve kompakt yap\u0131s\u0131yla hastalara hareket \u00f6zg\u00fcrl\u00fc\u011f\u00fc sa\u011flar.<\/p>\n<p>9 adet aktif mod i\u00e7ermektedir. PCV, APCV, PSV, PSV-S, VCV, AVCV, V-SIMV, P-SIMV, CPAP, Entegre SpO2 ile anl\u0131k saturasyon ve kalp h\u0131z\u0131 takibi yapmaktad\u0131r. Ayr\u0131ca hastan\u0131n durumu de\u011fi\u015fse bile Carat Pro\u2019nun di\u011fer modlar\u0131 sayesinde tedaviye devam edilebilir. G\u00fc\u00e7l\u00fc ventilasyon t\u00fcrbini (blower) sayesinde t\u00fcm bas\u0131n\u00e7 aral\u0131klar\u0131nda g\u00fcvenle \u00e7al\u0131\u015fmaktad\u0131r. Cihaz\u0131n verdi\u011fi alarmlar; y\u00fcksek tidal hacim, d\u00fc\u015f\u00fck tidal hacim, y\u00fcksek dakika hacim, d\u00fc\u015f\u00fck dakika hacim, ka\u00e7ak, y\u00fcksek frekans, d\u00fc\u015f\u00fck frekans, maks. inspirasyon s\u00fcresi, y\u00fcksek bas\u0131n\u00e7 tolerans\u0131, d\u00fc\u015f\u00fck bas\u0131n\u00e7 tolerans\u0131 maks. FiO2, min. FiO2, min. SpO2 ve apne alarm\u0131d\u0131r. Ak\u0131m ve Hacim d\u00f6ng\u00fc grafikleri, 7\u201c Renkli dokunmatik ekran ve SD-Kart ile 1 y\u0131la kadar haf\u0131zada tutma deste\u011fi sa\u011flamaktad\u0131r. USB ba\u011flant\u0131s\u0131 vard\u0131r. Ka\u00e7akl\u0131 Non invaziv kullan\u0131m olana\u011f\u0131 vard\u0131r. Cihaz de\u011fi\u015ftirmeden yaz\u0131l\u0131m g\u00fcncelleme imkan\u0131.<\/p>\n<p>Hastalar\u0131n de\u011fi\u015fken ve ki\u015fisel ihtiya\u00e7lar\u0131 i\u00e7in, farkl\u0131 ventilasyon modlar\u0131nda , geni\u015f ve kolay anla\u015f\u0131l\u0131r ekran ile kullan\u0131c\u0131lara konfor sa\u011flar. Performans\u0131 optimize edilmi\u015f g\u00fc\u00e7l\u00fc motoru ile maksimum terapi bas\u0131n\u00e7lar\u0131nda bile y\u00fcksek ak\u0131m rezervi sunar ve olduk\u00e7a sessizdir. B\u00f6ylece klinikte, transport olarak veya ev kullan\u0131m\u0131nda dahi ihtiyaca y\u00f6nelik hi\u00e7bir eksik b\u0131rakmaz. Y\u00fcksek kapasiteli dahili \u015farj edilebilir bataryalar, klinik i\u00e7i ve d\u0131\u015f\u0131 kullan\u0131mlarda veya olu\u015fabilecek elektriksel ar\u0131za durumlar\u0131nda g\u00fcvenli ve uzun enerji rezervi sa\u011flamaktad\u0131r. \u0130nvaziv ve noninvaziv (ka\u00e7akl\u0131 sistemler dahil) t\u00fcm uygulamalarda her zaman g\u00fcvenli bir se\u00e7imdir. Kolayca de\u011fi\u015ftirilebilen filtrelere sahiptir. Olu\u015fturulan ayarlar i\u00e7in tu\u015f kilidi Ayr\u0131ca CARAT Pro harici bir nemlendirici ile de kullan\u0131labilmektedir.<\/p>\n<p>Smart Function \u00f6zelli\u011fi ile t\u0131kanma hissi olmadan hastaya solunum deste\u011fi sa\u011flamaktad\u0131r. Evde ve hastanede kullan\u0131m i\u00e7in uygundur ve devre de\u011fi\u015fiminde kalibrasyona gerek duymaz. Hem tekli hem de \u00e7iftli devre hortumlar ile \u00e7al\u0131\u015fabilir. SD kart arac\u0131l\u0131\u011f\u0131yla yakla\u015f\u0131k 15.000 olaya kadar kay\u0131t imkan\u0131 sa\u011flar ve veriler hekime kolayca iletebilmektedir. Oksijen cihazlar\u0131 ile birlikte kullan\u0131labilir. (oksijen konsantrat\u00f6r\u00fc, oksijen t\u00fcp\u00fc ve likit oksijen gibi) FiO2 d\u00fczeylerini izlemek i\u00e7in ekstra oksijen kiti SpO2 aparat\u0131 sayesinde oksijen doygunlu\u011fu ve kalp at\u0131\u015f\u0131 cihaz ekran\u0131ndan takip edilebilir.<\/p>\n<p>Farkl\u0131 ventilasyon modlar\u0131 ve y\u00fcksek hassasiyeti sayesinde maksimum hasta uyumu g\u00f6zlemlenmektedir. \u0130\u00e7 \u00e7ekme (Sigh) fonksiyonu mevcuttur. \u0130htiyaca g\u00f6re invazif olarak (trakeostomili) veya non-invaziv (ventilasyon maskesi ile) kullan\u0131labilmektedir. Carat Pro yeni SMART Function (Sensitivity Modular Adapted for Respiration Triggering) \u00f6zelli\u011fi sayesinde hastan\u0131n hatal\u0131 ve uyumsuz solunum tetiklemelerinden sonra olu\u015fan spontan solunumdaki yapay gecikmelerin olu\u015fmas\u0131n\u0131n \u00f6n\u00fcne ge\u00e7er. B\u00f6ylece hastan\u0131n do\u011fal solunum ak\u0131m\u0131n\u0131 destekleyerek hastan\u0131n solunum esnas\u0131nda zorland\u0131\u011f\u0131 t\u0131kanma hissini ortadan kald\u0131r\u0131r.<\/p>","protected":false},"excerpt":{"rendered":"<p>Hoffrichter Carat Pro Ev Tipi Mekanik Ventilat\u00f6r cihaz\u0131, 50 ml ve \u00fczeri akci\u011fer kapasitesi olan yeti\u015fkin ve pediatrik t\u00fcm hastalar\u0131n kullanabildi\u011fi \u00fcst d\u00fczey bir cihazd\u0131r.<\/p>","protected":false},"featured_media":17816,"template":"","meta":[],"product_cat":[140],"product_tag":[],"class_list":{"0":"post-17814","1":"product","2":"type-product","3":"status-publish","4":"has-post-thumbnail","6":"product_cat-ventilator","7":"ts_product_brand-hoffrichter","9":"first","10":"outofstock","11":"shipping-taxable","12":"product-type-simple"},"_links":{"self":[{"href":"https:\/\/www.dayemedikal.com\/en\/wp-json\/wp\/v2\/product\/17814"}],"collection":[{"href":"https:\/\/www.dayemedikal.com\/en\/wp-json\/wp\/v2\/product"}],"about":[{"href":"https:\/\/www.dayemedikal.com\/en\/wp-json\/wp\/v2\/types\/product"}],"wp:featuredmedia":[{"embeddable":true,"href":"https:\/\/www.dayemedikal.com\/en\/wp-json\/wp\/v2\/media\/17816"}],"wp:attachment":[{"href":"https:\/\/www.dayemedikal.com\/en\/wp-json\/wp\/v2\/media?parent=17814"}],"wp:term":[{"taxonomy":"product_cat","embeddable":true,"href":"https:\/\/www.dayemedikal.com\/en\/wp-json\/wp\/v2\/product_cat?post=17814"},{"taxonomy":"product_tag","embeddable":true,"href":"https:\/\/www.dayemedikal.com\/en\/wp-json\/wp\/v2\/product_tag?post=17814"}],"curies":[{"name":"wp","href":"https:\/\/api.w.org\/{rel}","templated":true}]}}