{"id":17817,"date":"2021-05-21T09:52:03","date_gmt":"2021-05-21T06:52:03","guid":{"rendered":"https:\/\/www.dayemedikal.com\/?post_type=product&#038;p=17817"},"modified":"2024-11-11T16:00:05","modified_gmt":"2024-11-11T13:00:05","slug":"lowenstein-weinmann-ventilogic-ls-ev-tipi-mekanik-ventilator","status":"publish","type":"product","link":"https:\/\/www.dayemedikal.com\/en\/product\/lowenstein-weinmann-ventilogic-ls-ev-tipi-mekanik-ventilator\/","title":{"rendered":"L\u00f6wenstein (Weinmann) Ventilogic LS Ev Tipi Mekanik Ventilat\u00f6r"},"content":{"rendered":"<p>Ev tipi mekanik ventilat\u00f6r cihazlar\u0131 yo\u011fun bak\u0131m, g\u00f6\u011f\u00fcs hastal\u0131klar\u0131, n\u00f6roloji, acil gibi b\u00f6l\u00fcmlerde yatmakta olan, yeti\u015fkin ve pediatrik hastalar\u0131n tedavi s\u00fcrecinde evde ya da hastanede kullan\u0131lmak \u00fczere \u00fcretilmi\u015ftir. Weinamnn (L\u00f6wenstein) Ventilogic LS Ev Tipi Mekanik Ventilat\u00f6r cihaz\u0131, yenilik\u00e7i, g\u00fcvenilir, ergonomik ve olduk\u00e7a sessizdir. Hem tekli hem de \u00e7iftli hortum sistemi ile \u00e7al\u0131\u015fabilmektedir. Ayr\u0131ca hortum de\u011fi\u015fiminde kalibrasyona gerek duymaz. T\u00fcm oksijen cihazlar\u0131 ile kullan\u0131labilmektedir. (oksijen konsantrat\u00f6r\u00fc, oksijen t\u00fcp\u00fc ve likit oksijen vb) Oksijen y\u00fczdesi Opsiyonel FiO2 kiti sayesinde takip edilebilir. Yine opsiyonel SpO2 aparat\u0131 sayesinde hastan\u0131n oksijen doygunlu\u011fu ve kalp at\u0131\u015f\u0131 kolayca takip edilebilir. 12 adet farkl\u0131 ventilasyon modlar\u0131 ve y\u00fcksek hassasiyeti sayesinde maksimum \u015fekilde hasta uyumu sa\u011flamaktad\u0131r. Hastan\u0131n durumu de\u011fi\u015fse bile mod de\u011fi\u015fimi yaparak ayn\u0131 cihaz kullan\u0131lmaya devam etmektedir. Harici bataryas\u0131 ile yakla\u015f\u0131k 9 saate kadar ventilasyon imkan\u0131 sa\u011flamaktad\u0131r. Kolayca de\u011fi\u015ftirilebilen filtresi ve olu\u015fturulan ayarlar i\u00e7in tu\u015f kilidi mevcuttur.<\/p>\n<p>Weinamnn (L\u00f6wenstein) Ventilogic LS Ev Tipi Mekanik Ventilat\u00f6r cihaz\u0131, uzun pil \u00f6mr\u00fc ve g\u00fcvenilir ventilasyon sistemi ile \u00fcst d\u00fczey bir cihazd\u0131r. Hafif ve kompakt olan yap\u0131s\u0131 ile hastalara hareket \u00f6zg\u00fcrl\u00fc\u011f\u00fc sa\u011flar.<br \/>\nGerek bas\u0131n\u00e7 gerekse hacim parametrelerine sahip ventilasyon modlar\u0131 sayesinde ihtiyaca g\u00f6re invazif olarak (trakeostomili) veya non-invaziv (ventilasyon maskesi ile) kullan\u0131labilmektedir. Ayn\u0131 zamanda g\u00fc\u00e7l\u00fc ventilasyon sayesinde t\u00fcm bas\u0131n\u00e7 aral\u0131klar\u0131nda g\u00fcvenle \u00e7al\u0131\u015fmaktad\u0131r. T\u00fcrk\u00e7e men\u00fcs\u00fc sayesinde rahatl\u0131kla kullan\u0131labilir. Geni\u015f ekran\u0131n\u0131n olmas\u0131 t\u00fcm alarm ve parametrelerin kolayca g\u00f6r\u00fclmesini sa\u011flamaktad\u0131r. Non-invaziv modlar; CPAP,S,T,ST,TA,SX,SXX (*TA Weinmann patentli moddur.) \u0130nvaziv modlar;PCV,aPCV,PSV,aPSV,VCV,aVCV ve SIMV<\/p>\n<p>Y\u00fcksek tetikleme imkan\u0131 sa\u011flar, her hasta i\u00e7in uygun, ayr\u0131 ayr\u0131 ayarlanabilen inspirasyon ve ekspirasyon tetiklemesi mevcuttur.<\/p>","protected":false},"excerpt":{"rendered":"<p>Weinamnn (L\u00f6wenstein) Ventilogic LS Ev Tipi Mekanik Ventilat\u00f6r cihaz\u0131, yenilik\u00e7i, g\u00fcvenilir, ergonomik ve olduk\u00e7a sessizdir.<\/p>","protected":false},"featured_media":17818,"template":"","meta":[],"product_cat":[140],"product_tag":[],"class_list":{"0":"post-17817","1":"product","2":"type-product","3":"status-publish","4":"has-post-thumbnail","6":"product_cat-ventilator","7":"product_shipping_class-ventilator","8":"ts_product_brand-lowenstein","10":"first","11":"outofstock","12":"shipping-taxable","13":"product-type-simple"},"_links":{"self":[{"href":"https:\/\/www.dayemedikal.com\/en\/wp-json\/wp\/v2\/product\/17817"}],"collection":[{"href":"https:\/\/www.dayemedikal.com\/en\/wp-json\/wp\/v2\/product"}],"about":[{"href":"https:\/\/www.dayemedikal.com\/en\/wp-json\/wp\/v2\/types\/product"}],"wp:featuredmedia":[{"embeddable":true,"href":"https:\/\/www.dayemedikal.com\/en\/wp-json\/wp\/v2\/media\/17818"}],"wp:attachment":[{"href":"https:\/\/www.dayemedikal.com\/en\/wp-json\/wp\/v2\/media?parent=17817"}],"wp:term":[{"taxonomy":"product_cat","embeddable":true,"href":"https:\/\/www.dayemedikal.com\/en\/wp-json\/wp\/v2\/product_cat?post=17817"},{"taxonomy":"product_tag","embeddable":true,"href":"https:\/\/www.dayemedikal.com\/en\/wp-json\/wp\/v2\/product_tag?post=17817"}],"curies":[{"name":"wp","href":"https:\/\/api.w.org\/{rel}","templated":true}]}}