{"id":17819,"date":"2021-05-21T10:06:56","date_gmt":"2021-05-21T07:06:56","guid":{"rendered":"https:\/\/www.dayemedikal.com\/?post_type=product&#038;p=17819"},"modified":"2024-11-11T15:58:45","modified_gmt":"2024-11-11T12:58:45","slug":"lowenstein-weinmann-ventilogic-plus-ev-tipi-mekanik-ventilator","status":"publish","type":"product","link":"https:\/\/www.dayemedikal.com\/en\/product\/lowenstein-weinmann-ventilogic-plus-ev-tipi-mekanik-ventilator\/","title":{"rendered":"L\u00f6wenstein (Weinmann) Ventilogic Plus Ev Tipi Mekanik Ventilat\u00f6r"},"content":{"rendered":"<p>Ev tipi mekanik ventilat\u00f6r cihazlar\u0131 yo\u011fun bak\u0131m, g\u00f6\u011f\u00fcs hastal\u0131klar\u0131, n\u00f6roloji, acil gibi b\u00f6l\u00fcmlerde yatan hastalar\u0131n tedavi s\u00fcrecinde kullan\u0131lmaktad\u0131r. Weinmann (L\u00f6wenstein) Ventilogic Plus Ev Tipi Mekanik Ventilat\u00f6r cihaz\u0131, solunum yetmezli\u011fine\/yetersiz ventilasyona, en az 50 ml tidal vol\u00fcme sahip ve de en az 5 kg a\u011f\u0131rl\u0131\u011f\u0131ndaki hastalarda kullan\u0131labilmektedir.<\/p>\n<p>Weinmann (L\u00f6wenstein) Ventilogic Plus Ev Tipi Mekanik Ventilat\u00f6r cihaz\u0131, ISO 80601-2-72 standart\u0131na uygun olarak, ya\u015fam\u0131 desteklemek, invaziv (giri\u015fimli) ve invaziv olmayan (giri\u015fimsiz) solutmay\u0131 sa\u011flamak ve ayn\u0131 zamanda MPV modunda a\u011f\u0131zl\u0131k ile ya\u015fam\u0131 destekleme ama\u00e7l\u0131 olmayan solutma i\u015flemi i\u00e7in kullan\u0131lmaktad\u0131r.<br \/>\nCihaz, tak\u0131l\u0131 bir ak\u00fc ile elektrik keisntilerinde dahi, hi\u00e7 aksakl\u0131k olmadan \u00e7al\u0131\u015fmaya devam etmektedir. Burada ak\u00fc \u00e7al\u0131\u015fma s\u00fcresi, ilgili y\u00fck durumuna ve ilgili i\u015fletme \u0131s\u0131 derecesine ba\u011fl\u0131d\u0131r. Cihaz \u015febeke gerilimine ba\u011fl\u0131 oldu\u011fu s\u00fcrece dahili ak\u00fc otomatik olarak \u015farj edilmekte veya \u015farj edilmi\u015f durumda tutulmaktad\u0131r.<\/p>\n<p>Terapi cihaz\u0131, a\u015fa\u011f\u0131da belirtilen modlar\u0131nda \u00e7al\u0131\u015ft\u0131r\u0131labilir:<br \/>\nS\u0131zd\u0131rma sistemi: S, T, ST, CPAP, MPVp, MPVv<br \/>\nValf sistemi: PCV, aPCV, PSV, VCV, aVCV, SIMV, MPVp, MPVv Terapi i\u00e7in gerekli olan mod, tedaviyi y\u00fcr\u00fcten doktor taraf\u0131ndan cihazda ayarlan\u0131r.<\/p>\n<p>Doktor, bas\u0131n\u00e7 kontroll\u00fc S, T, ST, TA, PCV, PSV ve aPCV modlar\u0131nda bir vol\u00fcm kompanzasyonu etkinle\u015ftirilebilir. Bunun i\u00e7in asgari hacim ve maksimum bas\u0131n\u00e7 y\u00fckselmesi ayarlanmaktad\u0131r. Asgari hacmin alt\u0131na d\u00fc\u015f\u00fcld\u00fc\u011f\u00fcnde cihaz, bas\u0131nc\u0131 otomatik ayarlanm\u0131\u015f olan maksimum bas\u0131nca (terapi bas\u0131nc\u0131 art\u0131 maks. bas\u0131n\u00e7 y\u00fckselmesi) kadar s\u00fcrekli olarak y\u00fckseltir.<\/p>","protected":false},"excerpt":{"rendered":"<p>Weinmann (L\u00f6wenstein) Ventilogic Plus Ev Tipi Mekanik Ventilat\u00f6r cihaz\u0131, solunum yetmezli\u011fine\/yetersiz ventilasyona, en az 50 ml tidal vol\u00fcme sahip ve de en az 5 kg a\u011f\u0131rl\u0131\u011f\u0131ndaki hastalarda kullan\u0131labilmektedir.<\/p>","protected":false},"featured_media":17820,"template":"","meta":[],"product_cat":[140],"product_tag":[],"class_list":{"0":"post-17819","1":"product","2":"type-product","3":"status-publish","4":"has-post-thumbnail","6":"product_cat-ventilator","7":"ts_product_brand-lowenstein","9":"first","10":"outofstock","11":"shipping-taxable","12":"product-type-simple"},"_links":{"self":[{"href":"https:\/\/www.dayemedikal.com\/en\/wp-json\/wp\/v2\/product\/17819"}],"collection":[{"href":"https:\/\/www.dayemedikal.com\/en\/wp-json\/wp\/v2\/product"}],"about":[{"href":"https:\/\/www.dayemedikal.com\/en\/wp-json\/wp\/v2\/types\/product"}],"wp:featuredmedia":[{"embeddable":true,"href":"https:\/\/www.dayemedikal.com\/en\/wp-json\/wp\/v2\/media\/17820"}],"wp:attachment":[{"href":"https:\/\/www.dayemedikal.com\/en\/wp-json\/wp\/v2\/media?parent=17819"}],"wp:term":[{"taxonomy":"product_cat","embeddable":true,"href":"https:\/\/www.dayemedikal.com\/en\/wp-json\/wp\/v2\/product_cat?post=17819"},{"taxonomy":"product_tag","embeddable":true,"href":"https:\/\/www.dayemedikal.com\/en\/wp-json\/wp\/v2\/product_tag?post=17819"}],"curies":[{"name":"wp","href":"https:\/\/api.w.org\/{rel}","templated":true}]}}