{"id":17821,"date":"2021-05-21T10:12:36","date_gmt":"2021-05-21T07:12:36","guid":{"rendered":"https:\/\/www.dayemedikal.com\/?post_type=product&#038;p=17821"},"modified":"2024-11-11T15:58:45","modified_gmt":"2024-11-11T12:58:45","slug":"spo2-modulu","status":"publish","type":"product","link":"https:\/\/www.dayemedikal.com\/en\/product\/spo2-modulu\/","title":{"rendered":"SpO2 Mod\u00fcl\u00fc"},"content":{"rendered":"<p>SpO2 mod\u00fcl\u00fc ile oksijen saturasyonunun ve nab\u0131z\u0131n, gerek ev ortam\u0131nda gerekse klinik ortamda uzun s\u00fcreli izlenebilme kolayl\u0131\u011f\u0131.<br \/>\nVentilogicLS ve Ventilogic Plus ile kolay ba\u011flant\u0131<br \/>\nSD Kartta verileri saklama imkan\u0131<br \/>\nAyarlanabilen alarm limitleri<\/p>","protected":false},"excerpt":{"rendered":"<div class=\"woocommerce-product-details__short-description\">\n<p>SpO2 mod\u00fcl\u00fc ile oksijen saturasyonunun ve nab\u0131z\u0131n, gerek ev ortam\u0131nda gerekse klinik ortamda uzun s\u00fcreli izlenebilme kolayl\u0131\u011f\u0131.<\/p>\n<\/div>","protected":false},"featured_media":17822,"template":"","meta":[],"product_cat":[140],"product_tag":[],"class_list":{"0":"post-17821","1":"product","2":"type-product","3":"status-publish","4":"has-post-thumbnail","6":"product_cat-ventilator","7":"ts_product_brand-lowenstein","9":"first","10":"outofstock","11":"shipping-taxable","12":"product-type-simple"},"_links":{"self":[{"href":"https:\/\/www.dayemedikal.com\/en\/wp-json\/wp\/v2\/product\/17821"}],"collection":[{"href":"https:\/\/www.dayemedikal.com\/en\/wp-json\/wp\/v2\/product"}],"about":[{"href":"https:\/\/www.dayemedikal.com\/en\/wp-json\/wp\/v2\/types\/product"}],"wp:featuredmedia":[{"embeddable":true,"href":"https:\/\/www.dayemedikal.com\/en\/wp-json\/wp\/v2\/media\/17822"}],"wp:attachment":[{"href":"https:\/\/www.dayemedikal.com\/en\/wp-json\/wp\/v2\/media?parent=17821"}],"wp:term":[{"taxonomy":"product_cat","embeddable":true,"href":"https:\/\/www.dayemedikal.com\/en\/wp-json\/wp\/v2\/product_cat?post=17821"},{"taxonomy":"product_tag","embeddable":true,"href":"https:\/\/www.dayemedikal.com\/en\/wp-json\/wp\/v2\/product_tag?post=17821"}],"curies":[{"name":"wp","href":"https:\/\/api.w.org\/{rel}","templated":true}]}}