{"id":17825,"date":"2021-05-21T12:19:05","date_gmt":"2021-05-21T09:19:05","guid":{"rendered":"https:\/\/www.dayemedikal.com\/?post_type=product&#038;p=17825"},"modified":"2024-11-11T15:58:45","modified_gmt":"2024-11-11T12:58:45","slug":"17825","status":"publish","type":"product","link":"https:\/\/www.dayemedikal.com\/en\/product\/17825\/","title":{"rendered":"Plusmed Aspirasyon Cihaz\u0131"},"content":{"rendered":"<p>Plusmed Aspirasyon Cihaz\u0131; hastal\u0131k, koma ve ameliyat sonras\u0131 evde bak\u0131m\u0131 devam eden ve balgam \u00e7\u0131karmakta g\u00fc\u00e7l\u00fck \u00e7eken hastalarda veya kan gibi s\u0131v\u0131lar\u0131n aspirasyonunda kullan\u0131lmaktad\u0131r. Ayr\u0131ca klinik uygulamalarda, aile sa\u011fl\u0131\u011f\u0131 merkezlerinde, acil servislerde, ameliyathanelerde ve hasta odalar\u0131ndaki t\u0131bbi bak\u0131mlarda da s\u0131k kullan\u0131lan bir cihazd\u0131r. Kompakt ve hafif olmakla birlikte kolay ta\u015f\u0131nabilir oldu\u011fu i\u00e7in de \u00f6zellikle evde t\u0131bbi bak\u0131m, ambulanslar ve d\u0131\u015f mekan kullan\u0131m\u0131 i\u00e7in de olduk\u00e7a uygundur.<\/p>\n<p>Portatif bir tasar\u0131ma sahiptir. \u0130\u00e7 k\u0131s\u0131mda sakl\u0131 aspirat\u00f6r kavanozu ve plastik kare negatif bas\u0131n\u00e7 \u00f6l\u00e7er y\u00fczey ile birlikte tasarlanm\u0131\u015f tamamen yeni bir mekanizmadan olu\u015fmaktad\u0131r. Bu tasar\u0131m cihaz \u00e7al\u0131\u015f\u0131rken ortaya \u00e7\u0131kan sesi azalt\u0131r ve ayn\u0131 zamanda cihaza daha \u015f\u0131k bir g\u00f6r\u00fcn\u00fcm kazand\u0131r\u0131r. 1 LT depolama kavanozu vard\u0131r. Kavanozu ta\u015fmay\u0131 (iltihap ve mukusun cihaza s\u0131zmas\u0131) engelleme tasar\u0131m\u0131na sahiptir.<br \/>\nY\u00fcksek emi\u015f g\u00fcc\u00fcne sahiptir. Hem \u00e7ocuk hem de yeti\u015fkin hastalarda kullan\u0131labilen bir cihazd\u0131r.<\/p>","protected":false},"excerpt":{"rendered":"<p>Plusmed Aspirasyon Cihaz\u0131; hastal\u0131k, koma ve ameliyat sonras\u0131 evde bak\u0131m\u0131 devam eden ve balgam \u00e7\u0131karmakta g\u00fc\u00e7l\u00fck \u00e7eken hastalarda veya kan gibi s\u0131v\u0131lar\u0131n aspirasyonunda kullan\u0131lmaktad\u0131r.<\/p>","protected":false},"featured_media":17826,"template":"","meta":[],"product_cat":[141],"product_tag":[],"class_list":{"0":"post-17825","1":"product","2":"type-product","3":"status-publish","4":"has-post-thumbnail","6":"product_cat-aspirasyon-cihazlari","7":"ts_product_brand-plusmed","9":"first","10":"outofstock","11":"shipping-taxable","12":"product-type-simple"},"_links":{"self":[{"href":"https:\/\/www.dayemedikal.com\/en\/wp-json\/wp\/v2\/product\/17825"}],"collection":[{"href":"https:\/\/www.dayemedikal.com\/en\/wp-json\/wp\/v2\/product"}],"about":[{"href":"https:\/\/www.dayemedikal.com\/en\/wp-json\/wp\/v2\/types\/product"}],"wp:featuredmedia":[{"embeddable":true,"href":"https:\/\/www.dayemedikal.com\/en\/wp-json\/wp\/v2\/media\/17826"}],"wp:attachment":[{"href":"https:\/\/www.dayemedikal.com\/en\/wp-json\/wp\/v2\/media?parent=17825"}],"wp:term":[{"taxonomy":"product_cat","embeddable":true,"href":"https:\/\/www.dayemedikal.com\/en\/wp-json\/wp\/v2\/product_cat?post=17825"},{"taxonomy":"product_tag","embeddable":true,"href":"https:\/\/www.dayemedikal.com\/en\/wp-json\/wp\/v2\/product_tag?post=17825"}],"curies":[{"name":"wp","href":"https:\/\/api.w.org\/{rel}","templated":true}]}}