{"id":17827,"date":"2021-05-21T12:39:28","date_gmt":"2021-05-21T09:39:28","guid":{"rendered":"https:\/\/www.dayemedikal.com\/?post_type=product&#038;p=17827"},"modified":"2024-11-11T16:01:38","modified_gmt":"2024-11-11T13:01:38","slug":"respirox-sz-5aw-oksijen-konsantratoru","status":"publish","type":"product","link":"https:\/\/www.dayemedikal.com\/en\/product\/respirox-sz-5aw-oksijen-konsantratoru\/","title":{"rendered":"Respirox JLO-590\u0130 Neb\u00fclizat\u00f6rl\u00fc Oksijen Konsantrat\u00f6r\u00fc"},"content":{"rendered":"<p>Respirox SZ-5AW Oksijen Konsantrat\u00f6r\u00fc cihaz\u0131, solunum problemi ya\u015fay\u0131p evde tedavi alt\u0131nda olmas\u0131 gereken hastalar i\u00e7in \u00fcretilmi\u015f bir cihazd\u0131r. Elektrikle \u00e7al\u0131\u015fan bu cihaz, % 21 oran\u0131nda ortamda bulunan havay\u0131, PSA teknolojisi sayesinde %93 \u00b13 yo\u011funlukta oksijen gaz\u0131na d\u00f6n\u00fc\u015ft\u00fcrmektedir. %96 safl\u0131kta oksijen deste\u011fi vermektedir.<\/p>\n<p>Oksijen konsantrat\u00f6r\u00fc cihaz\u0131 ortamda bulunan havay\u0131 i\u00e7ine ald\u0131\u011f\u0131 i\u00e7in, alt\u0131nda hal\u0131 ve kilim gibi d\u00f6\u015femeler olmamal\u0131d\u0131r. Bu gibi fakt\u00f6rler bakterilere ve filtrelerin \u00e7ok daha k\u0131sa s\u00fcrede t\u0131kanmas\u0131na yol a\u00e7maktad\u0131r. Cihaz s\u0131cak ve havas\u0131z bir ortamda \u00e7al\u0131\u015ft\u0131r\u0131lmamal\u0131d\u0131r. Cihaz\u0131n oldu\u011fu oda belirli periyotlarda havaland\u0131r\u0131lmal\u0131d\u0131r. Oksijen yan\u0131c\u0131 bir madde oldu\u011fu i\u00e7in, cihaz \u00e7al\u0131\u015f\u0131rken ve ortamda oksijen terapisi g\u00f6ren biri varken sigara i\u00e7ilmemesi gerekmektedir. Cihaz, duvar dibi, soba, \u0131s\u0131 veren, k\u0131v\u0131lc\u0131m \u00e7\u0131karan ve a\u00e7\u0131k ate\u015fin yan\u0131nda bulundurulmamal\u0131d\u0131r. Cihaz uzatma kablosu veya ba\u015fka cihazlar\u0131n tak\u0131l\u0131 oldu\u011fu bir g\u00fc\u00e7 kayna\u011f\u0131 ile kullan\u0131lmamal\u0131d\u0131r. G\u00fcr\u00fclt\u00fc seviyesi (\u226443dB(A)) olduk\u00e7a azd\u0131r.<\/p>\n<p>Di\u011fer Oksijen Konsantrat\u00f6rlerine g\u00f6re daha y\u00fcksek enerji tasarrufu sa\u011flamaktad\u0131r. Verimli \u00e7al\u0131\u015fma sistemi ile g\u00fc\u00e7 kesintisi, y\u00fcksek ve d\u00fc\u015f\u00fck bas\u0131n\u00e7, d\u00fc\u015f\u00fck saturasyon gibi durumlarda sesli \u015fekilde alarm vererek hastay\u0131 uyarma \u00f6zelli\u011fi mevcuttur. Zaman ayar\u0131 \u00e7al\u0131\u015fma modu vard\u0131r.<\/p>\n<p>Cihazlar ile birlikte kullan\u0131lan aksesuarlar\u0131n temizli\u011fi \u00e7ok \u00f6nemlidir. Nazal kan\u00fcl, su kab\u0131 ve cihaz\u0131n t\u00fcm i\u00e7 ve d\u0131\u015f filtrelerinin belirli d\u00f6nemlerde yenilenmesi gerekmektedir. Periyodik bak\u0131mlar\u0131 yap\u0131ld\u0131\u011f\u0131 takdirde kullan\u0131m kalitesi artar. G\u00fcvenilir ve sa\u011fl\u0131kl\u0131 \u015fekilde daha uzun s\u00fcre kullanmaya devam edilebilir. Bak\u0131m\u0131 yap\u0131lmayan cihazlar\u0131n verimi d\u00fc\u015fmektedir.<\/p>","protected":false},"excerpt":{"rendered":"<p>Respirox SZ-5AW Oksijen Konsantrat\u00f6r\u00fc cihaz\u0131, solunum problemi ya\u015fay\u0131p evde tedavi alt\u0131nda olmas\u0131 gereken hastalar i\u00e7in \u00fcretilmi\u015f bir cihazd\u0131r.<\/p>","protected":false},"featured_media":17828,"template":"","meta":[],"product_cat":[153],"product_tag":[],"class_list":{"0":"post-17827","1":"product","2":"type-product","3":"status-publish","4":"has-post-thumbnail","6":"product_cat-5-lt-oksijen-konsantratoru","7":"product_shipping_class-oksijenkonsantratoru","8":"ts_product_brand-respirox","10":"first","11":"instock","12":"featured","13":"shipping-taxable","14":"product-type-simple"},"_links":{"self":[{"href":"https:\/\/www.dayemedikal.com\/en\/wp-json\/wp\/v2\/product\/17827"}],"collection":[{"href":"https:\/\/www.dayemedikal.com\/en\/wp-json\/wp\/v2\/product"}],"about":[{"href":"https:\/\/www.dayemedikal.com\/en\/wp-json\/wp\/v2\/types\/product"}],"wp:featuredmedia":[{"embeddable":true,"href":"https:\/\/www.dayemedikal.com\/en\/wp-json\/wp\/v2\/media\/17828"}],"wp:attachment":[{"href":"https:\/\/www.dayemedikal.com\/en\/wp-json\/wp\/v2\/media?parent=17827"}],"wp:term":[{"taxonomy":"product_cat","embeddable":true,"href":"https:\/\/www.dayemedikal.com\/en\/wp-json\/wp\/v2\/product_cat?post=17827"},{"taxonomy":"product_tag","embeddable":true,"href":"https:\/\/www.dayemedikal.com\/en\/wp-json\/wp\/v2\/product_tag?post=17827"}],"curies":[{"name":"wp","href":"https:\/\/api.w.org\/{rel}","templated":true}]}}