{"id":17831,"date":"2021-05-21T15:39:45","date_gmt":"2021-05-21T12:39:45","guid":{"rendered":"https:\/\/www.dayemedikal.com\/?post_type=product&#038;p=17831"},"modified":"2024-11-11T15:58:46","modified_gmt":"2024-11-11T12:58:46","slug":"oxytek-oksijen-konsantratoru","status":"publish","type":"product","link":"https:\/\/www.dayemedikal.com\/en\/product\/oxytek-oksijen-konsantratoru\/","title":{"rendered":"Oxytek 5 LT Oksijen Konsantrat\u00f6r\u00fc"},"content":{"rendered":"<p>Oxytek Oksijen Konsantrat\u00f6r\u00fc cihaz\u0131 evde kullan\u0131ma en uygun cihazlardan biridir. Boyutlar\u0131n\u0131n k\u00fc\u00e7\u00fck olu\u015fu, ta\u015f\u0131nabilir ve hafif olu\u015fu en b\u00fcy\u00fck etkendir. Cihazda bulunan tekerlekler rahat hareket ettirebilmeye olanak sa\u011flamaktad\u0131r. Oksijen cihazlar\u0131 ortamdaki havay\u0131 i\u00e7ine do\u011fru \u00e7eker ve bir dizi s\u0131k\u0131\u015ft\u0131rma i\u015flemden ge\u00e7irerek, nazal kan\u00fcl yard\u0131m\u0131yla hastaya saf oksijen \u015fekilde verir. Bu ar\u0131t\u0131lm\u0131\u015f havay\u0131 vermeden \u00f6nce filtreleme ve nitrojenin uzakla\u015ft\u0131r\u0131lmas\u0131 yapmaktad\u0131r.<\/p>\n<p>Cihaz\u0131n en kullan\u0131\u015fl\u0131 \u00f6zelliklerinden biri de alarm verme \u00f6zelli\u011fidir. Hastaya verilen oksijen oran\u0131 %82 nin alt\u0131na d\u00fc\u015ft\u00fc\u011f\u00fcnde cihaz sesli \u015fekilde alarm verir ve hastay\u0131 uyar\u0131r.<br \/>\nHastaya y\u00fcksek veya d\u00fc\u015f\u00fck bas\u0131n\u00e7 geldi\u011finde, cihaz\u0131n gaz kesme ve otomatik kapatma \u00f6zelli\u011fi devreye girmektedir.<br \/>\nA\u015f\u0131r\u0131 \u0131s\u0131 veya a\u015f\u0131r\u0131 y\u00fcklenme durumunda cihaz kendini korumaya almaktad\u0131r.<\/p>","protected":false},"excerpt":{"rendered":"<p>Boyutlar\u0131n\u0131n k\u00fc\u00e7\u00fck olu\u015fu, ta\u015f\u0131nabilir ve hafif olu\u015fu en b\u00fcy\u00fck etkendir. Cihazda bulunan tekerlekler rahat hareket ettirebilmeye olanak sa\u011flamaktad\u0131r.<\/p>","protected":false},"featured_media":17832,"template":"","meta":[],"product_cat":[153],"product_tag":[],"class_list":{"0":"post-17831","1":"product","2":"type-product","3":"status-publish","4":"has-post-thumbnail","6":"product_cat-5-lt-oksijen-konsantratoru","7":"ts_product_brand-respirox","9":"first","10":"outofstock","11":"shipping-taxable","12":"product-type-simple"},"_links":{"self":[{"href":"https:\/\/www.dayemedikal.com\/en\/wp-json\/wp\/v2\/product\/17831"}],"collection":[{"href":"https:\/\/www.dayemedikal.com\/en\/wp-json\/wp\/v2\/product"}],"about":[{"href":"https:\/\/www.dayemedikal.com\/en\/wp-json\/wp\/v2\/types\/product"}],"wp:featuredmedia":[{"embeddable":true,"href":"https:\/\/www.dayemedikal.com\/en\/wp-json\/wp\/v2\/media\/17832"}],"wp:attachment":[{"href":"https:\/\/www.dayemedikal.com\/en\/wp-json\/wp\/v2\/media?parent=17831"}],"wp:term":[{"taxonomy":"product_cat","embeddable":true,"href":"https:\/\/www.dayemedikal.com\/en\/wp-json\/wp\/v2\/product_cat?post=17831"},{"taxonomy":"product_tag","embeddable":true,"href":"https:\/\/www.dayemedikal.com\/en\/wp-json\/wp\/v2\/product_tag?post=17831"}],"curies":[{"name":"wp","href":"https:\/\/api.w.org\/{rel}","templated":true}]}}