{"id":17833,"date":"2021-05-21T15:45:34","date_gmt":"2021-05-21T12:45:34","guid":{"rendered":"https:\/\/www.dayemedikal.com\/?post_type=product&#038;p=17833"},"modified":"2024-11-11T16:01:07","modified_gmt":"2024-11-11T13:01:07","slug":"airsep-vision-air-oksijen-konsantratoru","status":"publish","type":"product","link":"https:\/\/www.dayemedikal.com\/en\/product\/airsep-vision-air-oksijen-konsantratoru\/","title":{"rendered":"AirSep Vision Air 5 LT Oksijen Konsantrat\u00f6r\u00fc"},"content":{"rendered":"<p>Airsep Vision Air Oksijen Konsantrat\u00f6r\u00fc cihaz\u0131n\u0131n en \u00f6nemli \u00f6zelli\u011fi k\u00fc\u00e7\u00fck boyutlara sahip olmas\u0131 ve ev kullan\u0131m\u0131 i\u00e7in son derece sessiz olmas\u0131d\u0131r. Bu sebeple hem hasta hem de yak\u0131nlar\u0131 rahats\u0131z olmayacakt\u0131r. Hafifli\u011fi, kompakt dizayn\u0131 ve 360 derece d\u00f6nebilen tekerlekleri ile zeminin \u00fczerinde rahat hareket ettirebilme ve odadan odaya kolay ta\u015f\u0131ma imkan\u0131 da sunmaktad\u0131r.<\/p>\n<p>Airsep Vision Air cihazlarda g\u00fcvenlik \u00f6z planda tutulmu\u015ftur, resetlenebilir elektrik g\u00fcvenlik sistemi, komplike alarm sistemi ve ayr\u0131 ayr\u0131 kullan\u0131m ve \u00e7al\u0131\u015fma saati ile hastan\u0131n ek oksijen ihtiyac\u0131n\u0131 g\u00fcvenle sa\u011flamaktad\u0131r.<br \/>\nBunlar\u0131n d\u0131\u015f\u0131nda Airsep Vision Air g\u00fcvenli bir oksijen \u00fcretimi sa\u011flar ve i\u00e7erdi\u011fi alarm sistemleri sayesinde yeterli oksijen olu\u015fumunu engelleyen bir durum meydana gelirse, hastay\u0131 ve yak\u0131nlar\u0131n\u0131 sesli \u015fekilde uyar\u0131r.<br \/>\nAlarmlar; g\u00fc\u00e7 kesintisi, y\u00fcksek ve d\u00fc\u015f\u00fck bas\u0131n\u00e7, y\u00fcksek s\u0131cakl\u0131k<\/p>\n<p>Cihaza opsiyonel olarak eklenebilen oksijen mod\u00fcl\u00fc \u00f6zelli\u011fi sayesinde, cihaz\u0131n verdi\u011fi oksijen y\u00fczdesi %85\u2019in alt\u0131na d\u00fc\u015ft\u00fc\u011f\u00fc anda alarm vermeye ba\u015flamaktad\u0131r.<\/p>","protected":false},"excerpt":{"rendered":"<p>Airsep Vision Air Oksijen Konsantrat\u00f6r\u00fc cihaz\u0131n\u0131n en \u00f6nemli \u00f6zelli\u011fi k\u00fc\u00e7\u00fck boyutlara sahip olmas\u0131 ve ev kullan\u0131m\u0131 i\u00e7in son derece sessiz olmas\u0131d\u0131r. Bu sebeple hem hasta hem de yak\u0131nlar\u0131 rahats\u0131z olmayacakt\u0131r.<\/p>","protected":false},"featured_media":17834,"template":"","meta":[],"product_cat":[153],"product_tag":[],"class_list":{"0":"post-17833","1":"product","2":"type-product","3":"status-publish","4":"has-post-thumbnail","6":"product_cat-5-lt-oksijen-konsantratoru","7":"product_shipping_class-oksijenkonsantratoru","8":"ts_product_brand-airsep","10":"first","11":"instock","12":"shipping-taxable","13":"product-type-simple"},"_links":{"self":[{"href":"https:\/\/www.dayemedikal.com\/en\/wp-json\/wp\/v2\/product\/17833"}],"collection":[{"href":"https:\/\/www.dayemedikal.com\/en\/wp-json\/wp\/v2\/product"}],"about":[{"href":"https:\/\/www.dayemedikal.com\/en\/wp-json\/wp\/v2\/types\/product"}],"wp:featuredmedia":[{"embeddable":true,"href":"https:\/\/www.dayemedikal.com\/en\/wp-json\/wp\/v2\/media\/17834"}],"wp:attachment":[{"href":"https:\/\/www.dayemedikal.com\/en\/wp-json\/wp\/v2\/media?parent=17833"}],"wp:term":[{"taxonomy":"product_cat","embeddable":true,"href":"https:\/\/www.dayemedikal.com\/en\/wp-json\/wp\/v2\/product_cat?post=17833"},{"taxonomy":"product_tag","embeddable":true,"href":"https:\/\/www.dayemedikal.com\/en\/wp-json\/wp\/v2\/product_tag?post=17833"}],"curies":[{"name":"wp","href":"https:\/\/api.w.org\/{rel}","templated":true}]}}