{"id":17835,"date":"2021-05-21T15:50:37","date_gmt":"2021-05-21T12:50:37","guid":{"rendered":"https:\/\/www.dayemedikal.com\/?post_type=product&#038;p=17835"},"modified":"2024-11-11T15:58:46","modified_gmt":"2024-11-11T12:58:46","slug":"respirox-10-lt-oksijen-konsantratoru","status":"publish","type":"product","link":"https:\/\/www.dayemedikal.com\/en\/product\/respirox-10-lt-oksijen-konsantratoru\/","title":{"rendered":"Respirox 10 Lt Oksijen Konsantrat\u00f6r\u00fc"},"content":{"rendered":"<p>Respirox 10 Lt Oksijen Konsantrat\u00f6r\u00fc cihaz\u0131 genellikle, a\u011f\u0131r bak\u0131m ve y\u00fcksek oksijen terapi ihtiyac\u0131 olan hastalar\u0131 tedavi etmede kullan\u0131lmaktad\u0131r. Genel olarak ya\u015fl\u0131 ya da akci\u011fer solunum yollar\u0131nda ciddi problemleri olan ve hastal\u0131\u011f\u0131 ilerlemi\u015f hastalar tercih etmektedir.<\/p>\n<p>Ev ortam\u0131nda oksijen ihtiyac\u0131n\u0131 kar\u015f\u0131lamak i\u00e7in ortamdaki havadan \u00fcretilen oksijenle \u00e7al\u0131\u015fmaktad\u0131r. Elektrikli \u015fekilde prize tak\u0131larak kullan\u0131l\u0131r. Dakikada 10 Lt oksijen \u00fcretebilir.<\/p>\n<p>Cihaz baz\u0131 durumlarda alarm vererek hastay\u0131 ve yak\u0131nlar\u0131n\u0131 uyar\u0131r. Bunlar; g\u00fc\u00e7 kesintisi, y\u00fcksek ve d\u00fc\u015f\u00fck bas\u0131n\u00e7, s\u0131cakl\u0131k (65\u00b0) ve d\u00fc\u015f\u00fck saturasyondur.<\/p>","protected":false},"excerpt":{"rendered":"<p>Respirox 10 Lt Oksijen Konsantrat\u00f6r\u00fc cihaz\u0131 genellikle, a\u011f\u0131r bak\u0131m ve y\u00fcksek oksijen terapi ihtiyac\u0131 olan hastalar\u0131 tedavi etmede kullan\u0131lmaktad\u0131r.<\/p>","protected":false},"featured_media":17836,"template":"","meta":[],"product_cat":[154],"product_tag":[],"class_list":{"0":"post-17835","1":"product","2":"type-product","3":"status-publish","4":"has-post-thumbnail","6":"product_cat-10-lt-oksijen-konsantratoru","7":"ts_product_brand-respirox","9":"first","10":"outofstock","11":"shipping-taxable","12":"product-type-simple"},"_links":{"self":[{"href":"https:\/\/www.dayemedikal.com\/en\/wp-json\/wp\/v2\/product\/17835"}],"collection":[{"href":"https:\/\/www.dayemedikal.com\/en\/wp-json\/wp\/v2\/product"}],"about":[{"href":"https:\/\/www.dayemedikal.com\/en\/wp-json\/wp\/v2\/types\/product"}],"wp:featuredmedia":[{"embeddable":true,"href":"https:\/\/www.dayemedikal.com\/en\/wp-json\/wp\/v2\/media\/17836"}],"wp:attachment":[{"href":"https:\/\/www.dayemedikal.com\/en\/wp-json\/wp\/v2\/media?parent=17835"}],"wp:term":[{"taxonomy":"product_cat","embeddable":true,"href":"https:\/\/www.dayemedikal.com\/en\/wp-json\/wp\/v2\/product_cat?post=17835"},{"taxonomy":"product_tag","embeddable":true,"href":"https:\/\/www.dayemedikal.com\/en\/wp-json\/wp\/v2\/product_tag?post=17835"}],"curies":[{"name":"wp","href":"https:\/\/api.w.org\/{rel}","templated":true}]}}