{"id":17837,"date":"2021-05-21T16:02:24","date_gmt":"2021-05-21T13:02:24","guid":{"rendered":"https:\/\/www.dayemedikal.com\/?post_type=product&#038;p=17837"},"modified":"2024-11-11T16:01:13","modified_gmt":"2024-11-11T13:01:13","slug":"respirox-sz-t-oksijen-konsantratoru","status":"publish","type":"product","link":"https:\/\/www.dayemedikal.com\/en\/product\/respirox-sz-t-oksijen-konsantratoru\/","title":{"rendered":"Respirox SZ-T 10 LT Neb\u00fclizat\u00f6rl\u00fc Oksijen Konsantrat\u00f6r\u00fc"},"content":{"rendered":"<p>Klasik oksijen konsantrat\u00f6rlerine g\u00f6re y\u00fcksek enerji tasarrufu sa\u011flayan verimli \u00e7al\u0131\u015fma sistemine sahiptir.<\/p>","protected":false},"excerpt":{"rendered":"<p>Klasik oksijen konsantrat\u00f6rlerine g\u00f6re y\u00fcksek enerji tasarrufu sa\u011flayan verimli \u00e7al\u0131\u015fma sistemine sahiptir.<\/p>","protected":false},"featured_media":17838,"template":"","meta":[],"product_cat":[154],"product_tag":[],"class_list":{"0":"post-17837","1":"product","2":"type-product","3":"status-publish","4":"has-post-thumbnail","6":"product_cat-10-lt-oksijen-konsantratoru","7":"product_shipping_class-oksijenkonsantratoru","8":"ts_product_brand-respirox","10":"first","11":"instock","12":"shipping-taxable","13":"product-type-simple"},"_links":{"self":[{"href":"https:\/\/www.dayemedikal.com\/en\/wp-json\/wp\/v2\/product\/17837"}],"collection":[{"href":"https:\/\/www.dayemedikal.com\/en\/wp-json\/wp\/v2\/product"}],"about":[{"href":"https:\/\/www.dayemedikal.com\/en\/wp-json\/wp\/v2\/types\/product"}],"wp:featuredmedia":[{"embeddable":true,"href":"https:\/\/www.dayemedikal.com\/en\/wp-json\/wp\/v2\/media\/17838"}],"wp:attachment":[{"href":"https:\/\/www.dayemedikal.com\/en\/wp-json\/wp\/v2\/media?parent=17837"}],"wp:term":[{"taxonomy":"product_cat","embeddable":true,"href":"https:\/\/www.dayemedikal.com\/en\/wp-json\/wp\/v2\/product_cat?post=17837"},{"taxonomy":"product_tag","embeddable":true,"href":"https:\/\/www.dayemedikal.com\/en\/wp-json\/wp\/v2\/product_tag?post=17837"}],"curies":[{"name":"wp","href":"https:\/\/api.w.org\/{rel}","templated":true}]}}