{"id":17839,"date":"2021-05-22T16:23:04","date_gmt":"2021-05-22T13:23:04","guid":{"rendered":"https:\/\/www.dayemedikal.com\/?post_type=product&#038;p=17839"},"modified":"2024-11-11T15:58:46","modified_gmt":"2024-11-11T12:58:46","slug":"airsep-freestyle-tasinabilir-oksijen-konsantratoru","status":"publish","type":"product","link":"https:\/\/www.dayemedikal.com\/en\/product\/airsep-freestyle-tasinabilir-oksijen-konsantratoru\/","title":{"rendered":"AirSep FreeStyle Ta\u015f\u0131nabilir Oksijen Konsantrat\u00f6r\u00fc 3 LT"},"content":{"rendered":"<p>AirSep FreeStyle Ta\u015f\u0131nabilir Oksijen Konsantrat\u00f6r\u00fc cihaz\u0131 portatif, ta\u015f\u0131nabilir, her yere rahatl\u0131kla g\u00f6t\u00fcrebilir bir cihazd\u0131r. Omzunuza \u00e7anta \u015feklinde kolayl\u0131kla tak\u0131l\u0131r ve kolay ta\u015f\u0131n\u0131r. 2 kilogram a\u011f\u0131rl\u0131\u011f\u0131 ile AirSep FreeStyle ger\u00e7ek ta\u015f\u0131nabilir bir konsantrat\u00f6rd\u00fcr. Tek batarya ile 2 saate kadar aktif \u00e7al\u0131\u015fabilir. Opsiyonel kemerli (Air Belt) yedek batarya ile 10 saate kadar bataryadan \u00e7al\u0131\u015fabilme \u00f6zelli\u011fi vard\u0131r. Cihaz\u0131n verdi\u011fi alarmlar; ba\u015flatma, kan\u00fcl \u00e7\u0131kmas\u0131, nefes oran\u0131, d\u00fc\u015f\u00fck pil, pil \u015farj durumu, genel ar\u0131zalardan kaynakl\u0131 \u015feklindedir. Kullan\u0131c\u0131 farketmese dahi cihaz ikazda bulunarak kontrol edilmesini sa\u011flamaktad\u0131r.<\/p>\n<p>Bu cihaz AirSep taraf\u0131ndan b\u00fcy\u00fck bir hassasl\u0131kla \u00fcretilmi\u015ftir. FreeStyle ta\u015f\u0131nabilir oksijen konsantrat\u00f6r\u00fc iyi bir ya\u015fam\u0131n s\u0131n\u0131rlar olmadan ya\u015fanmas\u0131n\u0131 sa\u011flamaktad\u0131r. En hafif ve en sessiz olma \u00f6zelliklerini 3 farkl\u0131 kullan\u0131m ayar\u0131 ile sunan FreeStyle, limitsiz oksijen \u00fcretimi ile seyahat \u00f6zg\u00fcrl\u00fc\u011f\u00fc sunmaktad\u0131r.<\/p>\n<p>Sadece AirSep FreeStyle ta\u015f\u0131nabilir oksijen konsant\u00f6r\u00fcnde bulunan patentli teknoloji UltraSense sayesinde cihaz ki\u015finin nefes al\u0131\u015flar\u0131n\u0131 daha hassas alg\u0131lamakta ve oksijen dozlar\u0131n\u0131 ki\u015finin en fazla oksijene ihtiya\u00e7 duydu\u011fu nefes alma an\u0131nda, yani tam zaman\u0131nda iletmektedir. Bu \u00f6zellik ki\u015finin cihaza adaptasyon s\u00fcrecini de kolayla\u015ft\u0131rmaktad\u0131r.<\/p>","protected":false},"excerpt":{"rendered":"<p>AirSep FreeStyle Ta\u015f\u0131nabilir Oksijen Konsantrat\u00f6r\u00fc cihaz\u0131 portatif, ta\u015f\u0131nabilir, her yere rahatl\u0131kla g\u00f6t\u00fcrebilir bir cihazd\u0131r. Omzunuza \u00e7anta \u015feklinde kolayl\u0131kla tak\u0131l\u0131r ve kolay ta\u015f\u0131n\u0131r.<\/p>","protected":false},"featured_media":17840,"template":"","meta":[],"product_cat":[138],"product_tag":[],"class_list":{"0":"post-17839","1":"product","2":"type-product","3":"status-publish","4":"has-post-thumbnail","6":"product_cat-tasinabilir-oksijen-konsantratoru","7":"ts_product_brand-airsep","9":"first","10":"outofstock","11":"shipping-taxable","12":"product-type-simple"},"_links":{"self":[{"href":"https:\/\/www.dayemedikal.com\/en\/wp-json\/wp\/v2\/product\/17839"}],"collection":[{"href":"https:\/\/www.dayemedikal.com\/en\/wp-json\/wp\/v2\/product"}],"about":[{"href":"https:\/\/www.dayemedikal.com\/en\/wp-json\/wp\/v2\/types\/product"}],"wp:featuredmedia":[{"embeddable":true,"href":"https:\/\/www.dayemedikal.com\/en\/wp-json\/wp\/v2\/media\/17840"}],"wp:attachment":[{"href":"https:\/\/www.dayemedikal.com\/en\/wp-json\/wp\/v2\/media?parent=17839"}],"wp:term":[{"taxonomy":"product_cat","embeddable":true,"href":"https:\/\/www.dayemedikal.com\/en\/wp-json\/wp\/v2\/product_cat?post=17839"},{"taxonomy":"product_tag","embeddable":true,"href":"https:\/\/www.dayemedikal.com\/en\/wp-json\/wp\/v2\/product_tag?post=17839"}],"curies":[{"name":"wp","href":"https:\/\/api.w.org\/{rel}","templated":true}]}}