{"id":17841,"date":"2021-05-22T16:28:42","date_gmt":"2021-05-22T13:28:42","guid":{"rendered":"https:\/\/www.dayemedikal.com\/?post_type=product&#038;p=17841"},"modified":"2024-11-11T15:58:46","modified_gmt":"2024-11-11T12:58:46","slug":"inogen-one-g2-tasinabilir-oksijen-konsantratoru","status":"publish","type":"product","link":"https:\/\/www.dayemedikal.com\/en\/product\/inogen-one-g2-tasinabilir-oksijen-konsantratoru\/","title":{"rendered":"Inogen One G2 Ta\u015f\u0131nabilir Oksijen Konsantrat\u00f6r\u00fc"},"content":{"rendered":"<p>Hastalar\u0131n sosyal hayatlar\u0131n\u0131n daha kaliteli olmas\u0131n\u0131 sa\u011flamak i\u00e7in \u00fcretilen ta\u015f\u0131nabilir oksijen konsantrat\u00f6r\u00fc Inogen One G2 bataryal\u0131d\u0131r ve kullan\u0131m\u0131 \u00e7ok kolayd\u0131r. Y\u00fcksek yo\u011funlukta oksijen \u00e7\u0131k\u0131\u015f\u0131 sa\u011flar. Inogen One G2 ta\u015f\u0131nabilir oksijen konsantrat\u00f6r\u00fc evde, i\u015fte, ara\u00e7ta veya farkl\u0131 yerlerde elektri\u011fe ihtiya\u00e7 duymadan kullan\u0131labilme \u00f6zelli\u011fine sahiptir. LCD ekran\u0131nda kalan batarya s\u00fcresini saat ve dakika cinsinden g\u00f6stermektedir. Bu sayede kullan\u0131c\u0131, cihaz\u0131 ne zaman \u015farj edece\u011fini bilir.<\/p>\n<p>Inogen One G2 ta\u015f\u0131nabilir oksijen konsantrat\u00f6r\u00fc 24 saat kesintisiz olarak \u00e7al\u0131\u015fabilecek \u00f6zelliktedir. Ara\u00e7 \u00e7akmak kiti sayesinde seyahat s\u0131ras\u0131nda bile kesintisiz bir \u015fekilde \u00e7al\u0131\u015f\u0131r.<\/p>\n<p>Inogen One G2 ta\u015f\u0131nabilir oksijen konsantrat\u00f6r\u00fc solunumun ba\u015flang\u0131c\u0131n\u0131 belirler ve kullan\u0131c\u0131 nefes al\u0131rken uygun zamanda ve miktarda oksijen g\u00f6nderir. Cihaz al\u0131nan her nefesi alg\u0131lar ve kullan\u0131c\u0131 ile senkronize bir \u015fekilde \u00e7al\u0131\u015fmay\u0131 s\u00fcrd\u00fcr\u00fcr. Cihaz \u00fczerinde sesli ve g\u00f6rsel alarmlar bulunmaktad\u0131r. \u00d6rne\u011fin ki\u015fi nefes almad\u0131\u011f\u0131nda veya kan\u00fcl ba\u011flant\u0131s\u0131 koptu\u011fu zaman cihaz bunu alg\u0131lar ve sesli alarm vererek hastay\u0131 uyar\u0131r. B\u00f6ylece kritik durumlardan kullan\u0131c\u0131s\u0131n\u0131 kurtar\u0131r. Bu durum hastaya ve hasta yak\u0131nlar\u0131na g\u00fcven ve rahatl\u0131k verir.<\/p>","protected":false},"excerpt":{"rendered":"<p>Hastalar\u0131n sosyal hayatlar\u0131n\u0131n daha kaliteli olmas\u0131n\u0131 sa\u011flamak i\u00e7in \u00fcretilen ta\u015f\u0131nabilir oksijen konsantrat\u00f6r\u00fc Inogen One G2 bataryal\u0131d\u0131r ve kullan\u0131m\u0131 \u00e7ok kolayd\u0131r.<\/p>","protected":false},"featured_media":17843,"template":"","meta":[],"product_cat":[138],"product_tag":[],"class_list":{"0":"post-17841","1":"product","2":"type-product","3":"status-publish","4":"has-post-thumbnail","6":"product_cat-tasinabilir-oksijen-konsantratoru","7":"ts_product_brand-inogen","9":"first","10":"outofstock","11":"shipping-taxable","12":"product-type-simple"},"_links":{"self":[{"href":"https:\/\/www.dayemedikal.com\/en\/wp-json\/wp\/v2\/product\/17841"}],"collection":[{"href":"https:\/\/www.dayemedikal.com\/en\/wp-json\/wp\/v2\/product"}],"about":[{"href":"https:\/\/www.dayemedikal.com\/en\/wp-json\/wp\/v2\/types\/product"}],"wp:featuredmedia":[{"embeddable":true,"href":"https:\/\/www.dayemedikal.com\/en\/wp-json\/wp\/v2\/media\/17843"}],"wp:attachment":[{"href":"https:\/\/www.dayemedikal.com\/en\/wp-json\/wp\/v2\/media?parent=17841"}],"wp:term":[{"taxonomy":"product_cat","embeddable":true,"href":"https:\/\/www.dayemedikal.com\/en\/wp-json\/wp\/v2\/product_cat?post=17841"},{"taxonomy":"product_tag","embeddable":true,"href":"https:\/\/www.dayemedikal.com\/en\/wp-json\/wp\/v2\/product_tag?post=17841"}],"curies":[{"name":"wp","href":"https:\/\/api.w.org\/{rel}","templated":true}]}}