{"id":17846,"date":"2021-05-22T16:37:59","date_gmt":"2021-05-22T13:37:59","guid":{"rendered":"https:\/\/www.dayemedikal.com\/?post_type=product&#038;p=17846"},"modified":"2024-11-11T15:58:46","modified_gmt":"2024-11-11T12:58:46","slug":"respirox-fy600-tasinabilir-oksijen-konsantratoru","status":"publish","type":"product","link":"https:\/\/www.dayemedikal.com\/en\/product\/respirox-fy600-tasinabilir-oksijen-konsantratoru\/","title":{"rendered":"Respirox FY600 Ta\u015f\u0131nabilir Oksijen Konsantrat\u00f6r\u00fc"},"content":{"rendered":"<p>Respirox FY600 Ta\u015f\u0131nabilir Oksijen Konsantrat\u00f6r\u00fc hastan\u0131n ta\u015f\u0131yabilece\u011fi ve gitti\u011fi yere yan\u0131nda g\u00f6t\u00fcrebilece\u011fi \u015fekilde tasarlanarak \u00fcretilmi\u015ftir. Hasta b\u00f6ylelikle hareket halindeyken oksijen ihtiyac\u0131n\u0131 kar\u015f\u0131lam\u0131\u015f olur.<\/p>\n<p>Respirox FY600 Ta\u015f\u0131nabilir Oksijen Konsantrat\u00f6r\u00fc, \u00e7al\u0131\u015ft\u0131\u011f\u0131 s\u00fcre boyunca dakikada 5 Litre oksijen \u00fcretebilir ve ev d\u0131\u015f\u0131nda da kolayca ta\u015f\u0131n\u0131p kullan\u0131labilir. Ancak oksijen sadece en yararl\u0131 oldu\u011fu nefes alma ba\u015flang\u0131c\u0131nda sal\u0131n\u0131r. Cihaz zaman i\u00e7inde en kolay kullan\u0131lan ve g\u00fcvenilir oksijen takviye cihaz\u0131 haline gelmi\u015ftir. Evlerde FY600 geleneksel oksijen yo\u011funla\u015ft\u0131rma teknolojisini kullan\u0131rken bu oksijen tasarrufu teknolojisiyle birle\u015ftirilmi\u015f halidir.<\/p>","protected":false},"excerpt":{"rendered":"<p>Respirox FY600 Ta\u015f\u0131nabilir Oksijen Konsantrat\u00f6r\u00fc hastan\u0131n ta\u015f\u0131yabilece\u011fi ve gitti\u011fi yere yan\u0131nda g\u00f6t\u00fcrebilece\u011fi \u015fekilde tasarlanarak \u00fcretilmi\u015ftir. Hasta b\u00f6ylelikle hareket halindeyken oksijen ihtiyac\u0131n\u0131 kar\u015f\u0131lam\u0131\u015f olur.<\/p>","protected":false},"featured_media":17847,"template":"","meta":[],"product_cat":[138],"product_tag":[],"class_list":{"0":"post-17846","1":"product","2":"type-product","3":"status-publish","4":"has-post-thumbnail","6":"product_cat-tasinabilir-oksijen-konsantratoru","7":"ts_product_brand-respirox","9":"first","10":"outofstock","11":"shipping-taxable","12":"product-type-simple"},"_links":{"self":[{"href":"https:\/\/www.dayemedikal.com\/en\/wp-json\/wp\/v2\/product\/17846"}],"collection":[{"href":"https:\/\/www.dayemedikal.com\/en\/wp-json\/wp\/v2\/product"}],"about":[{"href":"https:\/\/www.dayemedikal.com\/en\/wp-json\/wp\/v2\/types\/product"}],"wp:featuredmedia":[{"embeddable":true,"href":"https:\/\/www.dayemedikal.com\/en\/wp-json\/wp\/v2\/media\/17847"}],"wp:attachment":[{"href":"https:\/\/www.dayemedikal.com\/en\/wp-json\/wp\/v2\/media?parent=17846"}],"wp:term":[{"taxonomy":"product_cat","embeddable":true,"href":"https:\/\/www.dayemedikal.com\/en\/wp-json\/wp\/v2\/product_cat?post=17846"},{"taxonomy":"product_tag","embeddable":true,"href":"https:\/\/www.dayemedikal.com\/en\/wp-json\/wp\/v2\/product_tag?post=17846"}],"curies":[{"name":"wp","href":"https:\/\/api.w.org\/{rel}","templated":true}]}}