{"id":17848,"date":"2021-05-22T16:43:26","date_gmt":"2021-05-22T13:43:26","guid":{"rendered":"https:\/\/www.dayemedikal.com\/?post_type=product&#038;p=17848"},"modified":"2024-11-11T15:58:48","modified_gmt":"2024-11-11T12:58:48","slug":"easypulse-poc-tasinabilir-oksijen-konsantratoru","status":"publish","type":"product","link":"https:\/\/www.dayemedikal.com\/en\/product\/easypulse-poc-tasinabilir-oksijen-konsantratoru\/","title":{"rendered":"Easypulse POC Ta\u015f\u0131nabilir Oksijen Konsantrat\u00f6r\u00fc"},"content":{"rendered":"<p>Respirox FY600 Ta\u015f\u0131nabilir Oksijen Konsantrat\u00f6r\u00fc hastan\u0131n ta\u015f\u0131yabilece\u011fi ve gitti\u011fi yere yan\u0131nda g\u00f6t\u00fcrebilece\u011fi \u015fekilde tasarlanarak \u00fcretilmi\u015ftir. Hasta b\u00f6ylelikle hareket halindeyken oksijen ihtiyac\u0131n\u0131 kar\u015f\u0131lam\u0131\u015f olur.<\/p>","protected":false},"excerpt":{"rendered":"<p>Ev tipi Oksijen Konsantrat\u00f6r\u00fc cihazlar\u0131; hacmi, a\u011f\u0131rl\u0131\u011f\u0131 g\u00fc\u00e7 kayna\u011f\u0131 vs. gibi s\u0131n\u0131rlamalara tabidir. Hasta bu nedenlerle hareket halindeyken, seyahatteyken veya d\u0131\u015far\u0131dayken oksijen almak i\u00e7in cihaz\u0131 yan\u0131nda ta\u015f\u0131yamaz. Bu nedenle ancak oksijen t\u00fcpleri, oksijen torbalar\u0131 veya kimyasal oksijen kaynaklar\u0131 kullanabilirler. Ancak bunlar uzun s\u00fcreli oksijen ihtiyac\u0131n\u0131 kar\u015f\u0131lamaya yetmez.<\/p>","protected":false},"featured_media":17849,"template":"","meta":[],"product_cat":[138],"product_tag":[],"class_list":{"0":"post-17848","1":"product","2":"type-product","3":"status-publish","4":"has-post-thumbnail","6":"product_cat-tasinabilir-oksijen-konsantratoru","8":"first","9":"outofstock","10":"shipping-taxable","11":"product-type-simple"},"_links":{"self":[{"href":"https:\/\/www.dayemedikal.com\/en\/wp-json\/wp\/v2\/product\/17848"}],"collection":[{"href":"https:\/\/www.dayemedikal.com\/en\/wp-json\/wp\/v2\/product"}],"about":[{"href":"https:\/\/www.dayemedikal.com\/en\/wp-json\/wp\/v2\/types\/product"}],"wp:featuredmedia":[{"embeddable":true,"href":"https:\/\/www.dayemedikal.com\/en\/wp-json\/wp\/v2\/media\/17849"}],"wp:attachment":[{"href":"https:\/\/www.dayemedikal.com\/en\/wp-json\/wp\/v2\/media?parent=17848"}],"wp:term":[{"taxonomy":"product_cat","embeddable":true,"href":"https:\/\/www.dayemedikal.com\/en\/wp-json\/wp\/v2\/product_cat?post=17848"},{"taxonomy":"product_tag","embeddable":true,"href":"https:\/\/www.dayemedikal.com\/en\/wp-json\/wp\/v2\/product_tag?post=17848"}],"curies":[{"name":"wp","href":"https:\/\/api.w.org\/{rel}","templated":true}]}}