{"id":17879,"date":"2021-05-22T22:36:02","date_gmt":"2021-05-22T19:36:02","guid":{"rendered":"https:\/\/www.dayemedikal.com\/?post_type=product&#038;p=17879"},"modified":"2024-11-11T15:58:48","modified_gmt":"2024-11-11T12:58:48","slug":"respirox-403-ai-nebulizator-cihazi","status":"publish","type":"product","link":"https:\/\/www.dayemedikal.com\/en\/product\/respirox-403-ai-nebulizator-cihazi\/","title":{"rendered":"Respirox 403 AI Neb\u00fclizat\u00f6r Cihaz\u0131"},"content":{"rendered":"<p>Solunum cihaz\u0131 olan Neb\u00fclizat\u00f6r, bas\u0131n\u00e7l\u0131 hava ile s\u0131v\u0131 formdaki ila\u00e7lar\u0131 aerosol haline getiren ve solunum yoluyla al\u0131nabilmesini sa\u011flayan bir cihazd\u0131r. Enerjiyi verimli kullanmaktad\u0131r. Elle kolay tutulabilir \u015fekilde tasarlan\u0131p \u00fcretilmi\u015ftir. Hava t\u00fcp\u00fc konnekt\u00f6rlerini kolay tak\u0131l\u0131p s\u00f6k\u00fclmeye elveri\u015flidir. Tedavilerin bir \u00e7o\u011funda kullan\u0131lan bir cihazd\u0131r. \u00dczerinde bulunan a\u00e7ma kapatma d\u00fc\u011fmesi su ge\u00e7irmez \u00f6zelliktedir. Neb\u00fclizer kiti (maske, ila\u00e7 haznesi ve hortumlar) i\u00e7in stant yeri mevcuttur. El tipi neb\u00fclizer haznesi vard\u0131r. Sanal Valf Teknolojisi\u2019ne sahiptir. G\u00fcvenli ve kolay bir \u015fekilde temizlenir. Verimli solunum terapisi sa\u011flamaktad\u0131r. Kompakt bir tasar\u0131ma sahiptir. Y\u00fcksek neb\u00fclizasyon oran\u0131 vard\u0131r. Hava bas\u0131nc\u0131 i\u00e7in ya\u011flama gerektirmeyen tek silindirli piston tipi pompaya sahiptir. Yenilik\u00e7i tasar\u0131m ve g\u00f6r\u00fcn\u00fcm, k\u00fc\u00e7\u00fck boyutlu yap\u0131 ve kasa, basit \u00e7al\u0131\u015fma mant\u0131\u011f\u0131 ve ta\u015f\u0131ma kolayl\u0131\u011f\u0131 \u00f6zelliklerine sahiptir.<\/p>\n<p>Respirox 403AI Neb\u00fclizat\u00f6r Cihaz\u0131 Aksesuarlar\u0131<\/p>\n<p>1 adet Neb\u00fclizat\u00f6r cihaz\u0131<br \/>\n1 adet yeti\u015fkin ve 1 adet \u00e7ocuk\/bebek maskesi<br \/>\n1 adet ila\u00e7 koyma haznesi<br \/>\n1 adet hortum<br \/>\n2 adet hava filtresi<\/p>","protected":false},"excerpt":{"rendered":"<p>Solunum cihaz\u0131 olan Neb\u00fclizat\u00f6r, bas\u0131n\u00e7l\u0131 hava ile s\u0131v\u0131 formdaki ila\u00e7lar\u0131 aerosol haline getiren ve solunum yoluyla al\u0131nabilmesini sa\u011flayan bir cihazd\u0131r.<\/p>","protected":false},"featured_media":17935,"template":"","meta":[],"product_cat":[142],"product_tag":[],"class_list":{"0":"post-17879","1":"product","2":"type-product","3":"status-publish","4":"has-post-thumbnail","6":"product_cat-nebulizator","7":"ts_product_brand-respirox","9":"first","10":"outofstock","11":"shipping-taxable","12":"product-type-simple"},"_links":{"self":[{"href":"https:\/\/www.dayemedikal.com\/en\/wp-json\/wp\/v2\/product\/17879"}],"collection":[{"href":"https:\/\/www.dayemedikal.com\/en\/wp-json\/wp\/v2\/product"}],"about":[{"href":"https:\/\/www.dayemedikal.com\/en\/wp-json\/wp\/v2\/types\/product"}],"wp:featuredmedia":[{"embeddable":true,"href":"https:\/\/www.dayemedikal.com\/en\/wp-json\/wp\/v2\/media\/17935"}],"wp:attachment":[{"href":"https:\/\/www.dayemedikal.com\/en\/wp-json\/wp\/v2\/media?parent=17879"}],"wp:term":[{"taxonomy":"product_cat","embeddable":true,"href":"https:\/\/www.dayemedikal.com\/en\/wp-json\/wp\/v2\/product_cat?post=17879"},{"taxonomy":"product_tag","embeddable":true,"href":"https:\/\/www.dayemedikal.com\/en\/wp-json\/wp\/v2\/product_tag?post=17879"}],"curies":[{"name":"wp","href":"https:\/\/api.w.org\/{rel}","templated":true}]}}