{"id":17913,"date":"2021-05-22T23:09:18","date_gmt":"2021-05-22T20:09:18","guid":{"rendered":"https:\/\/www.dayemedikal.com\/?post_type=product&#038;p=17913"},"modified":"2024-11-11T16:22:19","modified_gmt":"2024-11-11T13:22:19","slug":"respirox-403h-nebulizator-cihazi","status":"publish","type":"product","link":"https:\/\/www.dayemedikal.com\/en\/product\/respirox-403h-nebulizator-cihazi\/","title":{"rendered":"Respirox 403 H Neb\u00fclizat\u00f6r Cihaz\u0131"},"content":{"rendered":"<p>Solunum cihaz\u0131 olan Neb\u00fclizat\u00f6r, bas\u0131n\u00e7l\u0131 hava ile s\u0131v\u0131 formdaki ila\u00e7lar\u0131 aerosol haline getiren ve solunum yoluyla al\u0131nabilmesini sa\u011flayan bir cihazd\u0131r. Cihaz\u0131n hava \u00e7\u0131k\u0131\u015f\u0131na tak\u0131lan, maskeli (pediatrik-yeti\u015fkin) ya da a\u011f\u0131zl\u0131kl\u0131 atomizer seti yard\u0131m\u0131yla, ilac\u0131n aerosol haline gelmesi sa\u011flan\u0131r ve bu aerosol, inhale edilerek ila\u00e7 al\u0131nm\u0131\u015f olmaktad\u0131r. Solunum sistemi hastal\u0131klar\u0131nda, \u00f6zellikle de hava yolu obstr\u00fcksiyonunun tedavisinde yayg\u0131n olarak kullan\u0131lmaktad\u0131r. Neb\u00fclizat\u00f6r tedavisi hem akut ataklarda hem de uzun s\u00fcreli tedavilerde faydal\u0131d\u0131r. Yenilik\u00e7i g\u00f6r\u00fcn\u00fcm\u00fc, k\u00fc\u00e7\u00fck boyutu ve kasas\u0131 hastalar i\u00e7in tercih sebebi olmaktad\u0131r. Hafif, k\u00fc\u00e7\u00fck ve ergonomik yap\u0131s\u0131 ile evde kullan\u0131m i\u00e7in \u00e7ok kullan\u0131\u015fl\u0131 ve idealdir. Neb\u00fclizat\u00f6r cihaz\u0131n\u0131n tek tu\u015fla a\u00e7\u0131l\u0131p kapanma \u00f6zelli\u011fi sayesinde kullan\u0131m\u0131 \u00e7ok basittir. Ta\u015f\u0131ma kolayl\u0131\u011f\u0131 sa\u011flamaktad\u0131r. Enerjiyi verimli kullanmaktad\u0131r. G\u00fcvenli ve kolay temizlenebilir \u00f6zelliktedir. Su ge\u00e7irmez d\u00fc\u011fmeye sahiptir. Verimli solunum terapisi sa\u011flamaktad\u0131r. Neb\u00fclizat\u00f6r cihaz\u0131, \u00f6l\u00e7\u00fcl\u00fc doz inhalerlere uyum sa\u011flayamayan \u00e7ocuk ve ya\u015fl\u0131larda veya a\u011f\u0131r ast\u0131m\u0131 olan hastalarda, ila\u00e7lar\u0131n etkili bir \u015fekilde uygulanmas\u0131n\u0131 sa\u011flamaktad\u0131r.<\/p>\n<p><strong>Respirox 403H Neb\u00fclizat\u00f6r Cihaz\u0131 Aksesuarlar\u0131<\/strong><\/p>\n<p>1 adet Neb\u00fclizat\u00f6r cihaz\u0131<br \/>\n1 adet yeti\u015fkin ve 1 adet \u00e7ocuk\/bebek maskesi<br \/>\n1 adet ila\u00e7 koyma haznesi<br \/>\n1 adet hortum<br \/>\n2 adet hava filtresi<\/p>","protected":false},"excerpt":{"rendered":"<p>Solunum sistemi hastal\u0131klar\u0131nda, \u00f6zellikle de hava yolu obstr\u00fcksiyonunun tedavisinde yayg\u0131n olarak kullan\u0131lmaktad\u0131r.<\/p>","protected":false},"featured_media":17934,"template":"","meta":[],"product_cat":[142],"product_tag":[],"class_list":{"0":"post-17913","1":"product","2":"type-product","3":"status-publish","4":"has-post-thumbnail","6":"product_cat-nebulizator","7":"product_shipping_class-cpap-bpap","8":"ts_product_brand-respirox","10":"first","11":"instock","12":"shipping-taxable","13":"product-type-simple"},"_links":{"self":[{"href":"https:\/\/www.dayemedikal.com\/en\/wp-json\/wp\/v2\/product\/17913"}],"collection":[{"href":"https:\/\/www.dayemedikal.com\/en\/wp-json\/wp\/v2\/product"}],"about":[{"href":"https:\/\/www.dayemedikal.com\/en\/wp-json\/wp\/v2\/types\/product"}],"wp:featuredmedia":[{"embeddable":true,"href":"https:\/\/www.dayemedikal.com\/en\/wp-json\/wp\/v2\/media\/17934"}],"wp:attachment":[{"href":"https:\/\/www.dayemedikal.com\/en\/wp-json\/wp\/v2\/media?parent=17913"}],"wp:term":[{"taxonomy":"product_cat","embeddable":true,"href":"https:\/\/www.dayemedikal.com\/en\/wp-json\/wp\/v2\/product_cat?post=17913"},{"taxonomy":"product_tag","embeddable":true,"href":"https:\/\/www.dayemedikal.com\/en\/wp-json\/wp\/v2\/product_tag?post=17913"}],"curies":[{"name":"wp","href":"https:\/\/api.w.org\/{rel}","templated":true}]}}