{"id":17929,"date":"2021-05-22T23:49:34","date_gmt":"2021-05-22T20:49:34","guid":{"rendered":"https:\/\/www.dayemedikal.com\/?post_type=product&#038;p=17929"},"modified":"2024-11-11T16:22:07","modified_gmt":"2024-11-11T13:22:07","slug":"respirox-rneb-18-kompresorlu-nebulizator-cihazi","status":"publish","type":"product","link":"https:\/\/www.dayemedikal.com\/en\/product\/respirox-rneb-18-kompresorlu-nebulizator-cihazi\/","title":{"rendered":"Respirox RNEB-18 Kompres\u00f6rl\u00fc Neb\u00fclizat\u00f6r Cihaz\u0131"},"content":{"rendered":"<p>Solunum cihaz\u0131 olan Neb\u00fclizat\u00f6r, bas\u0131n\u00e7l\u0131 hava ile s\u0131v\u0131 formdaki ila\u00e7lar\u0131 aerosol haline getiren ve solunum yoluyla al\u0131nabilmesini sa\u011flayan bir cihazd\u0131r. Son birka\u00e7 y\u0131lda neb\u00fclizasyon tedavisinin bir\u00e7ok alternatif y\u00f6ntemi geli\u015ftirilmi\u015ftir ve bronkodilat\u00f6r, kortikosteroid ve antibiyotik gibi ila\u00e7 t\u00fcrleri art\u0131k neb\u00fclizat\u00f6rler ile kullan\u0131lmaya ba\u015flanm\u0131\u015ft\u0131r. Neb\u00fclizat\u00f6rler solunum sistemi hastal\u0131klar\u0131nda, \u00f6zellikle de hava yolu obstr\u00fcksiyonunun tedavisinde yayg\u0131n olarak kullan\u0131lmaktad\u0131r. Neb\u00fclizat\u00f6r tedavisi hem akut ataklarda hem de uzun s\u00fcreli tedavide \u00e7ok faydal\u0131d\u0131r. Neb\u00fclizat\u00f6r, \u00f6l\u00e7\u00fcl\u00fc doz inhalerlere uyum sa\u011flayamayan \u00e7ocuk ve ya\u015fl\u0131larda veya a\u011f\u0131r ast\u0131m\u0131 olan hastalarda, ila\u00e7lar\u0131n etkili bir \u015fekilde uygulanmas\u0131n\u0131 sa\u011flamaktad\u0131r. Neb\u00fclizat\u00f6r cihaz\u0131n\u0131n kullan\u0131m\u0131 \u00e7ok kolayd\u0131r. Cihaz\u0131n hava \u00e7\u0131k\u0131\u015f\u0131na tak\u0131lan, maskeli (pediatrik-yeti\u015fkin) ya da a\u011f\u0131zl\u0131kl\u0131 atomizer set yard\u0131m\u0131yla, ilac\u0131n aerosol haline gelmesi sa\u011flan\u0131r ve bu aerosol, inhale edilerek ila\u00e7 al\u0131nm\u0131\u015f olmaktad\u0131r. Kompakt yap\u0131da olan ve ya\u011fs\u0131z piston tip kompres\u00f6rl\u00fc bir cihazd\u0131r. Hafif, k\u00fc\u00e7\u00fck ve ergonomik yap\u0131s\u0131 ile evde kullan\u0131m i\u00e7in idealdir. Tek tu\u015fla kullan\u0131m\u0131 vard\u0131r. Olduk\u00e7a hafif ve ergonomik bir modeldir. G\u00fcvenli ve kolay temizlenebilir bir \u00fcr\u00fcnd\u00fcr.<\/p>\n<p><strong>Respirox RNEB-18 Neb\u00fclizat\u00f6r Cihaz\u0131 Aksesuarlar\u0131<\/strong><\/p>\n<p>1 adet Neb\u00fclizat\u00f6r cihaz\u0131<br \/>\n1 adet yeti\u015fkin ve 1 adet \u00e7ocuk\/bebek maskesi<br \/>\n1 adet ila\u00e7 koyma haznesi<br \/>\n1 adet hortum<br \/>\n2 adet hava filtresi<\/p>","protected":false},"excerpt":{"rendered":"<p>Neb\u00fclizat\u00f6rler solunum sistemi hastal\u0131klar\u0131nda, \u00f6zellikle de hava yolu obstr\u00fcksiyonunun tedavisinde yayg\u0131n olarak kullan\u0131lmaktad\u0131r.<\/p>","protected":false},"featured_media":17938,"template":"","meta":[],"product_cat":[142],"product_tag":[],"class_list":{"0":"post-17929","1":"product","2":"type-product","3":"status-publish","4":"has-post-thumbnail","6":"product_cat-nebulizator","7":"product_shipping_class-cpap-bpap","8":"ts_product_brand-respirox","10":"first","11":"instock","12":"shipping-taxable","13":"product-type-simple"},"_links":{"self":[{"href":"https:\/\/www.dayemedikal.com\/en\/wp-json\/wp\/v2\/product\/17929"}],"collection":[{"href":"https:\/\/www.dayemedikal.com\/en\/wp-json\/wp\/v2\/product"}],"about":[{"href":"https:\/\/www.dayemedikal.com\/en\/wp-json\/wp\/v2\/types\/product"}],"wp:featuredmedia":[{"embeddable":true,"href":"https:\/\/www.dayemedikal.com\/en\/wp-json\/wp\/v2\/media\/17938"}],"wp:attachment":[{"href":"https:\/\/www.dayemedikal.com\/en\/wp-json\/wp\/v2\/media?parent=17929"}],"wp:term":[{"taxonomy":"product_cat","embeddable":true,"href":"https:\/\/www.dayemedikal.com\/en\/wp-json\/wp\/v2\/product_cat?post=17929"},{"taxonomy":"product_tag","embeddable":true,"href":"https:\/\/www.dayemedikal.com\/en\/wp-json\/wp\/v2\/product_tag?post=17929"}],"curies":[{"name":"wp","href":"https:\/\/api.w.org\/{rel}","templated":true}]}}