{"id":17952,"date":"2021-05-23T15:45:45","date_gmt":"2021-05-23T12:45:45","guid":{"rendered":"https:\/\/www.dayemedikal.com\/?post_type=product&#038;p=17952"},"modified":"2024-11-11T16:23:37","modified_gmt":"2024-11-11T13:23:37","slug":"respirox-cms50dl-parmak-tipi-pulse-oksimetre","status":"publish","type":"product","link":"https:\/\/www.dayemedikal.com\/en\/product\/respirox-cms50dl-parmak-tipi-pulse-oksimetre\/","title":{"rendered":"Respirox CMS50DL Parmak Tipi Pulse Oksimetre"},"content":{"rendered":"<p>Hastan\u0131n kan\u0131nda mevcut olan oksijeni ve beraberinde nab\u0131z h\u0131z\u0131n\u0131 \u00f6l\u00e7en bir cihazd\u0131r. Pulse Oksimetre s\u00fcrekli ve anl\u0131k arteriyal hemoglobin saturasyonu verir. Kanda g\u00f6zlemlenen bu oksijen oran\u0131 doktorlar\u0131n te\u015fhislerinde \u00f6nemli bir yer tutar. Dolay\u0131s\u0131yla bu verilerin kolayca ve kesin olarak elde edilmesi gerekmektedir. Bu verileri elde etmenin iki genel y\u00f6ntemi vard\u0131r. Bunlardan birincisi zor, ac\u0131 veren ve gerekli netlikte sonu\u00e7 vermeyebilen, uygun i\u011fnenin, do\u011fru damara, do\u011fru yerden bat\u0131r\u0131larak kan al\u0131nmas\u0131na dayanan klasik kan alma y\u00f6ntemidir. \u0130kinci y\u00f6ntem ise dakikalar i\u00e7inde sonu\u00e7 veren pulse oksimetre kullan\u0131m\u0131 ile \u00f6l\u00e7\u00fcmd\u00fcr.<\/p>","protected":false},"excerpt":{"rendered":"<p>Pulse Oksimetre s\u00fcrekli ve anl\u0131k arteriyal hemoglobin saturasyonu verir.<\/p>","protected":false},"featured_media":17953,"template":"","meta":[],"product_cat":[143],"product_tag":[],"class_list":{"0":"post-17952","1":"product","2":"type-product","3":"status-publish","4":"has-post-thumbnail","6":"product_cat-pulse-oksimetre","7":"product_shipping_class-maskebandajivefiltreler","8":"ts_product_brand-respirox","10":"first","11":"instock","12":"shipping-taxable","13":"product-type-simple"},"_links":{"self":[{"href":"https:\/\/www.dayemedikal.com\/en\/wp-json\/wp\/v2\/product\/17952"}],"collection":[{"href":"https:\/\/www.dayemedikal.com\/en\/wp-json\/wp\/v2\/product"}],"about":[{"href":"https:\/\/www.dayemedikal.com\/en\/wp-json\/wp\/v2\/types\/product"}],"wp:featuredmedia":[{"embeddable":true,"href":"https:\/\/www.dayemedikal.com\/en\/wp-json\/wp\/v2\/media\/17953"}],"wp:attachment":[{"href":"https:\/\/www.dayemedikal.com\/en\/wp-json\/wp\/v2\/media?parent=17952"}],"wp:term":[{"taxonomy":"product_cat","embeddable":true,"href":"https:\/\/www.dayemedikal.com\/en\/wp-json\/wp\/v2\/product_cat?post=17952"},{"taxonomy":"product_tag","embeddable":true,"href":"https:\/\/www.dayemedikal.com\/en\/wp-json\/wp\/v2\/product_tag?post=17952"}],"curies":[{"name":"wp","href":"https:\/\/api.w.org\/{rel}","templated":true}]}}