{"id":17959,"date":"2021-05-23T17:05:08","date_gmt":"2021-05-23T14:05:08","guid":{"rendered":"https:\/\/www.dayemedikal.com\/?post_type=product&#038;p=17959"},"modified":"2024-11-11T16:24:27","modified_gmt":"2024-11-11T13:24:27","slug":"maske-bandaji-kafa-bandi","status":"publish","type":"product","link":"https:\/\/www.dayemedikal.com\/en\/product\/maske-bandaji-kafa-bandi\/","title":{"rendered":"Maske Bandaj\u0131 (Kafa Band\u0131)"},"content":{"rendered":"<p>Kaliteli malzemelerin kullan\u0131ld\u0131\u011f\u0131 orijinal kafa band\u0131d\u0131r. Uygun kullan\u0131m ko\u015fullar\u0131 sa\u011fland\u0131\u011f\u0131nda uzun soluklu kullan\u0131m \u00f6mr\u00fc vard\u0131r. Olduk\u00e7a sa\u011flam ve konforludur. Tene temas eden k\u0131s\u0131mlar \u00f6zellikle y\u00fcze kar\u015f\u0131 yumu\u015fak, rahat likral\u0131 malzeme sayesinde katmanl\u0131 bir tasar\u0131ma sahiptir. Di\u011fer tabaka, yumu\u015fak, yast\u0131klama hissi veren s\u0131k\u0131ca paketlenmi\u015f, a\u00e7\u0131k h\u00fccreli bir k\u00f6p\u00fck \u00e7ekirdekten \u00fcretilmi\u015ftir. Geni\u015f bantl\u0131 geometrik tasar\u0131m, kuvvetleri daha b\u00fcy\u00fck bir alana da\u011f\u0131tarak konforu geli\u015ftirmektedir.<\/p>","protected":false},"excerpt":{"rendered":"<p>Kaliteli malzemelerin kullan\u0131ld\u0131\u011f\u0131 orijinal kafa band\u0131d\u0131r.<\/p>","protected":false},"featured_media":17960,"template":"","meta":[],"product_cat":[147],"product_tag":[],"class_list":{"0":"post-17959","1":"product","2":"type-product","3":"status-publish","4":"has-post-thumbnail","6":"product_cat-maske-bandaji","7":"product_shipping_class-maskebandajivefiltreler","9":"first","10":"instock","11":"shipping-taxable","12":"product-type-simple"},"_links":{"self":[{"href":"https:\/\/www.dayemedikal.com\/en\/wp-json\/wp\/v2\/product\/17959"}],"collection":[{"href":"https:\/\/www.dayemedikal.com\/en\/wp-json\/wp\/v2\/product"}],"about":[{"href":"https:\/\/www.dayemedikal.com\/en\/wp-json\/wp\/v2\/types\/product"}],"wp:featuredmedia":[{"embeddable":true,"href":"https:\/\/www.dayemedikal.com\/en\/wp-json\/wp\/v2\/media\/17960"}],"wp:attachment":[{"href":"https:\/\/www.dayemedikal.com\/en\/wp-json\/wp\/v2\/media?parent=17959"}],"wp:term":[{"taxonomy":"product_cat","embeddable":true,"href":"https:\/\/www.dayemedikal.com\/en\/wp-json\/wp\/v2\/product_cat?post=17959"},{"taxonomy":"product_tag","embeddable":true,"href":"https:\/\/www.dayemedikal.com\/en\/wp-json\/wp\/v2\/product_tag?post=17959"}],"curies":[{"name":"wp","href":"https:\/\/api.w.org\/{rel}","templated":true}]}}