{"id":17963,"date":"2021-05-23T17:15:09","date_gmt":"2021-05-23T14:15:09","guid":{"rendered":"https:\/\/www.dayemedikal.com\/?post_type=product&#038;p=17963"},"modified":"2024-11-11T15:58:48","modified_gmt":"2024-11-11T12:58:48","slug":"plusmed-pm-2012-plus-baklava-tipi-havali-yatak","status":"publish","type":"product","link":"https:\/\/www.dayemedikal.com\/en\/product\/plusmed-pm-2012-plus-baklava-tipi-havali-yatak\/","title":{"rendered":"Plusmed PM-2012 Plus Baklava Tipi Haval\u0131 Yatak"},"content":{"rendered":"<p>Uzun s\u00fcre boyunca yatarak tedavi g\u00f6rmek zorunda olan hastalar i\u00e7in, \u00f6zellikle de hastane ortam\u0131 d\u0131\u015f\u0131nda evde bak\u0131m i\u00e7in tercih edilebilecek bir \u00fcr\u00fcnd\u00fcr. Baklava tipi haval\u0131 yatak sistemi olu\u015fabilecek her t\u00fcrl\u00fc soruna kar\u015f\u0131 \u00e7\u00f6z\u00fcm getirmektedir. \u00d6zellikle bas\u0131n\u00e7tan dolay\u0131 ortaya \u00e7\u0131kabilecek \u00fclseri ve s\u0131rtta olu\u015fabilecek yatak yaralar\u0131n\u0131 \u00f6nlemek ad\u0131na da etkili olmas\u0131 kullan\u0131c\u0131lar a\u00e7\u0131s\u0131ndan avantaj sa\u011flamaktad\u0131r. Ayn\u0131 zamanda konforlu olmas\u0131 da uzun s\u00fcre yatma nedeni ile ortaya \u00e7\u0131kabilecek a\u011fr\u0131lar\u0131n da engellenmesine yard\u0131mc\u0131 olmaktad\u0131r ve bu nedenle tercih sebebi olmu\u015ftur. Evde hasta bak\u0131m\u0131 yapmak isteyenler i\u00e7in geli\u015ftirilmi\u015f bu se\u00e7enek, \u00f6zellikle uzun s\u00fcreli kullan\u0131mlarda rahat kullan\u0131m imkan\u0131 sa\u011flamaktad\u0131r.<\/p>\n<p><strong>Plusmed PM-2012 Plus Baklava Tipi Haval\u0131 Yatak Aksesuarlar\u0131<\/strong><\/p>\n<p>Hava yata\u011f\u0131.<br \/>\nHava pompas\u0131.<br \/>\n\u00c7ift hava hortumu.<br \/>\nPVC tamir seti.<br \/>\nKaryolaya asma mandal\u0131.<\/p>","protected":false},"excerpt":{"rendered":"<p>Uzun s\u00fcre boyunca yatarak tedavi g\u00f6rmek zorunda olan hastalar i\u00e7in, \u00f6zellikle de hastane ortam\u0131 d\u0131\u015f\u0131nda evde bak\u0131m i\u00e7in tercih edilebilecek bir \u00fcr\u00fcnd\u00fcr.<\/p>","protected":false},"featured_media":17964,"template":"","meta":[],"product_cat":[158],"product_tag":[],"class_list":{"0":"post-17963","1":"product","2":"type-product","3":"status-publish","4":"has-post-thumbnail","6":"product_cat-havali-yatak","7":"ts_product_brand-plusmed","9":"first","10":"outofstock","11":"shipping-taxable","12":"product-type-simple"},"_links":{"self":[{"href":"https:\/\/www.dayemedikal.com\/en\/wp-json\/wp\/v2\/product\/17963"}],"collection":[{"href":"https:\/\/www.dayemedikal.com\/en\/wp-json\/wp\/v2\/product"}],"about":[{"href":"https:\/\/www.dayemedikal.com\/en\/wp-json\/wp\/v2\/types\/product"}],"wp:featuredmedia":[{"embeddable":true,"href":"https:\/\/www.dayemedikal.com\/en\/wp-json\/wp\/v2\/media\/17964"}],"wp:attachment":[{"href":"https:\/\/www.dayemedikal.com\/en\/wp-json\/wp\/v2\/media?parent=17963"}],"wp:term":[{"taxonomy":"product_cat","embeddable":true,"href":"https:\/\/www.dayemedikal.com\/en\/wp-json\/wp\/v2\/product_cat?post=17963"},{"taxonomy":"product_tag","embeddable":true,"href":"https:\/\/www.dayemedikal.com\/en\/wp-json\/wp\/v2\/product_tag?post=17963"}],"curies":[{"name":"wp","href":"https:\/\/api.w.org\/{rel}","templated":true}]}}