{"id":17973,"date":"2021-05-24T09:00:57","date_gmt":"2021-05-24T06:00:57","guid":{"rendered":"https:\/\/www.dayemedikal.com\/?post_type=product&#038;p=17973"},"modified":"2024-11-11T15:58:48","modified_gmt":"2024-11-11T12:58:48","slug":"covidien-ciftli-mekanik-ventilator-solunum-devresi","status":"publish","type":"product","link":"https:\/\/www.dayemedikal.com\/en\/product\/covidien-ciftli-mekanik-ventilator-solunum-devresi\/","title":{"rendered":"Covidien (\u00c7iftli) Mekanik Ventilat\u00f6r Solunum Devresi"},"content":{"rendered":"<p>Covidien Mekanik Ventilat\u00f6r Solunum Devreleri, evde bak\u0131m amac\u0131yla kullan\u0131lan ve ta\u015f\u0131nabilir venilat\u00f6r kullanan hastalarda ventilasyon deste\u011fini sa\u011flamak amac\u0131yla yeti\u015fkin hastalar i\u00e7in tasarlan\u0131p \u00fcretilmi\u015ftir. Devrenin \u00fczerinde bulunan Ekshalasyon valfi PEEP ile ventilasyon yapmak i\u00e7in elveri\u015flidir.<\/p>\n<p>Covidien devreler temiz\/steril \u015fekilde kullan\u0131ma haz\u0131r olarak kapal\u0131 paketlerde sunulmaktad\u0131r. Devre tek hastada ve tek kullan\u0131ml\u0131k \u015fekilde \u00fcretilmi\u015ftir. Sa\u011fl\u0131kl\u0131 kullan\u0131m i\u00e7in 15 g\u00fcnde bir de\u011fi\u015ftirilmesi tavsiye edilmektedir. Ayr\u0131ca devreler hasta a\u00e7\u0131s\u0131ndan biyolojik uyumsuzluk ve enfeksiyon riski a\u00e7\u0131s\u0131ndan sterilizasyona uyumlu de\u011fildir.<\/p>","protected":false},"excerpt":{"rendered":"<p>Covidien Mekanik Ventilat\u00f6r Solunum Devreleri, evde bak\u0131m amac\u0131yla kullan\u0131lan ve ta\u015f\u0131nabilir venilat\u00f6r kullanan hastalarda ventilasyon deste\u011fini sa\u011flamak amac\u0131yla yeti\u015fkin hastalar i\u00e7in tasarlan\u0131p \u00fcretilmi\u015ftir.<\/p>","protected":false},"featured_media":17974,"template":"","meta":[],"product_cat":[149],"product_tag":[],"class_list":{"0":"post-17973","1":"product","2":"type-product","3":"status-publish","4":"has-post-thumbnail","6":"product_cat-ventilator-devreleri","7":"ts_product_brand-lowenstein","9":"first","10":"outofstock","11":"shipping-taxable","12":"product-type-simple"},"_links":{"self":[{"href":"https:\/\/www.dayemedikal.com\/en\/wp-json\/wp\/v2\/product\/17973"}],"collection":[{"href":"https:\/\/www.dayemedikal.com\/en\/wp-json\/wp\/v2\/product"}],"about":[{"href":"https:\/\/www.dayemedikal.com\/en\/wp-json\/wp\/v2\/types\/product"}],"wp:featuredmedia":[{"embeddable":true,"href":"https:\/\/www.dayemedikal.com\/en\/wp-json\/wp\/v2\/media\/17974"}],"wp:attachment":[{"href":"https:\/\/www.dayemedikal.com\/en\/wp-json\/wp\/v2\/media?parent=17973"}],"wp:term":[{"taxonomy":"product_cat","embeddable":true,"href":"https:\/\/www.dayemedikal.com\/en\/wp-json\/wp\/v2\/product_cat?post=17973"},{"taxonomy":"product_tag","embeddable":true,"href":"https:\/\/www.dayemedikal.com\/en\/wp-json\/wp\/v2\/product_tag?post=17973"}],"curies":[{"name":"wp","href":"https:\/\/api.w.org\/{rel}","templated":true}]}}