{"id":17977,"date":"2021-05-24T09:06:13","date_gmt":"2021-05-24T06:06:13","guid":{"rendered":"https:\/\/www.dayemedikal.com\/?post_type=product&#038;p=17977"},"modified":"2024-11-11T15:58:49","modified_gmt":"2024-11-11T12:58:49","slug":"weinmann-lowenstein-ls-tekli-mekanik-ventilator-solunum-devresi","status":"publish","type":"product","link":"https:\/\/www.dayemedikal.com\/en\/product\/weinmann-lowenstein-ls-tekli-mekanik-ventilator-solunum-devresi\/","title":{"rendered":"Weinmann (L\u00f6wenstein) Ls (Tekli) Mekanik Ventilat\u00f6r Solunum Devresi"},"content":{"rendered":"<p>Mekanik Ventilat\u00f6r Solunum Devreleri, hastalar\u0131n evde bak\u0131m\u0131n\u0131 yapmak amac\u0131yla kullan\u0131l\u0131r. Ta\u015f\u0131nabilir venilat\u00f6r kullanan hastalarda, ventilasyon deste\u011fini sa\u011flamak amac\u0131yla, hastalar i\u00e7in tasarlan\u0131p \u00fcretilmi\u015ftir. Devrenin \u00fczerinde bulunan Ekshalasyon valfi PEEP ile ventilasyon yapmak i\u00e7in elveri\u015flidir. Solunum devresinin \u00fczerinde bulunan \u015feffaf hortum bas\u0131nc\u0131 \u00f6l\u00e7mektedir. B\u00f6ylece hava ka\u00e7a\u011f\u0131 mevcutsa tespit edilir. Ventilasyon hayati \u00f6nem ta\u015f\u0131d\u0131\u011f\u0131ndan dolay\u0131, bu devrelerin uygun \u015fekilde kullan\u0131lmas\u0131 da \u00e7ok \u00f6nemlidir. Hortum i\u00e7inde su birikiyorsa su tutucu eklenebilir. Bununla birlikte bakteri filtresi kullan\u0131lmas\u0131 tavsiye edilmektedir.<\/p>\n<p>Weinmann (L\u00f6wenstein) Ls (Tekli) devreler steril \u015fekilde kullan\u0131ma haz\u0131r olarak kapal\u0131 paketlerde hastalara sunulmaktad\u0131r. Devre tek hastada ve tek kullan\u0131ml\u0131k \u015fekilde \u00fcretilmi\u015ftir. Sa\u011fl\u0131kl\u0131 kullan\u0131m i\u00e7in 15 g\u00fcnde bir de\u011fi\u015ftirilmesi tavsiye edilmektedir. Ayr\u0131ca devreler hasta a\u00e7\u0131s\u0131ndan biyolojik uyumsuzluk ve enfeksiyon riski ta\u015f\u0131mas\u0131 a\u00e7\u0131s\u0131ndan sterilizasyona uygun de\u011fildir.<\/p>\n<p>Hava, hortum sistemi \u00fczerinden hastaya sevk edilmektedir. Hortum sistemi, k\u0131vr\u0131ml\u0131 hortum, bas\u0131n\u00e7 \u00f6l\u00e7me hortumu ve adapt\u00f6r par\u00e7alar\u0131ndan olu\u015fmaktad\u0131r.<\/p>","protected":false},"excerpt":{"rendered":"<p>Mekanik Ventilat\u00f6r Solunum Devreleri, hastalar\u0131n evde bak\u0131m\u0131n\u0131 yapmak amac\u0131yla kullan\u0131l\u0131r.<\/p>","protected":false},"featured_media":17979,"template":"","meta":[],"product_cat":[149],"product_tag":[],"class_list":{"0":"post-17977","1":"product","2":"type-product","3":"status-publish","4":"has-post-thumbnail","6":"product_cat-ventilator-devreleri","7":"ts_product_brand-lowenstein","9":"first","10":"outofstock","11":"shipping-taxable","12":"product-type-simple"},"_links":{"self":[{"href":"https:\/\/www.dayemedikal.com\/en\/wp-json\/wp\/v2\/product\/17977"}],"collection":[{"href":"https:\/\/www.dayemedikal.com\/en\/wp-json\/wp\/v2\/product"}],"about":[{"href":"https:\/\/www.dayemedikal.com\/en\/wp-json\/wp\/v2\/types\/product"}],"wp:featuredmedia":[{"embeddable":true,"href":"https:\/\/www.dayemedikal.com\/en\/wp-json\/wp\/v2\/media\/17979"}],"wp:attachment":[{"href":"https:\/\/www.dayemedikal.com\/en\/wp-json\/wp\/v2\/media?parent=17977"}],"wp:term":[{"taxonomy":"product_cat","embeddable":true,"href":"https:\/\/www.dayemedikal.com\/en\/wp-json\/wp\/v2\/product_cat?post=17977"},{"taxonomy":"product_tag","embeddable":true,"href":"https:\/\/www.dayemedikal.com\/en\/wp-json\/wp\/v2\/product_tag?post=17977"}],"curies":[{"name":"wp","href":"https:\/\/api.w.org\/{rel}","templated":true}]}}