{"id":17997,"date":"2021-05-25T08:24:54","date_gmt":"2021-05-25T05:24:54","guid":{"rendered":"https:\/\/www.dayemedikal.com\/?post_type=product&#038;p=17997"},"modified":"2024-11-11T16:25:44","modified_gmt":"2024-11-11T13:25:44","slug":"lowenstein-weinmann-somno-serisi-cihaz-filtresi","status":"publish","type":"product","link":"https:\/\/www.dayemedikal.com\/en\/product\/lowenstein-weinmann-somno-serisi-cihaz-filtresi\/","title":{"rendered":"L\u00f6wenstein (Weinmann) Somno Serisi Cihaz Filtresi"},"content":{"rendered":"<p>Cihazlar\u0131n hava filtreleri(s\u00fcnger)<\/p>\n<p>Paket \u0130\u00e7eri\u011fi:<\/p>\n<ul>\n<li>1 Adet Beyaz Renkli Hava Filtresi<\/li>\n<li>1 Adet Siyah S\u00fcnger<\/li>\n<\/ul>","protected":false},"excerpt":{"rendered":"<p>Paket \u0130\u00e7eri\u011fi:<\/p>\n<ul>\n<li>1 Adet Beyaz Renkli Hava Filtresi<\/li>\n<li>1 Adet Siyah S\u00fcnger<\/li>\n<\/ul>","protected":false},"featured_media":18661,"template":"","meta":[],"product_cat":[146],"product_tag":[],"class_list":{"0":"post-17997","1":"product","2":"type-product","3":"status-publish","4":"has-post-thumbnail","6":"product_cat-filtreler","7":"product_shipping_class-maskebandajivefiltreler","8":"ts_product_brand-lowenstein","10":"first","11":"outofstock","12":"shipping-taxable","13":"product-type-simple"},"_links":{"self":[{"href":"https:\/\/www.dayemedikal.com\/en\/wp-json\/wp\/v2\/product\/17997"}],"collection":[{"href":"https:\/\/www.dayemedikal.com\/en\/wp-json\/wp\/v2\/product"}],"about":[{"href":"https:\/\/www.dayemedikal.com\/en\/wp-json\/wp\/v2\/types\/product"}],"wp:featuredmedia":[{"embeddable":true,"href":"https:\/\/www.dayemedikal.com\/en\/wp-json\/wp\/v2\/media\/18661"}],"wp:attachment":[{"href":"https:\/\/www.dayemedikal.com\/en\/wp-json\/wp\/v2\/media?parent=17997"}],"wp:term":[{"taxonomy":"product_cat","embeddable":true,"href":"https:\/\/www.dayemedikal.com\/en\/wp-json\/wp\/v2\/product_cat?post=17997"},{"taxonomy":"product_tag","embeddable":true,"href":"https:\/\/www.dayemedikal.com\/en\/wp-json\/wp\/v2\/product_tag?post=17997"}],"curies":[{"name":"wp","href":"https:\/\/api.w.org\/{rel}","templated":true}]}}