{"id":17999,"date":"2021-05-25T08:25:53","date_gmt":"2021-05-25T05:25:53","guid":{"rendered":"https:\/\/www.dayemedikal.com\/?post_type=product&#038;p=17999"},"modified":"2024-11-11T16:24:56","modified_gmt":"2024-11-11T13:24:56","slug":"lowenstein-weinmann-prisma-serisi-cihaz-filtresi","status":"publish","type":"product","link":"https:\/\/www.dayemedikal.com\/en\/product\/lowenstein-weinmann-prisma-serisi-cihaz-filtresi\/","title":{"rendered":"L\u00f6wenstein (Weinmann) Prisma Serisi Cihaz Filtresi"},"content":{"rendered":"<p>Cihazlar\u0131n hava filtreleri(s\u00fcnger)<\/p>","protected":false},"excerpt":{"rendered":"<p>Cihazlar\u0131n hava filtreleri(s\u00fcnger)<\/p>","protected":false},"featured_media":18000,"template":"","meta":[],"product_cat":[146],"product_tag":[],"class_list":{"0":"post-17999","1":"product","2":"type-product","3":"status-publish","4":"has-post-thumbnail","6":"product_cat-filtreler","7":"product_shipping_class-maskebandajivefiltreler","8":"ts_product_brand-lowenstein","10":"first","11":"instock","12":"shipping-taxable","13":"product-type-simple"},"_links":{"self":[{"href":"https:\/\/www.dayemedikal.com\/en\/wp-json\/wp\/v2\/product\/17999"}],"collection":[{"href":"https:\/\/www.dayemedikal.com\/en\/wp-json\/wp\/v2\/product"}],"about":[{"href":"https:\/\/www.dayemedikal.com\/en\/wp-json\/wp\/v2\/types\/product"}],"wp:featuredmedia":[{"embeddable":true,"href":"https:\/\/www.dayemedikal.com\/en\/wp-json\/wp\/v2\/media\/18000"}],"wp:attachment":[{"href":"https:\/\/www.dayemedikal.com\/en\/wp-json\/wp\/v2\/media?parent=17999"}],"wp:term":[{"taxonomy":"product_cat","embeddable":true,"href":"https:\/\/www.dayemedikal.com\/en\/wp-json\/wp\/v2\/product_cat?post=17999"},{"taxonomy":"product_tag","embeddable":true,"href":"https:\/\/www.dayemedikal.com\/en\/wp-json\/wp\/v2\/product_tag?post=17999"}],"curies":[{"name":"wp","href":"https:\/\/api.w.org\/{rel}","templated":true}]}}